{"id":2615,"date":"2025-11-06T09:59:55","date_gmt":"2025-11-06T08:59:55","guid":{"rendered":"https:\/\/www.magic-hill.cz\/zivot-v-magic-hill\/zaci-tvori\/"},"modified":"2026-03-24T10:54:08","modified_gmt":"2026-03-24T09:54:08","slug":"zaci-tvori","status":"publish","type":"page","link":"https:\/\/www.magic-hill.cz\/en\/zivot-v-magic-hill\/zaci-tvori\/","title":{"rendered":"\u017d\u00e1ci tvo\u0159\u00ed"},"content":{"rendered":"<section class=\"base-section u-posr\">\n  <div class=\"base-section__container d-flex flex-column gap-7 container\">\n        \n<header class=\"base-header d-flex flex-column align-items-center text-center gap-2\">\n\n  \n  <h1 class=\"base-heading mb-0 u-fw-600 u-text-balance u-h1\">\n            \u017d\u00e1ci tvo\u0159\u00ed\n      <\/h1>\n\n  \n  \n  \n\n<\/header>\n\n\n  \n      <\/div>\n\n  <\/section>\n\n\n<section class=\"base-section u-posr\">\n  <div class=\"base-section__container d-flex flex-column gap-7 container\">\n        \n\n\n<div class=\"g-signpost row gy-4 justify-content-center --cols-2\">\n      <div class=\"g-signpost__cell col-xxl-6 col-md-6\">\n      \n\n\n<a class=\"i-signpost d-flex flex-column gap-2 h-100 --default\" href=\"\/texty-a-tvurci-psani\" title=\"Texty a tv\u016fr\u010d\u00ed psan\u00ed\">\n\n      <div class=\"i-signpost__image-link u-img-hover flex-shrink-0 u-radius-sm\">\n      \n<div class=\"img u-posr overflow-hidden d-block --cover --placeholder  --ratio-4:3\">\n  <picture>\n    \n    <img loading=\"lazy\" decoding=\"async\" src=\"\" data-src=\"https:\/\/www.magic-hill.cz\/wp-content\/uploads\/2025\/10\/zakladniskoladlazdice-447x590-c-688x516-c-center.webp\" alt=\"Texty a tv\u016fr\u010d\u00ed psan\u00ed\" width=\"688\" height=\"516\" draggable=\"false\" srcset=\"\" data-srcset=\"https:\/\/www.magic-hill.cz\/wp-content\/uploads\/2025\/10\/zakladniskoladlazdice-447x590-c-688x516-c-center.webp 1x, https:\/\/www.magic-hill.cz\/wp-content\/uploads\/2025\/10\/zakladniskoladlazdice-447x590-c-1376x1032-c-center.webp 2x\">\n  <\/picture>\n<\/div>\n    <\/div>\n  \n  <div class=\"i-signpost__body d-flex flex-column gap-2 h-100\">\n    <div class=\"i-signpost__content d-flex flex-column gap-2\">\n      <h3 class=\"base-heading mb-0 u-fw-600 u-text-balance u-h4\">\n            <span class=\"i-signpost__heading d-block u-color-primary-900 u-text-balance\">Texty a tv\u016fr\u010d\u00ed psan\u00ed<\/span>\n        <\/h3>\n\n      \n          <\/div>\n\n          <div class=\"i-signpost__button d-flex justify-content-center mt-auto\">\n        <span class=\"btn u-posr u-cursor-pointer d-inline-flex gap-1 align-items-center justify-content-center flex-nowrap flex-shrink-0 --primary --sm --animated --animation-right    --full-width w-100 w-100 w-1-auto\">\n      <span class=\"btn__title text-center\">\n      Pod\u00edvat se\n    <\/span>\n  \n      <span class=\"btn__icon d-flex align-items-center justify-content-center flex-shrink-0\">\n                \n  <span class=\"icon d-flex align-items-center justify-content-center\">\n          <svg width=\"24\" height=\"24\" viewBox=\"0 0 24 24\" fill=\"none\" xmlns=\"http:\/\/www.w3.org\/2000\/svg\">\n<path fill-rule=\"evenodd\" clip-rule=\"evenodd\" d=\"M15.5965 12L6 1.33552L7.20177 0L18 12L7.20177 24L6 22.6645L15.5965 12Z\" fill=\"#0E162C\"\/>\n<\/svg>\n      <\/span>\n          <\/span>\n  <\/span>\n      <\/div>\n      <\/div>\n\n<\/a>\n    <\/div>\n      <div class=\"g-signpost__cell col-xxl-6 col-md-6\">\n      \n\n\n<a class=\"i-signpost d-flex flex-column gap-2 h-100 --default\" href=\"\/vytvarne-prace\" title=\"V\u00fdtvarn\u00e9 pr\u00e1ce\">\n\n      <div class=\"i-signpost__image-link u-img-hover flex-shrink-0 u-radius-sm\">\n      \n<div class=\"img u-posr overflow-hidden d-block --cover --placeholder  --ratio-4:3\">\n  <picture>\n    \n    <img loading=\"lazy\" decoding=\"async\" src=\"\" data-src=\"https:\/\/www.magic-hill.cz\/wp-content\/uploads\/2025\/12\/PHOTO-2025-12-01-16-10-21-003-688x516-c-center.webp\" alt=\"V\u00fdtvarn\u00e9 pr\u00e1ce\" width=\"688\" height=\"516\" draggable=\"false\" srcset=\"\" data-srcset=\"https:\/\/www.magic-hill.cz\/wp-content\/uploads\/2025\/12\/PHOTO-2025-12-01-16-10-21-003-688x516-c-center.webp 1x, https:\/\/www.magic-hill.cz\/wp-content\/uploads\/2025\/12\/PHOTO-2025-12-01-16-10-21-003-1376x1032-c-center.webp 2x\">\n  <\/picture>\n<\/div>\n    <\/div>\n  \n  <div class=\"i-signpost__body d-flex flex-column gap-2 h-100\">\n    <div class=\"i-signpost__content d-flex flex-column gap-2\">\n      <h3 class=\"base-heading mb-0 u-fw-600 u-text-balance u-h4\">\n            <span class=\"i-signpost__heading d-block u-color-primary-900 u-text-balance\">V\u00fdtvarn\u00e9 pr\u00e1ce<\/span>\n        <\/h3>\n\n      \n          <\/div>\n\n          <div class=\"i-signpost__button d-flex justify-content-center mt-auto\">\n        <span class=\"btn u-posr u-cursor-pointer d-inline-flex gap-1 align-items-center justify-content-center flex-nowrap flex-shrink-0 --primary --sm --animated --animation-right    --full-width w-100 w-100 w-1-auto\">\n      <span class=\"btn__title text-center\">\n      Pod\u00edvat se\n    <\/span>\n  \n      <span class=\"btn__icon d-flex align-items-center justify-content-center flex-shrink-0\">\n                \n  <span class=\"icon d-flex align-items-center justify-content-center\">\n          <svg width=\"24\" height=\"24\" viewBox=\"0 0 24 24\" fill=\"none\" xmlns=\"http:\/\/www.w3.org\/2000\/svg\">\n<path fill-rule=\"evenodd\" clip-rule=\"evenodd\" d=\"M15.5965 12L6 1.33552L7.20177 0L18 12L7.20177 24L6 22.6645L15.5965 12Z\" fill=\"#0E162C\"\/>\n<\/svg>\n      <\/span>\n          <\/span>\n  <\/span>\n      <\/div>\n      <\/div>\n\n<\/a>\n    <\/div>\n  <\/div>\n\n\n  \n      <\/div>\n\n  <\/section>\n\n\n\n<p><\/p>\n","protected":false},"excerpt":{"rendered":"","protected":false},"author":1,"featured_media":0,"parent":2589,"menu_order":0,"comment_status":"closed","ping_status":"closed","template":"","meta":{"footnotes":""},"class_list":["post-2615","page","type-page","status-publish","hentry"],"yoast_head":"<!-- This site is optimized with the Yoast SEO plugin v25.9 - https:\/\/yoast.com\/wordpress\/plugins\/seo\/ -->\n<title>\u017d\u00e1ci tvo\u0159\u00ed - Magic Hill - \u0160kola, kde rosteme spolu.<\/title>\n<meta name=\"robots\" content=\"index, follow, max-snippet:-1, max-image-preview:large, max-video-preview:-1\" \/>\n<link rel=\"canonical\" href=\"https:\/\/www.magic-hill.cz\/en\/zivot-v-magic-hill\/zaci-tvori\/\" \/>\n<meta property=\"og:locale\" content=\"en_US\" \/>\n<meta property=\"og:type\" content=\"article\" \/>\n<meta property=\"og:title\" content=\"\u017d\u00e1ci tvo\u0159\u00ed - Magic Hill - \u0160kola, kde rosteme spolu.\" \/>\n<meta property=\"og:url\" content=\"https:\/\/www.magic-hill.cz\/en\/zivot-v-magic-hill\/zaci-tvori\/\" \/>\n<meta property=\"og:site_name\" content=\"Magic Hill - \u0160kola, kde rosteme spolu.\" \/>\n<meta property=\"article:modified_time\" content=\"2026-03-24T09:54:08+00:00\" \/>\n<meta property=\"og:image\" content=\"https:\/\/www.magic-hill.cz\/wp-content\/uploads\/2025\/12\/ChatGPT-Image-15.-12.-2025-11_27_00-1024x683.png\" \/>\n\t<meta property=\"og:image:width\" content=\"1024\" \/>\n\t<meta property=\"og:image:height\" content=\"683\" \/>\n\t<meta property=\"og:image:type\" content=\"image\/png\" \/>\n<meta name=\"twitter:card\" content=\"summary_large_image\" \/>\n<!-- \/ Yoast SEO plugin. -->","yoast_head_json":{"title":"\u017d\u00e1ci tvo\u0159\u00ed - Magic Hill - \u0160kola, kde rosteme spolu.","robots":{"index":"index","follow":"follow","max-snippet":"max-snippet:-1","max-image-preview":"max-image-preview:large","max-video-preview":"max-video-preview:-1"},"canonical":"https:\/\/www.magic-hill.cz\/en\/zivot-v-magic-hill\/zaci-tvori\/","og_locale":"en_US","og_type":"article","og_title":"\u017d\u00e1ci tvo\u0159\u00ed - Magic Hill - \u0160kola, kde rosteme spolu.","og_url":"https:\/\/www.magic-hill.cz\/en\/zivot-v-magic-hill\/zaci-tvori\/","og_site_name":"Magic Hill - \u0160kola, kde rosteme spolu.","article_modified_time":"2026-03-24T09:54:08+00:00","og_image":[{"width":1024,"height":683,"url":"https:\/\/www.magic-hill.cz\/wp-content\/uploads\/2025\/12\/ChatGPT-Image-15.-12.-2025-11_27_00-1024x683.png","type":"image\/png"}],"twitter_card":"summary_large_image","schema":{"@context":"https:\/\/schema.org","@graph":[{"@type":"WebPage","@id":"https:\/\/www.magic-hill.cz\/en\/zivot-v-magic-hill\/zaci-tvori\/","url":"https:\/\/www.magic-hill.cz\/en\/zivot-v-magic-hill\/zaci-tvori\/","name":"\u017d\u00e1ci tvo\u0159\u00ed - Magic Hill - \u0160kola, kde rosteme spolu.","isPartOf":{"@id":"https:\/\/www.magic-hill.cz\/en\/#website"},"datePublished":"2025-11-06T08:59:55+00:00","dateModified":"2026-03-24T09:54:08+00:00","breadcrumb":{"@id":"https:\/\/www.magic-hill.cz\/en\/zivot-v-magic-hill\/zaci-tvori\/#breadcrumb"},"inLanguage":"en-US","potentialAction":[{"@type":"ReadAction","target":["https:\/\/www.magic-hill.cz\/en\/zivot-v-magic-hill\/zaci-tvori\/"]}]},{"@type":"BreadcrumbList","@id":"https:\/\/www.magic-hill.cz\/en\/zivot-v-magic-hill\/zaci-tvori\/#breadcrumb","itemListElement":[{"@type":"ListItem","position":1,"name":"Dom\u016f","item":"https:\/\/www.magic-hill.cz\/en\/"},{"@type":"ListItem","position":2,"name":"\u017divot v Magic Hill","item":"https:\/\/www.magic-hill.cz\/en\/zivot-v-magic-hill\/"},{"@type":"ListItem","position":3,"name":"\u017d\u00e1ci tvo\u0159\u00ed"}]},{"@type":"WebSite","@id":"https:\/\/www.magic-hill.cz\/en\/#website","url":"https:\/\/www.magic-hill.cz\/en\/","name":"Magic Hill - \u0160kola, kde rosteme spolu.","description":"","potentialAction":[{"@type":"SearchAction","target":{"@type":"EntryPoint","urlTemplate":"https:\/\/www.magic-hill.cz\/en\/?s={search_term_string}"},"query-input":{"@type":"PropertyValueSpecification","valueRequired":true,"valueName":"search_term_string"}}],"inLanguage":"en-US"}]}},"_links":{"self":[{"href":"https:\/\/www.magic-hill.cz\/en\/wp-json\/wp\/v2\/pages\/2615","targetHints":{"allow":["GET"]}}],"collection":[{"href":"https:\/\/www.magic-hill.cz\/en\/wp-json\/wp\/v2\/pages"}],"about":[{"href":"https:\/\/www.magic-hill.cz\/en\/wp-json\/wp\/v2\/types\/page"}],"author":[{"embeddable":true,"href":"https:\/\/www.magic-hill.cz\/en\/wp-json\/wp\/v2\/users\/1"}],"replies":[{"embeddable":true,"href":"https:\/\/www.magic-hill.cz\/en\/wp-json\/wp\/v2\/comments?post=2615"}],"version-history":[{"count":7,"href":"https:\/\/www.magic-hill.cz\/en\/wp-json\/wp\/v2\/pages\/2615\/revisions"}],"predecessor-version":[{"id":4010,"href":"https:\/\/www.magic-hill.cz\/en\/wp-json\/wp\/v2\/pages\/2615\/revisions\/4010"}],"up":[{"embeddable":true,"href":"https:\/\/www.magic-hill.cz\/en\/wp-json\/wp\/v2\/pages\/2589"}],"wp:attachment":[{"href":"https:\/\/www.magic-hill.cz\/en\/wp-json\/wp\/v2\/media?parent=2615"}],"curies":[{"name":"wp","href":"https:\/\/api.w.org\/{rel}","templated":true}]}}