{"id":2614,"date":"2025-11-20T10:39:11","date_gmt":"2025-11-20T09:39:11","guid":{"rendered":"https:\/\/www.magic-hill.cz\/zivot-v-magic-hill\/skolni-kuchyne\/ukazka-jidelnicku\/"},"modified":"2025-12-15T11:13:40","modified_gmt":"2025-12-15T10:13:40","slug":"ukazka-jidelnicku","status":"publish","type":"page","link":"https:\/\/www.magic-hill.cz\/en\/zivot-v-magic-hill\/skolni-kuchyne\/ukazka-jidelnicku\/","title":{"rendered":"Uk\u00e1zka j\u00eddeln\u00ed\u010dk\u016f"},"content":{"rendered":"<section class=\"base-section u-posr\">\n  <div class=\"base-section__container d-flex flex-column gap-7 container\">\n        \n<header class=\"base-header d-flex flex-column align-items-center text-center gap-2\">\n\n  \n  <h1 class=\"base-heading mb-0 u-fw-600 u-text-balance u-h1\">\n            Uk\u00e1zka j\u00eddeln\u00ed\u010dk\u016f\n      <\/h1>\n\n  \n  \n  \n\n<\/header>\n\n\n  \n      <\/div>\n\n  <\/section>\n\n\n<section class=\"base-section u-posr    --background\">\n  <div class=\"base-section__container d-flex flex-column gap-7 container\">\n        \n\n<div class=\"row justify-content-center\">\n  <div class=\"col-lg-8\">\n\n    <div class=\"entry-content\">\n\n<figure class=\"wp-block-table aligncenter\"><div class=\"table-responsive\"><table class=\"has-fixed-layout\"><tbody><tr><td><strong>Pol\u00e9vka<\/strong><\/td><td><strong>Menu 1 \u2013 kvalitn\u00ed \u010desk\u00e1 klasika v modern\u00edm pojet\u00ed<\/strong><\/td><td><strong>Menu 2 \u2013 modern\u00ed kuchyn\u011b, mezin\u00e1rodn\u00ed receptury<\/strong><\/td><td><strong>Menu 3 \u2013 vegetari\u00e1nsk\u00e1 kuchyn\u011b<\/strong><\/td><\/tr><tr><td>\u010co\u010dkov\u00e1 pol\u00e9vka<br>A:1,9<\/td><td>Bramborov\u00e9 noky se smetanov\u00fdm \u0161pen\u00e1tem a kousky ku\u0159ete,<br>A:1,3,7,9<\/td><td>Grilovan\u00e1 vep\u0159ov\u00e1 panenka s kuskusem a bylinkovou majon\u00e9zou, okurkov\u00fd sal\u00e1t<br>A:1,7<\/td><td>Tarho\u0148a s cizrnou a grilovanou zeleninou<br>A:1,9<\/td><\/tr><tr><td>\u010cesne\u010dka s chlebov\u00fdmi krutony<br>A:1,3,9<\/td><td>Ku\u0159ec\u00ed bulgureto se zeleninou a s\u00fdrem, \u0161lehan\u00fd tvaroh s ovocem<br>A:1,7,9<\/td><td>Sume\u010dek s tepl\u00fdm \u010do\u010dkov\u00fdm sal\u00e1tem<br>A:4,9<\/td><td>Zape\u010den\u00fd kv\u011bt\u00e1k s modr\u00fdm s\u00fdrem, brambory, \u0161lehan\u00fd tvaroh s ovocem<br>A:7<\/td><\/tr><tr><td>P\u00f3rkovo-bramborov\u00fd kr\u00e9m s libe\u010dkem<br>A:7,9<\/td><td>&nbsp;Vep\u0159ov\u00e1 pe\u010den\u011b s du\u0161en\u00fdm zel\u00edm, houskov\u00fd knedl\u00edk<br>A: 1, 3, 7<\/td><td>Vep\u0159ov\u00e1 panenka s h\u0159\u00edbkovou om\u00e1\u010dkou, \u0161\u0165ouchan\u00e9 brambory s jarn\u00ed cibulkou<br>A:1,7,9<\/td><td>Vegetari\u00e1nsk\u00e1 paella<br>A:9<\/td><\/tr><tr><td>Bor\u0161\u010d se zakysanou smetanou<br>A:1,9,10<\/td><td>Pe\u010den\u00e1 til\u00e1pie na bylink\u00e1ch s bramborovou ka\u0161\u00ed, raj\u010datov\u00fd sal\u00e1t<br>A:4,7<\/td><td>Hov\u011bz\u00ed ragout s ko\u0159enovou zeleninou, polentov\u00e1 ka\u0161e<br>A:1,7,9<\/td><td>Cuketov\u00e9 placi\u010dky, dom\u00e1c\u00ed dip, brambor, raj\u010datov\u00fd sal\u00e1t<\/td><\/tr><tr><td>Hov\u011bz\u00ed v\u00fdvar s kap\u00e1n\u00edm<br>A:1,3,7,9<\/td><td>&nbsp;\u010co\u010dka na kyselo, vejce, kysel\u00e1 okurka<br>A:1,7,9,10<\/td><td>Tortilla s ku\u0159ec\u00edmi stripsy&nbsp; a zeleninou<br>A:1,3<\/td><td>Gnocchi s raj\u010datovou om\u00e1\u010dkou<br>A:1,3,7,9<\/td><\/tr><tr><td>Rajsk\u00e1 pol\u00e9vka s t\u011bstovinami<br>A:1,7,9<\/td><td>Sv\u00ed\u010dkov\u00e1 hov\u011bz\u00ed pe\u010den\u011b na smetan\u011b s houskov\u00fdm knedl\u00edkem<br>A:1,3,7,9,10<\/td><td>Ku\u0159ec\u00ed steak s grilovanou zeleninou ope\u010den\u00fd brambor<br>A: 9<\/td><td>Bramborov\u00e9 \u0161i\u0161ky s m\u00e1kem<br>A:1,3,7,9<\/td><\/tr><tr><td>Hr\u00e1\u0161kov\u00e1 pol\u00e9vka&nbsp; s pestem<br>A:1,7,9<\/td><td>Kr\u016ft\u00ed kostky na \u010desneku , bramborov\u00fd knedl\u00edk, \u0161pen\u00e1t, dom\u00e1c\u00ed pern\u00edk<br>A: 1, 3, 9<\/td><td>P\u011bna z koz\u00edho s\u00fdra s pe\u010denou \u010dervenou \u0159epou a listy sal\u00e1tu, bagetka, dom\u00e1c\u00ed pern\u00edk<br>A:7,9<\/td><td>Gratinovan\u00e1 raj\u010data s mozarelou a bazalkou, bramborov\u00e1 ka\u0161e, dom\u00e1c\u00ed pern\u00edk<br>A:7<\/td><\/tr><tr><td>Bramborov\u00fd kr\u00e9m s \u010desnekem a libe\u010dkem<br>A:7,9<\/td><td>Ku\u0159e na paprice s t\u011bstovinami<br>A:1,7,9<\/td><td>Kr\u00e1li\u010d\u00ed ragout se zeleninou bramborov\u00e9 pyr\u00e9<br>A:1,7<\/td><td>Zape\u010den\u00e9 t\u011bstoviny s brokolic\u00ed a modr\u00fdm s\u00fdrem<br>A:1,3,7<\/td><\/tr><tr><td>Kulajda s houbami<br>A:1,3,7,9<\/td><td>Fl\u00ed\u010dky zape\u010den\u00e9 se \u0161unkou, vaj\u00ed\u010dkem a hr\u00e1\u0161kem, okurkov\u00fd sal\u00e1t<br>A:1,3,7,9,10<\/td><td>Bolo\u0148sk\u00e9 lasagne<br>A:1,3,7,9,12<\/td><td>Karban\u00e1tky z cukety a s\u00fdra s bramborovou ka\u0161\u00ed, okurkov\u00fd sal\u00e1t<br>A:1,3,7<\/td><\/tr><tr><td>Ku\u0159ec\u00ed v\u00fdvar se zeleninou a nudlemi<br>A:1,9<\/td><td>Koprov\u00e1 om\u00e1\u010dka, va\u0159en\u00fd brambor, vejce<br>A:1,3,7,9<\/td><td>Grilovan\u00fd hermel\u00edn, listov\u00fd sal\u00e1t s ho\u0159\u010di\u010dn\u00fdm dresinkem a bagetkou<br>A:1,3,7,10<\/td><td>L\u00edvance s bor\u016fvkovou om\u00e1\u010dkou<br>A:1,3,7<\/td><\/tr><tr><td>Minestrone<br>A:9<\/td><td>Pe\u010den\u00e9 ku\u0159ec\u00ed stehno se \u0161\u0165ouchan\u00fdmi bramborami s jarn\u00ed cibulkou<br>A: 1,7<\/td><td>Pe\u010den\u00e1 vep\u0159ov\u00e1 panenka s pep\u0159ovou om\u00e1\u010dkou, gratinovan\u00e9 brambory<br>A: 1,7,9<\/td><td>Tepl\u00fd pohankov\u00fd sal\u00e1t s grilovanou zeleninou<br>A:1,3<\/td><\/tr><tr><td>Hr\u00e1\u0161kov\u00e1 pol\u00e9vka s parmaz\u00e1nem<br>A:1,7,9<\/td><td>Sma\u017een\u00e1 treska s lehk\u00fdm bramborov\u00fdm sal\u00e1tem<br>A:1,3,4,7<\/td><td>Caesar sal\u00e1t s ku\u0159ec\u00edm masem, krutony a parmez\u00e1nem<br>A:1,3<\/td><td>Rol\u00e1da z listov\u00e9ho t\u011bsta se \u0161pen\u00e1tem&nbsp; a s\u00fdrem, va\u0159en\u00e9 brambory<br>A:1,3,7<\/td><\/tr><tr><td>Mrkvov\u00fd kr\u00e9m se z\u00e1zvorem<br>A:7<\/td><td>Hambursk\u00e1 vep\u0159ov\u00e1 pe\u010den\u011b s houskov\u00fdm knedl\u00edkem<br>A:1,3,7,9,10<\/td><td>Medailonky z vep\u0159ov\u00e9 panenky v s\u00fdrov\u00e9m t\u011bst\u00ed\u010dku, pe\u010den\u00e9 brambory<br>A:1,3,7<\/td><td>Quiche se \u0161pen\u00e1tem<br>A:1,3,4,7<\/td><\/tr><tr><td>\u010cesne\u010dka s chlebov\u00fdmi krutony<br>A:1,3,9<\/td><td>Karban\u00e1tek se s\u00fdrem Feta, \u0161\u0165ouchan\u00e9 brambory s jarn\u00ed cibulkou, zeln\u00fd sal\u00e1t s koprem<br>A:1,3,7<\/td><td>Rakousk\u00fd kynut\u00fd knedl\u00edk s povidly a vanilkovou om\u00e1\u010dkou<br>A:1,3,7<\/td><td>Pe\u010den\u00e1 ko\u0159enov\u00e1 zelenina s \u010dervenou \u0159epou a p\u011bnou z koz\u00edho s\u00fdra s medem a o\u0159echy, bagetka<br>A:1,3,7<\/td><\/tr><\/tbody><\/table><\/div><\/figure>\n\n<\/div>\n\n  <\/div>\n<\/div>\n\n\n  \n      <\/div>\n\n  <\/section>\n","protected":false},"excerpt":{"rendered":"","protected":false},"author":1,"featured_media":0,"parent":2610,"menu_order":0,"comment_status":"closed","ping_status":"closed","template":"","meta":{"footnotes":""},"class_list":["post-2614","page","type-page","status-publish","hentry"],"yoast_head":"<!-- This site is optimized with the Yoast SEO plugin v25.9 - https:\/\/yoast.com\/wordpress\/plugins\/seo\/ -->\n<title>Uk\u00e1zka j\u00eddeln\u00ed\u010dk\u016f - Magic Hill - \u0160kola, kde rosteme spolu.<\/title>\n<meta name=\"robots\" content=\"index, follow, max-snippet:-1, max-image-preview:large, max-video-preview:-1\" \/>\n<link rel=\"canonical\" href=\"https:\/\/www.magic-hill.cz\/zivot-v-magic-hill\/skolni-kuchyne\/ukazka-jidelnicku\/\" \/>\n<meta property=\"og:locale\" content=\"en_US\" \/>\n<meta property=\"og:type\" content=\"article\" \/>\n<meta property=\"og:title\" content=\"Uk\u00e1zka j\u00eddeln\u00ed\u010dk\u016f - Magic Hill - \u0160kola, kde rosteme spolu.\" \/>\n<meta property=\"og:url\" content=\"https:\/\/www.magic-hill.cz\/zivot-v-magic-hill\/skolni-kuchyne\/ukazka-jidelnicku\/\" \/>\n<meta property=\"og:site_name\" content=\"Magic Hill - \u0160kola, kde rosteme spolu.\" \/>\n<meta property=\"article:modified_time\" content=\"2025-12-15T10:13:40+00:00\" \/>\n<meta property=\"og:image\" content=\"https:\/\/www.magic-hill.cz\/wp-content\/uploads\/2025\/12\/ChatGPT-Image-15.-12.-2025-11_27_00-1024x683.png\" \/>\n\t<meta property=\"og:image:width\" content=\"1024\" \/>\n\t<meta property=\"og:image:height\" content=\"683\" \/>\n\t<meta property=\"og:image:type\" content=\"image\/png\" \/>\n<meta name=\"twitter:card\" content=\"summary_large_image\" \/>\n<meta name=\"twitter:label1\" content=\"Est. reading time\" \/>\n\t<meta name=\"twitter:data1\" content=\"3 minutes\" \/>\n<!-- \/ Yoast SEO plugin. -->","yoast_head_json":{"title":"Uk\u00e1zka j\u00eddeln\u00ed\u010dk\u016f - Magic Hill - \u0160kola, kde rosteme spolu.","robots":{"index":"index","follow":"follow","max-snippet":"max-snippet:-1","max-image-preview":"max-image-preview:large","max-video-preview":"max-video-preview:-1"},"canonical":"https:\/\/www.magic-hill.cz\/zivot-v-magic-hill\/skolni-kuchyne\/ukazka-jidelnicku\/","og_locale":"en_US","og_type":"article","og_title":"Uk\u00e1zka j\u00eddeln\u00ed\u010dk\u016f - Magic Hill - \u0160kola, kde rosteme spolu.","og_url":"https:\/\/www.magic-hill.cz\/zivot-v-magic-hill\/skolni-kuchyne\/ukazka-jidelnicku\/","og_site_name":"Magic Hill - \u0160kola, kde rosteme spolu.","article_modified_time":"2025-12-15T10:13:40+00:00","og_image":[{"width":1024,"height":683,"url":"https:\/\/www.magic-hill.cz\/wp-content\/uploads\/2025\/12\/ChatGPT-Image-15.-12.-2025-11_27_00-1024x683.png","type":"image\/png"}],"twitter_card":"summary_large_image","twitter_misc":{"Est. reading time":"3 minutes"},"schema":{"@context":"https:\/\/schema.org","@graph":[{"@type":"WebPage","@id":"https:\/\/www.magic-hill.cz\/zivot-v-magic-hill\/skolni-kuchyne\/ukazka-jidelnicku\/","url":"https:\/\/www.magic-hill.cz\/zivot-v-magic-hill\/skolni-kuchyne\/ukazka-jidelnicku\/","name":"Uk\u00e1zka j\u00eddeln\u00ed\u010dk\u016f - Magic Hill - \u0160kola, kde rosteme spolu.","isPartOf":{"@id":"https:\/\/www.magic-hill.cz\/en\/#website"},"datePublished":"2025-11-20T09:39:11+00:00","dateModified":"2025-12-15T10:13:40+00:00","breadcrumb":{"@id":"https:\/\/www.magic-hill.cz\/zivot-v-magic-hill\/skolni-kuchyne\/ukazka-jidelnicku\/#breadcrumb"},"inLanguage":"en-US","potentialAction":[{"@type":"ReadAction","target":["https:\/\/www.magic-hill.cz\/zivot-v-magic-hill\/skolni-kuchyne\/ukazka-jidelnicku\/"]}]},{"@type":"BreadcrumbList","@id":"https:\/\/www.magic-hill.cz\/zivot-v-magic-hill\/skolni-kuchyne\/ukazka-jidelnicku\/#breadcrumb","itemListElement":[{"@type":"ListItem","position":1,"name":"Dom\u016f","item":"https:\/\/www.magic-hill.cz\/en\/"},{"@type":"ListItem","position":2,"name":"\u017divot v Magic Hill","item":"https:\/\/www.magic-hill.cz\/en\/zivot-v-magic-hill\/"},{"@type":"ListItem","position":3,"name":"School kitchen","item":"https:\/\/www.magic-hill.cz\/en\/zivot-v-magic-hill\/skolni-kuchyne\/"},{"@type":"ListItem","position":4,"name":"Uk\u00e1zka j\u00eddeln\u00ed\u010dk\u016f"}]},{"@type":"WebSite","@id":"https:\/\/www.magic-hill.cz\/en\/#website","url":"https:\/\/www.magic-hill.cz\/en\/","name":"Magic Hill - \u0160kola, kde rosteme spolu.","description":"","potentialAction":[{"@type":"SearchAction","target":{"@type":"EntryPoint","urlTemplate":"https:\/\/www.magic-hill.cz\/en\/?s={search_term_string}"},"query-input":{"@type":"PropertyValueSpecification","valueRequired":true,"valueName":"search_term_string"}}],"inLanguage":"en-US"}]}},"_links":{"self":[{"href":"https:\/\/www.magic-hill.cz\/en\/wp-json\/wp\/v2\/pages\/2614","targetHints":{"allow":["GET"]}}],"collection":[{"href":"https:\/\/www.magic-hill.cz\/en\/wp-json\/wp\/v2\/pages"}],"about":[{"href":"https:\/\/www.magic-hill.cz\/en\/wp-json\/wp\/v2\/types\/page"}],"author":[{"embeddable":true,"href":"https:\/\/www.magic-hill.cz\/en\/wp-json\/wp\/v2\/users\/1"}],"replies":[{"embeddable":true,"href":"https:\/\/www.magic-hill.cz\/en\/wp-json\/wp\/v2\/comments?post=2614"}],"version-history":[{"count":1,"href":"https:\/\/www.magic-hill.cz\/en\/wp-json\/wp\/v2\/pages\/2614\/revisions"}],"predecessor-version":[{"id":3418,"href":"https:\/\/www.magic-hill.cz\/en\/wp-json\/wp\/v2\/pages\/2614\/revisions\/3418"}],"up":[{"embeddable":true,"href":"https:\/\/www.magic-hill.cz\/en\/wp-json\/wp\/v2\/pages\/2610"}],"wp:attachment":[{"href":"https:\/\/www.magic-hill.cz\/en\/wp-json\/wp\/v2\/media?parent=2614"}],"curies":[{"name":"wp","href":"https:\/\/api.w.org\/{rel}","templated":true}]}}