{"id":2604,"date":"2025-11-20T11:11:13","date_gmt":"2025-11-20T10:11:13","guid":{"rendered":"https:\/\/www.magic-hill.cz\/zivot-v-magic-hill\/pomahame-a-podporujeme\/sbirky\/"},"modified":"2026-03-25T08:44:08","modified_gmt":"2026-03-25T07:44:08","slug":"sbirky","status":"publish","type":"page","link":"https:\/\/www.magic-hill.cz\/en\/zivot-v-magic-hill\/pomahame-a-podporujeme\/sbirky\/","title":{"rendered":"Sb\u00edrky"},"content":{"rendered":"<section class=\"base-section u-posr\">\n  <div class=\"base-section__container d-flex flex-column gap-7 container\">\n        \n<header class=\"base-header d-flex flex-column align-items-center text-center gap-2\">\n\n  \n  <h1 class=\"base-heading mb-0 u-fw-600 u-text-balance u-h1\">\n            Sb\u00edrky\n      <\/h1>\n\n  \n  \n  \n\n<\/header>\n\n\n  \n      <\/div>\n\n  <\/section>\n\n\n<section class=\"base-section u-posr    --background\">\n  <div class=\"base-section__container d-flex flex-column gap-7 container\">\n        \n<header class=\"base-header d-flex flex-column align-items-center text-center gap-2\">\n\n  \n  <h2 class=\"base-heading mb-0 u-fw-600 u-text-balance u-h2\">\n            Den b\u00fdt spolu\n      <\/h2>\n\n      <div class=\"base-header__description entry-content mb-0\">Zapojili jsme se do v\u00fdzvy Nada\u010dn\u00edho fondu Viki. Mal\u00e9 gesto, objet\u00ed a n\u011bco fialov\u00e9ho na sebe jako symbol podpory d\u011btem proch\u00e1zej\u00edc\u00edm onkologickou l\u00e9\u010dbou.<\/div>\n  \n  \n  \n\n<\/header>\n\n\n\n\n<div class=\"g-simple-gallery row justify-content-center g-2 g-md-4 --cols-2\">\n      <div class=\"g-simple-gallery__cell col-xxl-6 col-md-6\">\n      \n\n\n<div class=\"i-simple-gallery overflow-hidden u-radius-sm u-img-hover u-cursor-pointer d-flex flex-column h-100\" data-src=\"https:\/\/www.magic-hill.cz\/wp-content\/uploads\/2026\/03\/Prezentace1-1-1024x0-c-center.webp\" data-srcset=\"https:\/\/www.magic-hill.cz\/wp-content\/uploads\/2026\/03\/Prezentace1-1-1024x0-c-center.webp 1x, https:\/\/www.magic-hill.cz\/wp-content\/uploads\/2026\/03\/Prezentace1-1-2048x0-c-center.webp 2x\">\n      <div class=\"\">\n      \n<div class=\"img u-posr overflow-hidden d-block --cover --placeholder\">\n  <picture>\n    \n    <img loading=\"lazy\" decoding=\"async\" src=\"\" data-src=\"https:\/\/www.magic-hill.cz\/wp-content\/uploads\/2026\/03\/Prezentace1-1-720x540-c-center.webp\" alt=\"Sb\u00edrky - Magic Hill - \u0160kola, kde rosteme spolu.\" width=\"720\" height=\"540\" draggable=\"false\" srcset=\"\" data-srcset=\"https:\/\/www.magic-hill.cz\/wp-content\/uploads\/2026\/03\/Prezentace1-1-720x540-c-center.webp 1x, https:\/\/www.magic-hill.cz\/wp-content\/uploads\/2026\/03\/Prezentace1-1-1440x1080-c-center.webp 2x\">\n  <\/picture>\n<\/div>\n    <\/div>\n    <\/div>\n    <\/div>\n      <div class=\"g-simple-gallery__cell col-xxl-6 col-md-6\">\n      \n\n\n<div class=\"i-simple-gallery overflow-hidden u-radius-sm u-img-hover u-cursor-pointer d-flex flex-column h-100\" data-src=\"https:\/\/www.magic-hill.cz\/wp-content\/uploads\/2026\/03\/655023477_18172187167402180_6669234362206780323_n-1-1024x0-c-center.webp\" data-srcset=\"https:\/\/www.magic-hill.cz\/wp-content\/uploads\/2026\/03\/655023477_18172187167402180_6669234362206780323_n-1-1024x0-c-center.webp 1x, https:\/\/www.magic-hill.cz\/wp-content\/uploads\/2026\/03\/655023477_18172187167402180_6669234362206780323_n-1-2048x0-c-center.webp 2x\">\n      <div class=\"\">\n      \n<div class=\"img u-posr overflow-hidden d-block --cover --placeholder\">\n  <picture>\n    \n    <img loading=\"lazy\" decoding=\"async\" src=\"\" data-src=\"https:\/\/www.magic-hill.cz\/wp-content\/uploads\/2026\/03\/655023477_18172187167402180_6669234362206780323_n-1-720x540-c-center.webp\" alt=\"Sb\u00edrky - Magic Hill - \u0160kola, kde rosteme spolu.\" width=\"720\" height=\"540\" draggable=\"false\" srcset=\"\" data-srcset=\"https:\/\/www.magic-hill.cz\/wp-content\/uploads\/2026\/03\/655023477_18172187167402180_6669234362206780323_n-1-720x540-c-center.webp 1x, https:\/\/www.magic-hill.cz\/wp-content\/uploads\/2026\/03\/655023477_18172187167402180_6669234362206780323_n-1-1440x1080-c-center.webp 2x\">\n  <\/picture>\n<\/div>\n    <\/div>\n    <\/div>\n    <\/div>\n      <div class=\"g-simple-gallery__cell col-xxl-6 col-md-6\">\n      \n\n\n<div class=\"i-simple-gallery overflow-hidden u-radius-sm u-img-hover u-cursor-pointer d-flex flex-column h-100\" data-src=\"https:\/\/www.magic-hill.cz\/wp-content\/uploads\/2026\/03\/655031071_18172187176402180_6309272660729960147_n-1-1024x0-c-center.webp\" data-srcset=\"https:\/\/www.magic-hill.cz\/wp-content\/uploads\/2026\/03\/655031071_18172187176402180_6309272660729960147_n-1-1024x0-c-center.webp 1x, https:\/\/www.magic-hill.cz\/wp-content\/uploads\/2026\/03\/655031071_18172187176402180_6309272660729960147_n-1-2048x0-c-center.webp 2x\">\n      <div class=\"\">\n      \n<div class=\"img u-posr overflow-hidden d-block --cover --placeholder\">\n  <picture>\n    \n    <img loading=\"lazy\" decoding=\"async\" src=\"\" data-src=\"https:\/\/www.magic-hill.cz\/wp-content\/uploads\/2026\/03\/655031071_18172187176402180_6309272660729960147_n-1-720x540-c-center.webp\" alt=\"Sb\u00edrky - Magic Hill - \u0160kola, kde rosteme spolu.\" width=\"720\" height=\"540\" draggable=\"false\" srcset=\"\" data-srcset=\"https:\/\/www.magic-hill.cz\/wp-content\/uploads\/2026\/03\/655031071_18172187176402180_6309272660729960147_n-1-720x540-c-center.webp 1x, https:\/\/www.magic-hill.cz\/wp-content\/uploads\/2026\/03\/655031071_18172187176402180_6309272660729960147_n-1-1440x1080-c-center.webp 2x\">\n  <\/picture>\n<\/div>\n    <\/div>\n    <\/div>\n    <\/div>\n      <div class=\"g-simple-gallery__cell col-xxl-6 col-md-6\">\n      \n\n\n<div class=\"i-simple-gallery overflow-hidden u-radius-sm u-img-hover u-cursor-pointer d-flex flex-column h-100\" data-src=\"https:\/\/www.magic-hill.cz\/wp-content\/uploads\/2026\/03\/655223486_18172187212402180_3765730005162202596_n-1-1024x0-c-center.webp\" data-srcset=\"https:\/\/www.magic-hill.cz\/wp-content\/uploads\/2026\/03\/655223486_18172187212402180_3765730005162202596_n-1-1024x0-c-center.webp 1x, https:\/\/www.magic-hill.cz\/wp-content\/uploads\/2026\/03\/655223486_18172187212402180_3765730005162202596_n-1-2048x0-c-center.webp 2x\">\n      <div class=\"\">\n      \n<div class=\"img u-posr overflow-hidden d-block --cover --placeholder\">\n  <picture>\n    \n    <img loading=\"lazy\" decoding=\"async\" src=\"\" data-src=\"https:\/\/www.magic-hill.cz\/wp-content\/uploads\/2026\/03\/655223486_18172187212402180_3765730005162202596_n-1-720x540-c-center.webp\" alt=\"Sb\u00edrky - Magic Hill - \u0160kola, kde rosteme spolu.\" width=\"720\" height=\"540\" draggable=\"false\" srcset=\"\" data-srcset=\"https:\/\/www.magic-hill.cz\/wp-content\/uploads\/2026\/03\/655223486_18172187212402180_3765730005162202596_n-1-720x540-c-center.webp 1x, https:\/\/www.magic-hill.cz\/wp-content\/uploads\/2026\/03\/655223486_18172187212402180_3765730005162202596_n-1-1440x1080-c-center.webp 2x\">\n  <\/picture>\n<\/div>\n    <\/div>\n    <\/div>\n    <\/div>\n  <\/div>\n\n\n  \n      <\/div>\n\n  <\/section>\n\n\n<section class=\"base-section u-posr\">\n  <div class=\"base-section__container d-flex flex-column gap-7 container\">\n        \n<header class=\"base-header d-flex flex-column align-items-center text-center gap-2\">\n\n  \n  <h2 class=\"base-heading mb-0 u-fw-600 u-text-balance u-h2\">\n            Den v\u00e1le\u010dn\u00fdch veter\u00e1n\u016f\n      <\/h2>\n\n      <div class=\"base-header__description entry-content mb-0\">\u0160koln\u00ed parlament po\u0159\u00e1dal sb\u00edrku ve spolupr\u00e1ci se spole\u010dnosti Pam\u011b\u0165 n\u00e1roda.<\/div>\n  \n  \n  \n\n<\/header>\n\n\n\n\n<div class=\"g-simple-gallery row justify-content-center g-2 g-md-4 --cols-2\">\n      <div class=\"g-simple-gallery__cell col-xxl-6 col-md-6\">\n      \n\n\n<div class=\"i-simple-gallery overflow-hidden u-radius-sm u-img-hover u-cursor-pointer d-flex flex-column h-100\" data-src=\"https:\/\/www.magic-hill.cz\/wp-content\/uploads\/2025\/11\/579552452_18158531254402180_408477086145752137_n-1-1024x0-c-center.webp\" data-srcset=\"https:\/\/www.magic-hill.cz\/wp-content\/uploads\/2025\/11\/579552452_18158531254402180_408477086145752137_n-1-1024x0-c-center.webp 1x, https:\/\/www.magic-hill.cz\/wp-content\/uploads\/2025\/11\/579552452_18158531254402180_408477086145752137_n-1-2048x0-c-center.webp 2x\">\n      <div class=\"\">\n      \n<div class=\"img u-posr overflow-hidden d-block --cover --placeholder\">\n  <picture>\n    \n    <img loading=\"lazy\" decoding=\"async\" src=\"\" data-src=\"https:\/\/www.magic-hill.cz\/wp-content\/uploads\/2025\/11\/579552452_18158531254402180_408477086145752137_n-1-720x540-c-center.webp\" alt=\"Sb\u00edrky - Magic Hill - \u0160kola, kde rosteme spolu.\" width=\"720\" height=\"540\" draggable=\"false\" srcset=\"\" data-srcset=\"https:\/\/www.magic-hill.cz\/wp-content\/uploads\/2025\/11\/579552452_18158531254402180_408477086145752137_n-1-720x540-c-center.webp 1x, https:\/\/www.magic-hill.cz\/wp-content\/uploads\/2025\/11\/579552452_18158531254402180_408477086145752137_n-1-1440x1080-c-center.webp 2x\">\n  <\/picture>\n<\/div>\n    <\/div>\n    <\/div>\n    <\/div>\n      <div class=\"g-simple-gallery__cell col-xxl-6 col-md-6\">\n      \n\n\n<div class=\"i-simple-gallery overflow-hidden u-radius-sm u-img-hover u-cursor-pointer d-flex flex-column h-100\" data-src=\"https:\/\/www.magic-hill.cz\/wp-content\/uploads\/2025\/11\/579688250_18158531272402180_730173909042980601_n-1024x0-c-center.webp\" data-srcset=\"https:\/\/www.magic-hill.cz\/wp-content\/uploads\/2025\/11\/579688250_18158531272402180_730173909042980601_n-1024x0-c-center.webp 1x, https:\/\/www.magic-hill.cz\/wp-content\/uploads\/2025\/11\/579688250_18158531272402180_730173909042980601_n-2048x0-c-center.webp 2x\">\n      <div class=\"\">\n      \n<div class=\"img u-posr overflow-hidden d-block --cover --placeholder\">\n  <picture>\n    \n    <img loading=\"lazy\" decoding=\"async\" src=\"\" data-src=\"https:\/\/www.magic-hill.cz\/wp-content\/uploads\/2025\/11\/579688250_18158531272402180_730173909042980601_n-720x540-c-center.webp\" alt=\"Sb\u00edrky - Magic Hill - \u0160kola, kde rosteme spolu.\" width=\"720\" height=\"540\" draggable=\"false\" srcset=\"\" data-srcset=\"https:\/\/www.magic-hill.cz\/wp-content\/uploads\/2025\/11\/579688250_18158531272402180_730173909042980601_n-720x540-c-center.webp 1x, https:\/\/www.magic-hill.cz\/wp-content\/uploads\/2025\/11\/579688250_18158531272402180_730173909042980601_n-1440x1080-c-center.webp 2x\">\n  <\/picture>\n<\/div>\n    <\/div>\n    <\/div>\n    <\/div>\n      <div class=\"g-simple-gallery__cell col-xxl-6 col-md-6\">\n      \n\n\n<div class=\"i-simple-gallery overflow-hidden u-radius-sm u-img-hover u-cursor-pointer d-flex flex-column h-100\" data-src=\"https:\/\/www.magic-hill.cz\/wp-content\/uploads\/2025\/11\/580399147_18158531233402180_7780324002198891822_n-1024x0-c-center.webp\" data-srcset=\"https:\/\/www.magic-hill.cz\/wp-content\/uploads\/2025\/11\/580399147_18158531233402180_7780324002198891822_n-1024x0-c-center.webp 1x, https:\/\/www.magic-hill.cz\/wp-content\/uploads\/2025\/11\/580399147_18158531233402180_7780324002198891822_n-2048x0-c-center.webp 2x\">\n      <div class=\"\">\n      \n<div class=\"img u-posr overflow-hidden d-block --cover --placeholder\">\n  <picture>\n    \n    <img loading=\"lazy\" decoding=\"async\" src=\"\" data-src=\"https:\/\/www.magic-hill.cz\/wp-content\/uploads\/2025\/11\/580399147_18158531233402180_7780324002198891822_n-720x540-c-center.webp\" alt=\"Sb\u00edrky - Magic Hill - \u0160kola, kde rosteme spolu.\" width=\"720\" height=\"540\" draggable=\"false\" srcset=\"\" data-srcset=\"https:\/\/www.magic-hill.cz\/wp-content\/uploads\/2025\/11\/580399147_18158531233402180_7780324002198891822_n-720x540-c-center.webp 1x, https:\/\/www.magic-hill.cz\/wp-content\/uploads\/2025\/11\/580399147_18158531233402180_7780324002198891822_n-1440x1080-c-center.webp 2x\">\n  <\/picture>\n<\/div>\n    <\/div>\n    <\/div>\n    <\/div>\n      <div class=\"g-simple-gallery__cell col-xxl-6 col-md-6\">\n      \n\n\n<div class=\"i-simple-gallery overflow-hidden u-radius-sm u-img-hover u-cursor-pointer d-flex flex-column h-100\" data-src=\"https:\/\/www.magic-hill.cz\/wp-content\/uploads\/2025\/11\/581688433_18158531281402180_6324702531971591871_n-1024x0-c-center.webp\" data-srcset=\"https:\/\/www.magic-hill.cz\/wp-content\/uploads\/2025\/11\/581688433_18158531281402180_6324702531971591871_n-1024x0-c-center.webp 1x, https:\/\/www.magic-hill.cz\/wp-content\/uploads\/2025\/11\/581688433_18158531281402180_6324702531971591871_n-2048x0-c-center.webp 2x\">\n      <div class=\"\">\n      \n<div class=\"img u-posr overflow-hidden d-block --cover --placeholder\">\n  <picture>\n    \n    <img loading=\"lazy\" decoding=\"async\" src=\"\" data-src=\"https:\/\/www.magic-hill.cz\/wp-content\/uploads\/2025\/11\/581688433_18158531281402180_6324702531971591871_n-720x540-c-center.webp\" alt=\"Sb\u00edrky - Magic Hill - \u0160kola, kde rosteme spolu.\" width=\"720\" height=\"540\" draggable=\"false\" srcset=\"\" data-srcset=\"https:\/\/www.magic-hill.cz\/wp-content\/uploads\/2025\/11\/581688433_18158531281402180_6324702531971591871_n-720x540-c-center.webp 1x, https:\/\/www.magic-hill.cz\/wp-content\/uploads\/2025\/11\/581688433_18158531281402180_6324702531971591871_n-1440x1080-c-center.webp 2x\">\n  <\/picture>\n<\/div>\n    <\/div>\n    <\/div>\n    <\/div>\n  <\/div>\n\n\n  \n      <\/div>\n\n  <\/section>\n\n\n<section class=\"base-section u-posr    --background\">\n  <div class=\"base-section__container d-flex flex-column gap-7 container\">\n        \n<div class=\"g-text-and-media d-flex flex-column gap-4 --reverse\">\n\n  <div class=\"g-text-and-media__col --media-col w-100\">\n    \n<div class=\"i-media u-posr overflow-hidden u-radius-sm\">\n      \n<div class=\"img u-posr overflow-hidden d-block --cover --placeholder  --ratio-3:2\">\n  <picture>\n    \n    <img loading=\"lazy\" decoding=\"async\" src=\"\" data-src=\"https:\/\/www.magic-hill.cz\/wp-content\/uploads\/2026\/03\/WhatsApp-Image-2026-07-668x445-c-center.webp\" alt=\"Sb\u00edrky - Magic Hill - \u0160kola, kde rosteme spolu.\" width=\"668\" height=\"445\" draggable=\"false\" srcset=\"\" data-srcset=\"https:\/\/www.magic-hill.cz\/wp-content\/uploads\/2026\/03\/WhatsApp-Image-2026-07-668x445-c-center.webp 1x, https:\/\/www.magic-hill.cz\/wp-content\/uploads\/2026\/03\/WhatsApp-Image-2026-07-1336x890-c-center.webp 2x\">\n  <\/picture>\n<\/div>\n  \n  <\/div>\n  <\/div>\n\n  <div class=\"g-text-and-media__col --content-col w-100 align-self-center d-flex flex-column gap-3\">\n\n          <header class=\"base-header d-flex flex-column align-items-center text-center gap-2 --left --spacing-sm g-text-and-media__header-in\">\n\n        \n  <h2 class=\"base-heading mb-0 u-fw-600 u-text-balance u-h2\">\n            Sb\u00edrka pro Centrum pomoci sv. Luisy v Brand\u00fdse n\/Labem\n      <\/h2>\n\n  \n  \n  \n\n<\/header>\n    \n          <div class=\"g-text-and-media__body entry-content u-fz-md\">\n                          \n\n<p>\u017d\u00e1ci 4. A uspo\u0159\u00e1dali sb\u00edrku \u00faklidov\u00fdch a pap\u00edrensk\u00fdch pot\u0159eb a p\u0159edali 6 ta\u0161ek pot\u0159ebn\u00fdm. <\/p>\n\n\n              <\/div>\n    \n    \n\n\n\n\n  <\/div>\n\n<\/div>\n\n\n  \n      <\/div>\n\n  <\/section>\n\n\n<section class=\"base-section u-posr\">\n  <div class=\"base-section__container d-flex flex-column gap-7 container\">\n        \n<div class=\"g-text-and-media d-flex flex-column gap-4 --reverse\">\n\n  <div class=\"g-text-and-media__col --media-col w-100\">\n    \n<div class=\"i-media u-posr overflow-hidden u-radius-sm\">\n      \n<div class=\"img u-posr overflow-hidden d-block --cover --placeholder  --ratio-3:2\">\n  <picture>\n    \n    <img loading=\"lazy\" decoding=\"async\" src=\"\" data-src=\"https:\/\/www.magic-hill.cz\/wp-content\/uploads\/2025\/11\/IMG_0001-002-668x445-c-center.webp\" alt=\"Sb\u00edrky - Magic Hill - \u0160kola, kde rosteme spolu.\" width=\"668\" height=\"445\" draggable=\"false\" srcset=\"\" data-srcset=\"https:\/\/www.magic-hill.cz\/wp-content\/uploads\/2025\/11\/IMG_0001-002-668x445-c-center.webp 1x, https:\/\/www.magic-hill.cz\/wp-content\/uploads\/2025\/11\/IMG_0001-002-1336x890-c-center.webp 2x\">\n  <\/picture>\n<\/div>\n  \n  <\/div>\n  <\/div>\n\n  <div class=\"g-text-and-media__col --content-col w-100 align-self-center d-flex flex-column gap-3\">\n\n          <header class=\"base-header d-flex flex-column align-items-center text-center gap-2 --left --spacing-sm g-text-and-media__header-in\">\n\n        \n  <h2 class=\"base-heading mb-0 u-fw-600 u-text-balance u-h2\">\n            Sb\u00edrka pro Chr\u00e1n\u00edme mo\u0159sk\u00e9 \u017eelvy, z.s.\n      <\/h2>\n\n  \n  \n  \n\n<\/header>\n    \n          <div class=\"g-text-and-media__body entry-content u-fz-md\">\n                          \n\n<p>\u017d\u00e1ci 5. t\u0159\u00edd spole\u010dn\u011b podpo\u0159ili organizaci Chr\u00e1n\u00edme mo\u0159sk\u00e9 \u017eelvy, z.s.. Na \u0161koln\u00edm trhu pro ni vybrali 7 500 K\u010d.<\/p>\n\n\n              <\/div>\n    \n    \n\n\n\n\n  <\/div>\n\n<\/div>\n\n\n  \n      <\/div>\n\n  <\/section>\n\n\n<section class=\"base-section u-posr    --background\">\n  <div class=\"base-section__container d-flex flex-column gap-7 container\">\n        \n<div class=\"g-text-and-media d-flex flex-column gap-4 --default\">\n\n  <div class=\"g-text-and-media__col --media-col w-100\">\n    \n<div class=\"i-media u-posr overflow-hidden u-radius-sm\">\n      \n<div class=\"img u-posr overflow-hidden d-block --cover --placeholder\">\n  <picture>\n    \n    <img loading=\"lazy\" decoding=\"async\" src=\"\" data-src=\"https:\/\/www.magic-hill.cz\/wp-content\/uploads\/2025\/11\/utulek-560x420-1-668x501-c-center.webp\" alt=\"Sb\u00edrky - Magic Hill - \u0160kola, kde rosteme spolu.\" width=\"668\" height=\"501\" draggable=\"false\" srcset=\"\" data-srcset=\"https:\/\/www.magic-hill.cz\/wp-content\/uploads\/2025\/11\/utulek-560x420-1-668x501-c-center.webp 1x, https:\/\/www.magic-hill.cz\/wp-content\/uploads\/2025\/11\/utulek-560x420-1-1336x1002-c-center.webp 2x\">\n  <\/picture>\n<\/div>\n  \n  <\/div>\n  <\/div>\n\n  <div class=\"g-text-and-media__col --content-col w-100 align-self-center d-flex flex-column gap-3\">\n\n          <header class=\"base-header d-flex flex-column align-items-center text-center gap-2 --left --spacing-sm g-text-and-media__header-in\">\n\n        \n  <h2 class=\"base-heading mb-0 u-fw-600 u-text-balance u-h2\">\n            Sb\u00edrka pro opu\u0161t\u011bn\u00e9 pejsky\n      <\/h2>\n\n  \n  \n  \n\n<\/header>\n    \n          <div class=\"g-text-and-media__body entry-content u-fz-md\">\n                          \n\n<p>\u017d\u00e1kyn\u011b 6. t\u0159\u00eddy v r\u00e1mci sv\u00e9ho dobrovolnick\u00e9ho projektu zorganizovaly sb\u00edrku pro opu\u0161t\u011bn\u00e9 pejsky v ps\u00edm \u00fatulku.<\/p>\n\n\n              <\/div>\n    \n    \n\n\n\n\n  <\/div>\n\n<\/div>\n\n\n  \n      <\/div>\n\n  <\/section>\n\n\n<section class=\"base-section u-posr\">\n  <div class=\"base-section__container d-flex flex-column gap-7 container\">\n        \n<div class=\"g-text-and-media d-flex flex-column gap-4 --reverse\">\n\n  <div class=\"g-text-and-media__col --media-col w-100\">\n    \n<div class=\"i-media u-posr overflow-hidden u-radius-sm\">\n      \n<div class=\"img u-posr overflow-hidden d-block --cover --placeholder\">\n  <picture>\n    \n    <img loading=\"lazy\" decoding=\"async\" src=\"\" data-src=\"https:\/\/www.magic-hill.cz\/wp-content\/uploads\/2025\/11\/chrti-300x212-1-668x472-c-center.webp\" alt=\"Sb\u00edrky - Magic Hill - \u0160kola, kde rosteme spolu.\" width=\"668\" height=\"472\" draggable=\"false\" srcset=\"\" data-srcset=\"https:\/\/www.magic-hill.cz\/wp-content\/uploads\/2025\/11\/chrti-300x212-1-668x472-c-center.webp 1x, https:\/\/www.magic-hill.cz\/wp-content\/uploads\/2025\/11\/chrti-300x212-1-1336x944-c-center.webp 2x\">\n  <\/picture>\n<\/div>\n  \n  <\/div>\n  <\/div>\n\n  <div class=\"g-text-and-media__col --content-col w-100 align-self-center d-flex flex-column gap-3\">\n\n          <header class=\"base-header d-flex flex-column align-items-center text-center gap-2 --left --spacing-sm g-text-and-media__header-in\">\n\n        \n  <h2 class=\"base-heading mb-0 u-fw-600 u-text-balance u-h2\">\n            Sb\u011br star\u00e9ho pap\u00edru\n      <\/h2>\n\n  \n  \n  \n\n<\/header>\n    \n          <div class=\"g-text-and-media__body entry-content u-fz-md\">\n                          \n\n<p>Sb\u011br star\u00e9ho pap\u00edru organizovan\u00fd \u0161koln\u00edm parlamentem vynesl v\u00edce ne\u017e 3000 K\u010d, kter\u00e9 jsme v\u011bnovali organizaci pom\u00e1haj\u00edc\u00ed t\u00fdran\u00fdm a opu\u0161t\u011bn\u00fdm zv\u00ed\u0159at\u016fm.<\/p>\n\n\n              <\/div>\n    \n    \n\n\n\n\n  <\/div>\n\n<\/div>\n\n\n  \n      <\/div>\n\n  <\/section>\n","protected":false},"excerpt":{"rendered":"","protected":false},"author":1,"featured_media":0,"parent":2596,"menu_order":0,"comment_status":"closed","ping_status":"closed","template":"","meta":{"footnotes":""},"class_list":["post-2604","page","type-page","status-publish","hentry"],"yoast_head":"<!-- This site is optimized with the Yoast SEO plugin v25.9 - https:\/\/yoast.com\/wordpress\/plugins\/seo\/ -->\n<title>Sb\u00edrky \u2013 Pom\u00e1h\u00e1me a podporujeme | Magic Hill<\/title>\n<meta name=\"description\" content=\"Sb\u00edrky Magic Hill: projekty a aktivity, kter\u00e9 podporuj\u00ed solidaritu a pomoc druh\u00fdm.\" \/>\n<meta name=\"robots\" content=\"index, follow, max-snippet:-1, max-image-preview:large, max-video-preview:-1\" \/>\n<link rel=\"canonical\" href=\"https:\/\/www.magic-hill.cz\/en\/zivot-v-magic-hill\/pomahame-a-podporujeme\/sbirky\/\" \/>\n<meta property=\"og:locale\" content=\"en_US\" \/>\n<meta property=\"og:type\" content=\"article\" \/>\n<meta property=\"og:title\" content=\"Sb\u00edrky \u2013 Pom\u00e1h\u00e1me a podporujeme | Magic Hill\" \/>\n<meta property=\"og:description\" content=\"Sb\u00edrky Magic Hill: projekty a aktivity, kter\u00e9 podporuj\u00ed solidaritu a pomoc druh\u00fdm.\" \/>\n<meta property=\"og:url\" content=\"https:\/\/www.magic-hill.cz\/en\/zivot-v-magic-hill\/pomahame-a-podporujeme\/sbirky\/\" \/>\n<meta property=\"og:site_name\" content=\"Magic Hill - \u0160kola, kde rosteme spolu.\" \/>\n<meta property=\"article:modified_time\" content=\"2026-03-25T07:44:08+00:00\" \/>\n<meta property=\"og:image\" content=\"https:\/\/www.magic-hill.cz\/wp-content\/uploads\/2025\/12\/ChatGPT-Image-15.-12.-2025-11_27_00-1024x683.png\" \/>\n\t<meta property=\"og:image:width\" content=\"1024\" \/>\n\t<meta property=\"og:image:height\" content=\"683\" \/>\n\t<meta property=\"og:image:type\" content=\"image\/png\" \/>\n<meta name=\"twitter:card\" content=\"summary_large_image\" \/>\n<meta name=\"twitter:label1\" content=\"Est. reading time\" \/>\n\t<meta name=\"twitter:data1\" content=\"1 minute\" \/>\n<!-- \/ Yoast SEO plugin. -->","yoast_head_json":{"title":"Sb\u00edrky \u2013 Pom\u00e1h\u00e1me a podporujeme | Magic Hill","description":"Sb\u00edrky Magic Hill: projekty a aktivity, kter\u00e9 podporuj\u00ed solidaritu a pomoc druh\u00fdm.","robots":{"index":"index","follow":"follow","max-snippet":"max-snippet:-1","max-image-preview":"max-image-preview:large","max-video-preview":"max-video-preview:-1"},"canonical":"https:\/\/www.magic-hill.cz\/en\/zivot-v-magic-hill\/pomahame-a-podporujeme\/sbirky\/","og_locale":"en_US","og_type":"article","og_title":"Sb\u00edrky \u2013 Pom\u00e1h\u00e1me a podporujeme | Magic Hill","og_description":"Sb\u00edrky Magic Hill: projekty a aktivity, kter\u00e9 podporuj\u00ed solidaritu a pomoc druh\u00fdm.","og_url":"https:\/\/www.magic-hill.cz\/en\/zivot-v-magic-hill\/pomahame-a-podporujeme\/sbirky\/","og_site_name":"Magic Hill - \u0160kola, kde rosteme spolu.","article_modified_time":"2026-03-25T07:44:08+00:00","og_image":[{"width":1024,"height":683,"url":"https:\/\/www.magic-hill.cz\/wp-content\/uploads\/2025\/12\/ChatGPT-Image-15.-12.-2025-11_27_00-1024x683.png","type":"image\/png"}],"twitter_card":"summary_large_image","twitter_misc":{"Est. reading time":"1 minute"},"schema":{"@context":"https:\/\/schema.org","@graph":[{"@type":"WebPage","@id":"https:\/\/www.magic-hill.cz\/en\/zivot-v-magic-hill\/pomahame-a-podporujeme\/sbirky\/","url":"https:\/\/www.magic-hill.cz\/en\/zivot-v-magic-hill\/pomahame-a-podporujeme\/sbirky\/","name":"Sb\u00edrky \u2013 Pom\u00e1h\u00e1me a podporujeme | Magic Hill","isPartOf":{"@id":"https:\/\/www.magic-hill.cz\/en\/#website"},"datePublished":"2025-11-20T10:11:13+00:00","dateModified":"2026-03-25T07:44:08+00:00","description":"Sb\u00edrky Magic Hill: projekty a aktivity, kter\u00e9 podporuj\u00ed solidaritu a pomoc druh\u00fdm.","breadcrumb":{"@id":"https:\/\/www.magic-hill.cz\/en\/zivot-v-magic-hill\/pomahame-a-podporujeme\/sbirky\/#breadcrumb"},"inLanguage":"en-US","potentialAction":[{"@type":"ReadAction","target":["https:\/\/www.magic-hill.cz\/en\/zivot-v-magic-hill\/pomahame-a-podporujeme\/sbirky\/"]}]},{"@type":"BreadcrumbList","@id":"https:\/\/www.magic-hill.cz\/en\/zivot-v-magic-hill\/pomahame-a-podporujeme\/sbirky\/#breadcrumb","itemListElement":[{"@type":"ListItem","position":1,"name":"Dom\u016f","item":"https:\/\/www.magic-hill.cz\/en\/"},{"@type":"ListItem","position":2,"name":"\u017divot v Magic Hill","item":"https:\/\/www.magic-hill.cz\/en\/zivot-v-magic-hill\/"},{"@type":"ListItem","position":3,"name":"Pom\u00e1h\u00e1me a podporujeme","item":"https:\/\/www.magic-hill.cz\/en\/zivot-v-magic-hill\/pomahame-a-podporujeme\/"},{"@type":"ListItem","position":4,"name":"Sb\u00edrky"}]},{"@type":"WebSite","@id":"https:\/\/www.magic-hill.cz\/en\/#website","url":"https:\/\/www.magic-hill.cz\/en\/","name":"Magic Hill - \u0160kola, kde rosteme spolu.","description":"","potentialAction":[{"@type":"SearchAction","target":{"@type":"EntryPoint","urlTemplate":"https:\/\/www.magic-hill.cz\/en\/?s={search_term_string}"},"query-input":{"@type":"PropertyValueSpecification","valueRequired":true,"valueName":"search_term_string"}}],"inLanguage":"en-US"}]}},"_links":{"self":[{"href":"https:\/\/www.magic-hill.cz\/en\/wp-json\/wp\/v2\/pages\/2604","targetHints":{"allow":["GET"]}}],"collection":[{"href":"https:\/\/www.magic-hill.cz\/en\/wp-json\/wp\/v2\/pages"}],"about":[{"href":"https:\/\/www.magic-hill.cz\/en\/wp-json\/wp\/v2\/types\/page"}],"author":[{"embeddable":true,"href":"https:\/\/www.magic-hill.cz\/en\/wp-json\/wp\/v2\/users\/1"}],"replies":[{"embeddable":true,"href":"https:\/\/www.magic-hill.cz\/en\/wp-json\/wp\/v2\/comments?post=2604"}],"version-history":[{"count":4,"href":"https:\/\/www.magic-hill.cz\/en\/wp-json\/wp\/v2\/pages\/2604\/revisions"}],"predecessor-version":[{"id":4039,"href":"https:\/\/www.magic-hill.cz\/en\/wp-json\/wp\/v2\/pages\/2604\/revisions\/4039"}],"up":[{"embeddable":true,"href":"https:\/\/www.magic-hill.cz\/en\/wp-json\/wp\/v2\/pages\/2596"}],"wp:attachment":[{"href":"https:\/\/www.magic-hill.cz\/en\/wp-json\/wp\/v2\/media?parent=2604"}],"curies":[{"name":"wp","href":"https:\/\/api.w.org\/{rel}","templated":true}]}}