{"id":2602,"date":"2025-11-20T09:45:01","date_gmt":"2025-11-20T08:45:01","guid":{"rendered":"https:\/\/www.magic-hill.cz\/zivot-v-magic-hill\/pomahame-a-podporujeme\/projekt-magicka-zed\/"},"modified":"2026-01-15T15:23:57","modified_gmt":"2026-01-15T14:23:57","slug":"projekt-magicka-zed","status":"publish","type":"page","link":"https:\/\/www.magic-hill.cz\/en\/zivot-v-magic-hill\/pomahame-a-podporujeme\/projekt-magicka-zed\/","title":{"rendered":"Projekt Magick\u00e1 ze\u010f"},"content":{"rendered":"<section class=\"base-section u-posr\">\n  <div class=\"base-section__container d-flex flex-column gap-7 container\">\n        \n<header class=\"base-header d-flex flex-column align-items-center text-center gap-2\">\n\n  \n  <h1 class=\"base-heading mb-0 u-fw-600 u-text-balance u-h1\">\n            Projekt Magick\u00e1 ze\u010f\n      <\/h1>\n\n      <div class=\"base-header__description entry-content mb-0\">Zaj\u00edm\u00e1me se o ve\u0159ejn\u00fd prostor, nen\u00ed n\u00e1m lhostejn\u00fd jeho stav. Opravili jsme starou, nevzhlednou ze\u010f sousedn\u00edho h\u0159i\u0161t\u011b Sokola a v\u00fdtvarn\u011b ji vyzdobili ve spolupr\u00e1ci se street artov\u00fdm um\u011blcem. V r\u00e1mci workshop\u016f s d\u011btmi jsme realizovali mural artov\u00e9 d\u00edlo na t\u00e9ma Vzkaz budoucnosti.<\/div>\n  \n  \n  \n\n<\/header>\n\n\n  \n      <\/div>\n\n  <\/section>\n\n\n<section class=\"base-section u-posr\">\n  <div class=\"base-section__container d-flex flex-column gap-7 container\">\n        \n\n\n<div class=\"g-simple-gallery row justify-content-center g-2 g-md-4 --cols-3\">\n      <div class=\"g-simple-gallery__cell col-lg-4 col-sm-6\">\n      \n\n\n<div class=\"i-simple-gallery overflow-hidden u-radius-sm u-img-hover u-cursor-pointer d-flex flex-column h-100\" data-src=\"https:\/\/www.magic-hill.cz\/wp-content\/uploads\/2025\/11\/IMG_9304-1024x0-c-center.webp\" data-srcset=\"https:\/\/www.magic-hill.cz\/wp-content\/uploads\/2025\/11\/IMG_9304-1024x0-c-center.webp 1x, https:\/\/www.magic-hill.cz\/wp-content\/uploads\/2025\/11\/IMG_9304-2048x0-c-center.webp 2x\">\n      <div class=\"\">\n      \n<div class=\"img u-posr overflow-hidden d-block --cover --placeholder\">\n  <picture>\n    \n    <img loading=\"lazy\" decoding=\"async\" src=\"\" data-src=\"https:\/\/www.magic-hill.cz\/wp-content\/uploads\/2025\/11\/IMG_9304-448x336-c-center.webp\" alt=\"Projekt Magick\u00e1 ze\u010f - Magic Hill - \u0160kola, kde rosteme spolu.\" width=\"448\" height=\"336\" draggable=\"false\" srcset=\"\" data-srcset=\"https:\/\/www.magic-hill.cz\/wp-content\/uploads\/2025\/11\/IMG_9304-448x336-c-center.webp 1x, https:\/\/www.magic-hill.cz\/wp-content\/uploads\/2025\/11\/IMG_9304-896x672-c-center.webp 2x\">\n  <\/picture>\n<\/div>\n    <\/div>\n    <\/div>\n    <\/div>\n      <div class=\"g-simple-gallery__cell col-lg-4 col-sm-6\">\n      \n\n\n<div class=\"i-simple-gallery overflow-hidden u-radius-sm u-img-hover u-cursor-pointer d-flex flex-column h-100\" data-src=\"https:\/\/www.magic-hill.cz\/wp-content\/uploads\/2025\/11\/IMG_0609-1024x0-c-center.webp\" data-srcset=\"https:\/\/www.magic-hill.cz\/wp-content\/uploads\/2025\/11\/IMG_0609-1024x0-c-center.webp 1x, https:\/\/www.magic-hill.cz\/wp-content\/uploads\/2025\/11\/IMG_0609-2048x0-c-center.webp 2x\">\n      <div class=\"\">\n      \n<div class=\"img u-posr overflow-hidden d-block --cover --placeholder\">\n  <picture>\n    \n    <img loading=\"lazy\" decoding=\"async\" src=\"\" data-src=\"https:\/\/www.magic-hill.cz\/wp-content\/uploads\/2025\/11\/IMG_0609-448x336-c-center.webp\" alt=\"Projekt Magick\u00e1 ze\u010f - Magic Hill - \u0160kola, kde rosteme spolu.\" width=\"448\" height=\"336\" draggable=\"false\" srcset=\"\" data-srcset=\"https:\/\/www.magic-hill.cz\/wp-content\/uploads\/2025\/11\/IMG_0609-448x336-c-center.webp 1x, https:\/\/www.magic-hill.cz\/wp-content\/uploads\/2025\/11\/IMG_0609-896x672-c-center.webp 2x\">\n  <\/picture>\n<\/div>\n    <\/div>\n    <\/div>\n    <\/div>\n      <div class=\"g-simple-gallery__cell col-lg-4 col-sm-6\">\n      \n\n\n<div class=\"i-simple-gallery overflow-hidden u-radius-sm u-img-hover u-cursor-pointer d-flex flex-column h-100\" data-src=\"https:\/\/www.magic-hill.cz\/wp-content\/uploads\/2025\/11\/b97ea274-f505-416a-9f36-5ee0dff38e6b-1024x0-c-center.webp\" data-srcset=\"https:\/\/www.magic-hill.cz\/wp-content\/uploads\/2025\/11\/b97ea274-f505-416a-9f36-5ee0dff38e6b-1024x0-c-center.webp 1x, https:\/\/www.magic-hill.cz\/wp-content\/uploads\/2025\/11\/b97ea274-f505-416a-9f36-5ee0dff38e6b-2048x0-c-center.webp 2x\">\n      <div class=\"\">\n      \n<div class=\"img u-posr overflow-hidden d-block --cover --placeholder\">\n  <picture>\n    \n    <img loading=\"lazy\" decoding=\"async\" src=\"\" data-src=\"https:\/\/www.magic-hill.cz\/wp-content\/uploads\/2025\/11\/b97ea274-f505-416a-9f36-5ee0dff38e6b-448x336-c-center.webp\" alt=\"Projekt Magick\u00e1 ze\u010f - Magic Hill - \u0160kola, kde rosteme spolu.\" width=\"448\" height=\"336\" draggable=\"false\" srcset=\"\" data-srcset=\"https:\/\/www.magic-hill.cz\/wp-content\/uploads\/2025\/11\/b97ea274-f505-416a-9f36-5ee0dff38e6b-448x336-c-center.webp 1x, https:\/\/www.magic-hill.cz\/wp-content\/uploads\/2025\/11\/b97ea274-f505-416a-9f36-5ee0dff38e6b-896x672-c-center.webp 2x\">\n  <\/picture>\n<\/div>\n    <\/div>\n    <\/div>\n    <\/div>\n      <div class=\"g-simple-gallery__cell col-lg-4 col-sm-6\">\n      \n\n\n<div class=\"i-simple-gallery overflow-hidden u-radius-sm u-img-hover u-cursor-pointer d-flex flex-column h-100\" data-src=\"https:\/\/www.magic-hill.cz\/wp-content\/uploads\/2025\/11\/ad4cc449-65f3-4629-b536-2f821b0e7199-1024x0-c-center.webp\" data-srcset=\"https:\/\/www.magic-hill.cz\/wp-content\/uploads\/2025\/11\/ad4cc449-65f3-4629-b536-2f821b0e7199-1024x0-c-center.webp 1x, https:\/\/www.magic-hill.cz\/wp-content\/uploads\/2025\/11\/ad4cc449-65f3-4629-b536-2f821b0e7199-2048x0-c-center.webp 2x\">\n      <div class=\"\">\n      \n<div class=\"img u-posr overflow-hidden d-block --cover --placeholder\">\n  <picture>\n    \n    <img loading=\"lazy\" decoding=\"async\" src=\"\" data-src=\"https:\/\/www.magic-hill.cz\/wp-content\/uploads\/2025\/11\/ad4cc449-65f3-4629-b536-2f821b0e7199-448x336-c-center.webp\" alt=\"Projekt Magick\u00e1 ze\u010f - Magic Hill - \u0160kola, kde rosteme spolu.\" width=\"448\" height=\"336\" draggable=\"false\" srcset=\"\" data-srcset=\"https:\/\/www.magic-hill.cz\/wp-content\/uploads\/2025\/11\/ad4cc449-65f3-4629-b536-2f821b0e7199-448x336-c-center.webp 1x, https:\/\/www.magic-hill.cz\/wp-content\/uploads\/2025\/11\/ad4cc449-65f3-4629-b536-2f821b0e7199-896x672-c-center.webp 2x\">\n  <\/picture>\n<\/div>\n    <\/div>\n    <\/div>\n    <\/div>\n      <div class=\"g-simple-gallery__cell col-lg-4 col-sm-6\">\n      \n\n\n<div class=\"i-simple-gallery overflow-hidden u-radius-sm u-img-hover u-cursor-pointer d-flex flex-column h-100\" data-src=\"https:\/\/www.magic-hill.cz\/wp-content\/uploads\/2025\/11\/715d14f9-474b-4352-a323-2142af9ad03f-1024x0-c-center.webp\" data-srcset=\"https:\/\/www.magic-hill.cz\/wp-content\/uploads\/2025\/11\/715d14f9-474b-4352-a323-2142af9ad03f-1024x0-c-center.webp 1x, https:\/\/www.magic-hill.cz\/wp-content\/uploads\/2025\/11\/715d14f9-474b-4352-a323-2142af9ad03f-2048x0-c-center.webp 2x\">\n      <div class=\"\">\n      \n<div class=\"img u-posr overflow-hidden d-block --cover --placeholder\">\n  <picture>\n    \n    <img loading=\"lazy\" decoding=\"async\" src=\"\" data-src=\"https:\/\/www.magic-hill.cz\/wp-content\/uploads\/2025\/11\/715d14f9-474b-4352-a323-2142af9ad03f-448x336-c-center.webp\" alt=\"Projekt Magick\u00e1 ze\u010f - Magic Hill - \u0160kola, kde rosteme spolu.\" width=\"448\" height=\"336\" draggable=\"false\" srcset=\"\" data-srcset=\"https:\/\/www.magic-hill.cz\/wp-content\/uploads\/2025\/11\/715d14f9-474b-4352-a323-2142af9ad03f-448x336-c-center.webp 1x, https:\/\/www.magic-hill.cz\/wp-content\/uploads\/2025\/11\/715d14f9-474b-4352-a323-2142af9ad03f-896x672-c-center.webp 2x\">\n  <\/picture>\n<\/div>\n    <\/div>\n    <\/div>\n    <\/div>\n      <div class=\"g-simple-gallery__cell col-lg-4 col-sm-6\">\n      \n\n\n<div class=\"i-simple-gallery overflow-hidden u-radius-sm u-img-hover u-cursor-pointer d-flex flex-column h-100\" data-src=\"https:\/\/www.magic-hill.cz\/wp-content\/uploads\/2025\/11\/IMG_3250-scaled-1-1024x0-c-center.webp\" data-srcset=\"https:\/\/www.magic-hill.cz\/wp-content\/uploads\/2025\/11\/IMG_3250-scaled-1-1024x0-c-center.webp 1x, https:\/\/www.magic-hill.cz\/wp-content\/uploads\/2025\/11\/IMG_3250-scaled-1-2048x0-c-center.webp 2x\">\n      <div class=\"\">\n      \n<div class=\"img u-posr overflow-hidden d-block --cover --placeholder\">\n  <picture>\n    \n    <img loading=\"lazy\" decoding=\"async\" src=\"\" data-src=\"https:\/\/www.magic-hill.cz\/wp-content\/uploads\/2025\/11\/IMG_3250-scaled-1-448x336-c-center.webp\" alt=\"Projekt Magick\u00e1 ze\u010f - Magic Hill - \u0160kola, kde rosteme spolu.\" width=\"448\" height=\"336\" draggable=\"false\" srcset=\"\" data-srcset=\"https:\/\/www.magic-hill.cz\/wp-content\/uploads\/2025\/11\/IMG_3250-scaled-1-448x336-c-center.webp 1x, https:\/\/www.magic-hill.cz\/wp-content\/uploads\/2025\/11\/IMG_3250-scaled-1-896x672-c-center.webp 2x\">\n  <\/picture>\n<\/div>\n    <\/div>\n    <\/div>\n    <\/div>\n      <div class=\"g-simple-gallery__cell col-lg-4 col-sm-6\">\n      \n\n\n<div class=\"i-simple-gallery overflow-hidden u-radius-sm u-img-hover u-cursor-pointer d-flex flex-column h-100\" data-src=\"https:\/\/www.magic-hill.cz\/wp-content\/uploads\/2025\/11\/IMG_1323-scaled-1-1024x0-c-center.webp\" data-srcset=\"https:\/\/www.magic-hill.cz\/wp-content\/uploads\/2025\/11\/IMG_1323-scaled-1-1024x0-c-center.webp 1x, https:\/\/www.magic-hill.cz\/wp-content\/uploads\/2025\/11\/IMG_1323-scaled-1-2048x0-c-center.webp 2x\">\n      <div class=\"\">\n      \n<div class=\"img u-posr overflow-hidden d-block --cover --placeholder\">\n  <picture>\n    \n    <img loading=\"lazy\" decoding=\"async\" src=\"\" data-src=\"https:\/\/www.magic-hill.cz\/wp-content\/uploads\/2025\/11\/IMG_1323-scaled-1-448x336-c-center.webp\" alt=\"Projekt Magick\u00e1 ze\u010f - Magic Hill - \u0160kola, kde rosteme spolu.\" width=\"448\" height=\"336\" draggable=\"false\" srcset=\"\" data-srcset=\"https:\/\/www.magic-hill.cz\/wp-content\/uploads\/2025\/11\/IMG_1323-scaled-1-448x336-c-center.webp 1x, https:\/\/www.magic-hill.cz\/wp-content\/uploads\/2025\/11\/IMG_1323-scaled-1-896x672-c-center.webp 2x\">\n  <\/picture>\n<\/div>\n    <\/div>\n    <\/div>\n    <\/div>\n      <div class=\"g-simple-gallery__cell col-lg-4 col-sm-6\">\n      \n\n\n<div class=\"i-simple-gallery overflow-hidden u-radius-sm u-img-hover u-cursor-pointer d-flex flex-column h-100\" data-src=\"https:\/\/www.magic-hill.cz\/wp-content\/uploads\/2025\/11\/IMG_1322-scaled-1-1024x0-c-center.webp\" data-srcset=\"https:\/\/www.magic-hill.cz\/wp-content\/uploads\/2025\/11\/IMG_1322-scaled-1-1024x0-c-center.webp 1x, https:\/\/www.magic-hill.cz\/wp-content\/uploads\/2025\/11\/IMG_1322-scaled-1-2048x0-c-center.webp 2x\">\n      <div class=\"\">\n      \n<div class=\"img u-posr overflow-hidden d-block --cover --placeholder\">\n  <picture>\n    \n    <img loading=\"lazy\" decoding=\"async\" src=\"\" data-src=\"https:\/\/www.magic-hill.cz\/wp-content\/uploads\/2025\/11\/IMG_1322-scaled-1-448x336-c-center.webp\" alt=\"Projekt Magick\u00e1 ze\u010f - Magic Hill - \u0160kola, kde rosteme spolu.\" width=\"448\" height=\"336\" draggable=\"false\" srcset=\"\" data-srcset=\"https:\/\/www.magic-hill.cz\/wp-content\/uploads\/2025\/11\/IMG_1322-scaled-1-448x336-c-center.webp 1x, https:\/\/www.magic-hill.cz\/wp-content\/uploads\/2025\/11\/IMG_1322-scaled-1-896x672-c-center.webp 2x\">\n  <\/picture>\n<\/div>\n    <\/div>\n    <\/div>\n    <\/div>\n      <div class=\"g-simple-gallery__cell col-lg-4 col-sm-6\">\n      \n\n\n<div class=\"i-simple-gallery overflow-hidden u-radius-sm u-img-hover u-cursor-pointer d-flex flex-column h-100\" data-src=\"https:\/\/www.magic-hill.cz\/wp-content\/uploads\/2025\/11\/IMG_1352-1-scaled-1024x0-c-center.webp\" data-srcset=\"https:\/\/www.magic-hill.cz\/wp-content\/uploads\/2025\/11\/IMG_1352-1-scaled-1024x0-c-center.webp 1x, https:\/\/www.magic-hill.cz\/wp-content\/uploads\/2025\/11\/IMG_1352-1-scaled-2048x0-c-center.webp 2x\">\n      <div class=\"\">\n      \n<div class=\"img u-posr overflow-hidden d-block --cover --placeholder\">\n  <picture>\n    \n    <img loading=\"lazy\" decoding=\"async\" src=\"\" data-src=\"https:\/\/www.magic-hill.cz\/wp-content\/uploads\/2025\/11\/IMG_1352-1-scaled-448x336-c-center.webp\" alt=\"Projekt Magick\u00e1 ze\u010f - Magic Hill - \u0160kola, kde rosteme spolu.\" width=\"448\" height=\"336\" draggable=\"false\" srcset=\"\" data-srcset=\"https:\/\/www.magic-hill.cz\/wp-content\/uploads\/2025\/11\/IMG_1352-1-scaled-448x336-c-center.webp 1x, https:\/\/www.magic-hill.cz\/wp-content\/uploads\/2025\/11\/IMG_1352-1-scaled-896x672-c-center.webp 2x\">\n  <\/picture>\n<\/div>\n    <\/div>\n    <\/div>\n    <\/div>\n      <div class=\"g-simple-gallery__cell col-lg-4 col-sm-6\">\n      \n\n\n<div class=\"i-simple-gallery overflow-hidden u-radius-sm u-img-hover u-cursor-pointer d-flex flex-column h-100\" data-src=\"https:\/\/www.magic-hill.cz\/wp-content\/uploads\/2025\/11\/IMG_3254-scaled-1-1024x0-c-center.webp\" data-srcset=\"https:\/\/www.magic-hill.cz\/wp-content\/uploads\/2025\/11\/IMG_3254-scaled-1-1024x0-c-center.webp 1x, https:\/\/www.magic-hill.cz\/wp-content\/uploads\/2025\/11\/IMG_3254-scaled-1-2048x0-c-center.webp 2x\">\n      <div class=\"\">\n      \n<div class=\"img u-posr overflow-hidden d-block --cover --placeholder\">\n  <picture>\n    \n    <img loading=\"lazy\" decoding=\"async\" src=\"\" data-src=\"https:\/\/www.magic-hill.cz\/wp-content\/uploads\/2025\/11\/IMG_3254-scaled-1-448x336-c-center.webp\" alt=\"Projekt Magick\u00e1 ze\u010f - Magic Hill - \u0160kola, kde rosteme spolu.\" width=\"448\" height=\"336\" draggable=\"false\" srcset=\"\" data-srcset=\"https:\/\/www.magic-hill.cz\/wp-content\/uploads\/2025\/11\/IMG_3254-scaled-1-448x336-c-center.webp 1x, https:\/\/www.magic-hill.cz\/wp-content\/uploads\/2025\/11\/IMG_3254-scaled-1-896x672-c-center.webp 2x\">\n  <\/picture>\n<\/div>\n    <\/div>\n    <\/div>\n    <\/div>\n      <div class=\"g-simple-gallery__cell col-lg-4 col-sm-6\">\n      \n\n\n<div class=\"i-simple-gallery overflow-hidden u-radius-sm u-img-hover u-cursor-pointer d-flex flex-column h-100\" data-src=\"https:\/\/www.magic-hill.cz\/wp-content\/uploads\/2025\/11\/IMG_3264-scaled-1024x0-c-center.webp\" data-srcset=\"https:\/\/www.magic-hill.cz\/wp-content\/uploads\/2025\/11\/IMG_3264-scaled-1024x0-c-center.webp 1x, https:\/\/www.magic-hill.cz\/wp-content\/uploads\/2025\/11\/IMG_3264-scaled-2048x0-c-center.webp 2x\">\n      <div class=\"\">\n      \n<div class=\"img u-posr overflow-hidden d-block --cover --placeholder\">\n  <picture>\n    \n    <img loading=\"lazy\" decoding=\"async\" src=\"\" data-src=\"https:\/\/www.magic-hill.cz\/wp-content\/uploads\/2025\/11\/IMG_3264-scaled-448x336-c-center.webp\" alt=\"Projekt Magick\u00e1 ze\u010f - Magic Hill - \u0160kola, kde rosteme spolu.\" width=\"448\" height=\"336\" draggable=\"false\" srcset=\"\" data-srcset=\"https:\/\/www.magic-hill.cz\/wp-content\/uploads\/2025\/11\/IMG_3264-scaled-448x336-c-center.webp 1x, https:\/\/www.magic-hill.cz\/wp-content\/uploads\/2025\/11\/IMG_3264-scaled-896x672-c-center.webp 2x\">\n  <\/picture>\n<\/div>\n    <\/div>\n    <\/div>\n    <\/div>\n      <div class=\"g-simple-gallery__cell col-lg-4 col-sm-6\">\n      \n\n\n<div class=\"i-simple-gallery overflow-hidden u-radius-sm u-img-hover u-cursor-pointer d-flex flex-column h-100\" data-src=\"https:\/\/www.magic-hill.cz\/wp-content\/uploads\/2025\/11\/IMG_3272-scaled-1024x0-c-center.webp\" data-srcset=\"https:\/\/www.magic-hill.cz\/wp-content\/uploads\/2025\/11\/IMG_3272-scaled-1024x0-c-center.webp 1x, https:\/\/www.magic-hill.cz\/wp-content\/uploads\/2025\/11\/IMG_3272-scaled-2048x0-c-center.webp 2x\">\n      <div class=\"\">\n      \n<div class=\"img u-posr overflow-hidden d-block --cover --placeholder\">\n  <picture>\n    \n    <img loading=\"lazy\" decoding=\"async\" src=\"\" data-src=\"https:\/\/www.magic-hill.cz\/wp-content\/uploads\/2025\/11\/IMG_3272-scaled-448x336-c-center.webp\" alt=\"Projekt Magick\u00e1 ze\u010f - Magic Hill - \u0160kola, kde rosteme spolu.\" width=\"448\" height=\"336\" draggable=\"false\" srcset=\"\" data-srcset=\"https:\/\/www.magic-hill.cz\/wp-content\/uploads\/2025\/11\/IMG_3272-scaled-448x336-c-center.webp 1x, https:\/\/www.magic-hill.cz\/wp-content\/uploads\/2025\/11\/IMG_3272-scaled-896x672-c-center.webp 2x\">\n  <\/picture>\n<\/div>\n    <\/div>\n    <\/div>\n    <\/div>\n  <\/div>\n\n\n  \n      <\/div>\n\n  <\/section>\n","protected":false},"excerpt":{"rendered":"","protected":false},"author":1,"featured_media":0,"parent":2596,"menu_order":0,"comment_status":"closed","ping_status":"closed","template":"","meta":{"footnotes":""},"class_list":["post-2602","page","type-page","status-publish","hentry"],"yoast_head":"<!-- This site is optimized with the Yoast SEO plugin v25.9 - https:\/\/yoast.com\/wordpress\/plugins\/seo\/ -->\n<title>Projekt Magick\u00e1 ze\u010f - Magic Hill - \u0160kola, kde rosteme spolu.<\/title>\n<meta name=\"robots\" content=\"index, follow, max-snippet:-1, max-image-preview:large, max-video-preview:-1\" \/>\n<link rel=\"canonical\" href=\"https:\/\/www.magic-hill.cz\/en\/zivot-v-magic-hill\/pomahame-a-podporujeme\/projekt-magicka-zed\/\" \/>\n<meta property=\"og:locale\" content=\"en_US\" \/>\n<meta property=\"og:type\" content=\"article\" \/>\n<meta property=\"og:title\" content=\"Projekt Magick\u00e1 ze\u010f - Magic Hill - \u0160kola, kde rosteme spolu.\" \/>\n<meta property=\"og:url\" content=\"https:\/\/www.magic-hill.cz\/en\/zivot-v-magic-hill\/pomahame-a-podporujeme\/projekt-magicka-zed\/\" \/>\n<meta property=\"og:site_name\" content=\"Magic Hill - \u0160kola, kde rosteme spolu.\" \/>\n<meta property=\"article:modified_time\" content=\"2026-01-15T14:23:57+00:00\" \/>\n<meta property=\"og:image\" content=\"https:\/\/www.magic-hill.cz\/wp-content\/uploads\/2025\/12\/ChatGPT-Image-15.-12.-2025-11_27_00-1024x683.png\" \/>\n\t<meta property=\"og:image:width\" content=\"1024\" \/>\n\t<meta property=\"og:image:height\" content=\"683\" \/>\n\t<meta property=\"og:image:type\" content=\"image\/png\" \/>\n<meta name=\"twitter:card\" content=\"summary_large_image\" \/>\n<!-- \/ Yoast SEO plugin. -->","yoast_head_json":{"title":"Projekt Magick\u00e1 ze\u010f - Magic Hill - \u0160kola, kde rosteme spolu.","robots":{"index":"index","follow":"follow","max-snippet":"max-snippet:-1","max-image-preview":"max-image-preview:large","max-video-preview":"max-video-preview:-1"},"canonical":"https:\/\/www.magic-hill.cz\/en\/zivot-v-magic-hill\/pomahame-a-podporujeme\/projekt-magicka-zed\/","og_locale":"en_US","og_type":"article","og_title":"Projekt Magick\u00e1 ze\u010f - Magic Hill - \u0160kola, kde rosteme spolu.","og_url":"https:\/\/www.magic-hill.cz\/en\/zivot-v-magic-hill\/pomahame-a-podporujeme\/projekt-magicka-zed\/","og_site_name":"Magic Hill - \u0160kola, kde rosteme spolu.","article_modified_time":"2026-01-15T14:23:57+00:00","og_image":[{"width":1024,"height":683,"url":"https:\/\/www.magic-hill.cz\/wp-content\/uploads\/2025\/12\/ChatGPT-Image-15.-12.-2025-11_27_00-1024x683.png","type":"image\/png"}],"twitter_card":"summary_large_image","schema":{"@context":"https:\/\/schema.org","@graph":[{"@type":"WebPage","@id":"https:\/\/www.magic-hill.cz\/en\/zivot-v-magic-hill\/pomahame-a-podporujeme\/projekt-magicka-zed\/","url":"https:\/\/www.magic-hill.cz\/en\/zivot-v-magic-hill\/pomahame-a-podporujeme\/projekt-magicka-zed\/","name":"Projekt Magick\u00e1 ze\u010f - Magic Hill - \u0160kola, kde rosteme spolu.","isPartOf":{"@id":"https:\/\/www.magic-hill.cz\/en\/#website"},"datePublished":"2025-11-20T08:45:01+00:00","dateModified":"2026-01-15T14:23:57+00:00","breadcrumb":{"@id":"https:\/\/www.magic-hill.cz\/en\/zivot-v-magic-hill\/pomahame-a-podporujeme\/projekt-magicka-zed\/#breadcrumb"},"inLanguage":"en-US","potentialAction":[{"@type":"ReadAction","target":["https:\/\/www.magic-hill.cz\/en\/zivot-v-magic-hill\/pomahame-a-podporujeme\/projekt-magicka-zed\/"]}]},{"@type":"BreadcrumbList","@id":"https:\/\/www.magic-hill.cz\/en\/zivot-v-magic-hill\/pomahame-a-podporujeme\/projekt-magicka-zed\/#breadcrumb","itemListElement":[{"@type":"ListItem","position":1,"name":"Dom\u016f","item":"https:\/\/www.magic-hill.cz\/en\/"},{"@type":"ListItem","position":2,"name":"\u017divot v Magic Hill","item":"https:\/\/www.magic-hill.cz\/en\/zivot-v-magic-hill\/"},{"@type":"ListItem","position":3,"name":"Pom\u00e1h\u00e1me a podporujeme","item":"https:\/\/www.magic-hill.cz\/en\/zivot-v-magic-hill\/pomahame-a-podporujeme\/"},{"@type":"ListItem","position":4,"name":"Projekt Magick\u00e1 ze\u010f"}]},{"@type":"WebSite","@id":"https:\/\/www.magic-hill.cz\/en\/#website","url":"https:\/\/www.magic-hill.cz\/en\/","name":"Magic Hill - \u0160kola, kde rosteme spolu.","description":"","potentialAction":[{"@type":"SearchAction","target":{"@type":"EntryPoint","urlTemplate":"https:\/\/www.magic-hill.cz\/en\/?s={search_term_string}"},"query-input":{"@type":"PropertyValueSpecification","valueRequired":true,"valueName":"search_term_string"}}],"inLanguage":"en-US"}]}},"_links":{"self":[{"href":"https:\/\/www.magic-hill.cz\/en\/wp-json\/wp\/v2\/pages\/2602","targetHints":{"allow":["GET"]}}],"collection":[{"href":"https:\/\/www.magic-hill.cz\/en\/wp-json\/wp\/v2\/pages"}],"about":[{"href":"https:\/\/www.magic-hill.cz\/en\/wp-json\/wp\/v2\/types\/page"}],"author":[{"embeddable":true,"href":"https:\/\/www.magic-hill.cz\/en\/wp-json\/wp\/v2\/users\/1"}],"replies":[{"embeddable":true,"href":"https:\/\/www.magic-hill.cz\/en\/wp-json\/wp\/v2\/comments?post=2602"}],"version-history":[{"count":2,"href":"https:\/\/www.magic-hill.cz\/en\/wp-json\/wp\/v2\/pages\/2602\/revisions"}],"predecessor-version":[{"id":3590,"href":"https:\/\/www.magic-hill.cz\/en\/wp-json\/wp\/v2\/pages\/2602\/revisions\/3590"}],"up":[{"embeddable":true,"href":"https:\/\/www.magic-hill.cz\/en\/wp-json\/wp\/v2\/pages\/2596"}],"wp:attachment":[{"href":"https:\/\/www.magic-hill.cz\/en\/wp-json\/wp\/v2\/media?parent=2602"}],"curies":[{"name":"wp","href":"https:\/\/api.w.org\/{rel}","templated":true}]}}