{"id":2599,"date":"2025-11-20T09:46:14","date_gmt":"2025-11-20T08:46:14","guid":{"rendered":"https:\/\/www.magic-hill.cz\/zivot-v-magic-hill\/pomahame-a-podporujeme\/pomoc-seniorum\/"},"modified":"2026-01-15T15:23:04","modified_gmt":"2026-01-15T14:23:04","slug":"pomoc-seniorum","status":"publish","type":"page","link":"https:\/\/www.magic-hill.cz\/en\/zivot-v-magic-hill\/pomahame-a-podporujeme\/pomoc-seniorum\/","title":{"rendered":"Pomoc senior\u016fm"},"content":{"rendered":"<section class=\"base-section u-posr\">\n  <div class=\"base-section__container d-flex flex-column gap-7 container\">\n        \n<header class=\"base-header d-flex flex-column align-items-center text-center gap-2\">\n\n  \n  <h1 class=\"base-heading mb-0 u-fw-600 u-text-balance u-h1\">\n            Pomoc senior\u016fm\n      <\/h1>\n\n  \n  \n  \n\n<\/header>\n\n\n  \n      <\/div>\n\n  <\/section>\n\n\n<section class=\"base-section u-posr\">\n  <div class=\"base-section__container d-flex flex-column gap-7 container\">\n        \n<header class=\"base-header d-flex flex-column align-items-center text-center gap-2\">\n\n  \n  <h2 class=\"base-heading mb-0 u-fw-600 u-text-balance u-h2\">\n            PODPORA AKTIVN\u00cdCH SENIOR\u016e\n      <\/h2>\n\n      <div class=\"base-header__description entry-content mb-0\">Neziskov\u00e1 organizace Pr\u00e1v\u011b te\u010f, o.p.s., se kterou spolupracujeme, po\u0159\u00e1dala spole\u010densko-sout\u011b\u017en\u00ed ve\u010der, kde se volila Babi\u010dka roku. Bylo n\u00e1m ct\u00ed na akci p\u0159isp\u011bt a zasednout v porot\u011b.<\/div>\n  \n  \n  \n\n<\/header>\n\n\n\n\n<div class=\"g-simple-gallery row justify-content-center g-2 g-md-4 --cols-3\">\n      <div class=\"g-simple-gallery__cell col-lg-4 col-sm-6\">\n      \n\n\n<div class=\"i-simple-gallery overflow-hidden u-radius-sm u-img-hover u-cursor-pointer d-flex flex-column h-100\" data-src=\"https:\/\/www.magic-hill.cz\/wp-content\/uploads\/2025\/11\/i-VvC2PX9-X2-1024x0-c-center.webp\" data-srcset=\"https:\/\/www.magic-hill.cz\/wp-content\/uploads\/2025\/11\/i-VvC2PX9-X2-1024x0-c-center.webp 1x, https:\/\/www.magic-hill.cz\/wp-content\/uploads\/2025\/11\/i-VvC2PX9-X2-2048x0-c-center.webp 2x\">\n      <div class=\"\">\n      \n<div class=\"img u-posr overflow-hidden d-block --cover --placeholder\">\n  <picture>\n    \n    <img loading=\"lazy\" decoding=\"async\" src=\"\" data-src=\"https:\/\/www.magic-hill.cz\/wp-content\/uploads\/2025\/11\/i-VvC2PX9-X2-448x336-c-center.webp\" alt=\"Pomoc senior\u016fm - Magic Hill - \u0160kola, kde rosteme spolu.\" width=\"448\" height=\"336\" draggable=\"false\" srcset=\"\" data-srcset=\"https:\/\/www.magic-hill.cz\/wp-content\/uploads\/2025\/11\/i-VvC2PX9-X2-448x336-c-center.webp 1x, https:\/\/www.magic-hill.cz\/wp-content\/uploads\/2025\/11\/i-VvC2PX9-X2-896x672-c-center.webp 2x\">\n  <\/picture>\n<\/div>\n    <\/div>\n    <\/div>\n    <\/div>\n      <div class=\"g-simple-gallery__cell col-lg-4 col-sm-6\">\n      \n\n\n<div class=\"i-simple-gallery overflow-hidden u-radius-sm u-img-hover u-cursor-pointer d-flex flex-column h-100\" data-src=\"https:\/\/www.magic-hill.cz\/wp-content\/uploads\/2025\/11\/i-kVvFhJf-X2-1024x0-c-center.webp\" data-srcset=\"https:\/\/www.magic-hill.cz\/wp-content\/uploads\/2025\/11\/i-kVvFhJf-X2-1024x0-c-center.webp 1x, https:\/\/www.magic-hill.cz\/wp-content\/uploads\/2025\/11\/i-kVvFhJf-X2-2048x0-c-center.webp 2x\">\n      <div class=\"\">\n      \n<div class=\"img u-posr overflow-hidden d-block --cover --placeholder\">\n  <picture>\n    \n    <img loading=\"lazy\" decoding=\"async\" src=\"\" data-src=\"https:\/\/www.magic-hill.cz\/wp-content\/uploads\/2025\/11\/i-kVvFhJf-X2-448x336-c-center.webp\" alt=\"Pomoc senior\u016fm - Magic Hill - \u0160kola, kde rosteme spolu.\" width=\"448\" height=\"336\" draggable=\"false\" srcset=\"\" data-srcset=\"https:\/\/www.magic-hill.cz\/wp-content\/uploads\/2025\/11\/i-kVvFhJf-X2-448x336-c-center.webp 1x, https:\/\/www.magic-hill.cz\/wp-content\/uploads\/2025\/11\/i-kVvFhJf-X2-896x672-c-center.webp 2x\">\n  <\/picture>\n<\/div>\n    <\/div>\n    <\/div>\n    <\/div>\n      <div class=\"g-simple-gallery__cell col-lg-4 col-sm-6\">\n      \n\n\n<div class=\"i-simple-gallery overflow-hidden u-radius-sm u-img-hover u-cursor-pointer d-flex flex-column h-100\" data-src=\"https:\/\/www.magic-hill.cz\/wp-content\/uploads\/2025\/11\/i-4sxfFXN-X2-1024x0-c-center.webp\" data-srcset=\"https:\/\/www.magic-hill.cz\/wp-content\/uploads\/2025\/11\/i-4sxfFXN-X2-1024x0-c-center.webp 1x, https:\/\/www.magic-hill.cz\/wp-content\/uploads\/2025\/11\/i-4sxfFXN-X2-2048x0-c-center.webp 2x\">\n      <div class=\"\">\n      \n<div class=\"img u-posr overflow-hidden d-block --cover --placeholder\">\n  <picture>\n    \n    <img loading=\"lazy\" decoding=\"async\" src=\"\" data-src=\"https:\/\/www.magic-hill.cz\/wp-content\/uploads\/2025\/11\/i-4sxfFXN-X2-448x336-c-center.webp\" alt=\"Pomoc senior\u016fm - Magic Hill - \u0160kola, kde rosteme spolu.\" width=\"448\" height=\"336\" draggable=\"false\" srcset=\"\" data-srcset=\"https:\/\/www.magic-hill.cz\/wp-content\/uploads\/2025\/11\/i-4sxfFXN-X2-448x336-c-center.webp 1x, https:\/\/www.magic-hill.cz\/wp-content\/uploads\/2025\/11\/i-4sxfFXN-X2-896x672-c-center.webp 2x\">\n  <\/picture>\n<\/div>\n    <\/div>\n    <\/div>\n    <\/div>\n  <\/div>\n\n\n  \n      <\/div>\n\n  <\/section>\n\n\n<section class=\"base-section u-posr    --background\">\n  <div class=\"base-section__container d-flex flex-column gap-7 container\">\n        \n<header class=\"base-header d-flex flex-column align-items-center text-center gap-2\">\n\n  \n  <h2 class=\"base-heading mb-0 u-fw-600 u-text-balance u-h2\">\n            BAL\u00cd\u010cKY PRO SENIORY\n      <\/h2>\n\n      <div class=\"base-header__description entry-content mb-0\">Ve spolupr\u00e1ci s p\u0159\u00edsp\u011bvkovou organizac\u00ed Kolob\u011bh \u0158\u00ed\u010dany\u00a0jsme p\u0159ipravili v\u00e1no\u010dn\u00ed p\u0159\u00e1n\u00ed a bal\u00ed\u010dky pro m\u00edstn\u00ed seniory.<\/div>\n  \n  \n  \n\n<\/header>\n\n\n\n\n<div class=\"g-simple-gallery row justify-content-center g-2 g-md-4 --cols-3\">\n      <div class=\"g-simple-gallery__cell col-lg-4 col-sm-6\">\n      \n\n\n<div class=\"i-simple-gallery overflow-hidden u-radius-sm u-img-hover u-cursor-pointer d-flex flex-column h-100\" data-src=\"https:\/\/www.magic-hill.cz\/wp-content\/uploads\/2025\/11\/Image-7-scaled-1-1024x0-c-center.webp\" data-srcset=\"https:\/\/www.magic-hill.cz\/wp-content\/uploads\/2025\/11\/Image-7-scaled-1-1024x0-c-center.webp 1x, https:\/\/www.magic-hill.cz\/wp-content\/uploads\/2025\/11\/Image-7-scaled-1-2048x0-c-center.webp 2x\">\n      <div class=\"\">\n      \n<div class=\"img u-posr overflow-hidden d-block --cover --placeholder\">\n  <picture>\n    \n    <img loading=\"lazy\" decoding=\"async\" src=\"\" data-src=\"https:\/\/www.magic-hill.cz\/wp-content\/uploads\/2025\/11\/Image-7-scaled-1-448x336-c-center.webp\" alt=\"Pomoc senior\u016fm - Magic Hill - \u0160kola, kde rosteme spolu.\" width=\"448\" height=\"336\" draggable=\"false\" srcset=\"\" data-srcset=\"https:\/\/www.magic-hill.cz\/wp-content\/uploads\/2025\/11\/Image-7-scaled-1-448x336-c-center.webp 1x, https:\/\/www.magic-hill.cz\/wp-content\/uploads\/2025\/11\/Image-7-scaled-1-896x672-c-center.webp 2x\">\n  <\/picture>\n<\/div>\n    <\/div>\n    <\/div>\n    <\/div>\n      <div class=\"g-simple-gallery__cell col-lg-4 col-sm-6\">\n      \n\n\n<div class=\"i-simple-gallery overflow-hidden u-radius-sm u-img-hover u-cursor-pointer d-flex flex-column h-100\" data-src=\"https:\/\/www.magic-hill.cz\/wp-content\/uploads\/2025\/11\/Image-5-scaled-1-1024x0-c-center.webp\" data-srcset=\"https:\/\/www.magic-hill.cz\/wp-content\/uploads\/2025\/11\/Image-5-scaled-1-1024x0-c-center.webp 1x, https:\/\/www.magic-hill.cz\/wp-content\/uploads\/2025\/11\/Image-5-scaled-1-2048x0-c-center.webp 2x\">\n      <div class=\"\">\n      \n<div class=\"img u-posr overflow-hidden d-block --cover --placeholder\">\n  <picture>\n    \n    <img loading=\"lazy\" decoding=\"async\" src=\"\" data-src=\"https:\/\/www.magic-hill.cz\/wp-content\/uploads\/2025\/11\/Image-5-scaled-1-448x336-c-center.webp\" alt=\"Pomoc senior\u016fm - Magic Hill - \u0160kola, kde rosteme spolu.\" width=\"448\" height=\"336\" draggable=\"false\" srcset=\"\" data-srcset=\"https:\/\/www.magic-hill.cz\/wp-content\/uploads\/2025\/11\/Image-5-scaled-1-448x336-c-center.webp 1x, https:\/\/www.magic-hill.cz\/wp-content\/uploads\/2025\/11\/Image-5-scaled-1-896x672-c-center.webp 2x\">\n  <\/picture>\n<\/div>\n    <\/div>\n    <\/div>\n    <\/div>\n      <div class=\"g-simple-gallery__cell col-lg-4 col-sm-6\">\n      \n\n\n<div class=\"i-simple-gallery overflow-hidden u-radius-sm u-img-hover u-cursor-pointer d-flex flex-column h-100\" data-src=\"https:\/\/www.magic-hill.cz\/wp-content\/uploads\/2025\/11\/Image-1-scaled-1-1024x0-c-center.webp\" data-srcset=\"https:\/\/www.magic-hill.cz\/wp-content\/uploads\/2025\/11\/Image-1-scaled-1-1024x0-c-center.webp 1x, https:\/\/www.magic-hill.cz\/wp-content\/uploads\/2025\/11\/Image-1-scaled-1-2048x0-c-center.webp 2x\">\n      <div class=\"\">\n      \n<div class=\"img u-posr overflow-hidden d-block --cover --placeholder\">\n  <picture>\n    \n    <img loading=\"lazy\" decoding=\"async\" src=\"\" data-src=\"https:\/\/www.magic-hill.cz\/wp-content\/uploads\/2025\/11\/Image-1-scaled-1-448x336-c-center.webp\" alt=\"Pomoc senior\u016fm - Magic Hill - \u0160kola, kde rosteme spolu.\" width=\"448\" height=\"336\" draggable=\"false\" srcset=\"\" data-srcset=\"https:\/\/www.magic-hill.cz\/wp-content\/uploads\/2025\/11\/Image-1-scaled-1-448x336-c-center.webp 1x, https:\/\/www.magic-hill.cz\/wp-content\/uploads\/2025\/11\/Image-1-scaled-1-896x672-c-center.webp 2x\">\n  <\/picture>\n<\/div>\n    <\/div>\n    <\/div>\n    <\/div>\n  <\/div>\n\n\n  \n      <\/div>\n\n  <\/section>\n\n\n<section class=\"base-section u-posr\">\n  <div class=\"base-section__container d-flex flex-column gap-7 container\">\n        \n<header class=\"base-header d-flex flex-column align-items-center text-center gap-2\">\n\n  \n  <h2 class=\"base-heading mb-0 u-fw-600 u-text-balance u-h2\">\n            RADOST SENIOR\u016eM\n      <\/h2>\n\n      <div class=\"base-header__description entry-content mb-0\">V pr\u016fb\u011bhu koronavirov\u00e9 epidemie se na\u0161i \u017e\u00e1ci zapojili do projektu Radost senior\u016fm. D\u011bti v dom\u00e1c\u00ed \u0161kole vyr\u00e1b\u011bly k\u0159\u00ed\u017eovky a kv\u00edzy, psaly pozdravy, p\u0159\u00e1n\u00ed a dopisy, malovaly obr\u00e1zky. To v\u0161e, abychom spole\u010dn\u011b pot\u011b\u0161ili seniory v t\u011b\u017ek\u00fdch dob\u00e1ch izolace.\u00a0<\/div>\n  \n  \n  \n\n<\/header>\n\n\n\n\n<div class=\"g-simple-gallery row justify-content-center g-2 g-md-4 --cols-3\">\n      <div class=\"g-simple-gallery__cell col-lg-4 col-sm-6\">\n      \n\n\n<div class=\"i-simple-gallery overflow-hidden u-radius-sm u-img-hover u-cursor-pointer d-flex flex-column h-100\" data-src=\"https:\/\/www.magic-hill.cz\/wp-content\/uploads\/2025\/11\/kl-1024x0-c-center.webp\" data-srcset=\"https:\/\/www.magic-hill.cz\/wp-content\/uploads\/2025\/11\/kl-1024x0-c-center.webp 1x, https:\/\/www.magic-hill.cz\/wp-content\/uploads\/2025\/11\/kl-2048x0-c-center.webp 2x\">\n      <div class=\"\">\n      \n<div class=\"img u-posr overflow-hidden d-block --cover --placeholder\">\n  <picture>\n    \n    <img loading=\"lazy\" decoding=\"async\" src=\"\" data-src=\"https:\/\/www.magic-hill.cz\/wp-content\/uploads\/2025\/11\/kl-448x336-c-center.webp\" alt=\"Pomoc senior\u016fm - Magic Hill - \u0160kola, kde rosteme spolu.\" width=\"448\" height=\"336\" draggable=\"false\" srcset=\"\" data-srcset=\"https:\/\/www.magic-hill.cz\/wp-content\/uploads\/2025\/11\/kl-448x336-c-center.webp 1x, https:\/\/www.magic-hill.cz\/wp-content\/uploads\/2025\/11\/kl-896x672-c-center.webp 2x\">\n  <\/picture>\n<\/div>\n    <\/div>\n    <\/div>\n    <\/div>\n      <div class=\"g-simple-gallery__cell col-lg-4 col-sm-6\">\n      \n\n\n<div class=\"i-simple-gallery overflow-hidden u-radius-sm u-img-hover u-cursor-pointer d-flex flex-column h-100\" data-src=\"https:\/\/www.magic-hill.cz\/wp-content\/uploads\/2025\/11\/podekovani-od-pani-Olgy-1024x0-c-center.webp\" data-srcset=\"https:\/\/www.magic-hill.cz\/wp-content\/uploads\/2025\/11\/podekovani-od-pani-Olgy-1024x0-c-center.webp 1x, https:\/\/www.magic-hill.cz\/wp-content\/uploads\/2025\/11\/podekovani-od-pani-Olgy-2048x0-c-center.webp 2x\">\n      <div class=\"\">\n      \n<div class=\"img u-posr overflow-hidden d-block --cover --placeholder\">\n  <picture>\n    \n    <img loading=\"lazy\" decoding=\"async\" src=\"\" data-src=\"https:\/\/www.magic-hill.cz\/wp-content\/uploads\/2025\/11\/podekovani-od-pani-Olgy-448x336-c-center.webp\" alt=\"Pomoc senior\u016fm - Magic Hill - \u0160kola, kde rosteme spolu.\" width=\"448\" height=\"336\" draggable=\"false\" srcset=\"\" data-srcset=\"https:\/\/www.magic-hill.cz\/wp-content\/uploads\/2025\/11\/podekovani-od-pani-Olgy-448x336-c-center.webp 1x, https:\/\/www.magic-hill.cz\/wp-content\/uploads\/2025\/11\/podekovani-od-pani-Olgy-896x672-c-center.webp 2x\">\n  <\/picture>\n<\/div>\n    <\/div>\n    <\/div>\n    <\/div>\n      <div class=\"g-simple-gallery__cell col-lg-4 col-sm-6\">\n      \n\n\n<div class=\"i-simple-gallery overflow-hidden u-radius-sm u-img-hover u-cursor-pointer d-flex flex-column h-100\" data-src=\"https:\/\/www.magic-hill.cz\/wp-content\/uploads\/2025\/11\/Obrazek-Klarka-1024x0-c-center.webp\" data-srcset=\"https:\/\/www.magic-hill.cz\/wp-content\/uploads\/2025\/11\/Obrazek-Klarka-1024x0-c-center.webp 1x, https:\/\/www.magic-hill.cz\/wp-content\/uploads\/2025\/11\/Obrazek-Klarka-2048x0-c-center.webp 2x\">\n      <div class=\"\">\n      \n<div class=\"img u-posr overflow-hidden d-block --cover --placeholder\">\n  <picture>\n    \n    <img loading=\"lazy\" decoding=\"async\" src=\"\" data-src=\"https:\/\/www.magic-hill.cz\/wp-content\/uploads\/2025\/11\/Obrazek-Klarka-448x336-c-center.webp\" alt=\"Pomoc senior\u016fm - Magic Hill - \u0160kola, kde rosteme spolu.\" width=\"448\" height=\"336\" draggable=\"false\" srcset=\"\" data-srcset=\"https:\/\/www.magic-hill.cz\/wp-content\/uploads\/2025\/11\/Obrazek-Klarka-448x336-c-center.webp 1x, https:\/\/www.magic-hill.cz\/wp-content\/uploads\/2025\/11\/Obrazek-Klarka-896x672-c-center.webp 2x\">\n  <\/picture>\n<\/div>\n    <\/div>\n    <\/div>\n    <\/div>\n  <\/div>\n\n\n  \n      <\/div>\n\n  <\/section>\n","protected":false},"excerpt":{"rendered":"","protected":false},"author":1,"featured_media":0,"parent":2596,"menu_order":0,"comment_status":"closed","ping_status":"closed","template":"","meta":{"footnotes":""},"class_list":["post-2599","page","type-page","status-publish","hentry"],"yoast_head":"<!-- This site is optimized with the Yoast SEO plugin v25.9 - https:\/\/yoast.com\/wordpress\/plugins\/seo\/ -->\n<title>Pomoc senior\u016fm - Magic Hill - \u0160kola, kde rosteme spolu.<\/title>\n<meta name=\"robots\" content=\"index, follow, max-snippet:-1, max-image-preview:large, max-video-preview:-1\" \/>\n<link rel=\"canonical\" href=\"https:\/\/www.magic-hill.cz\/en\/zivot-v-magic-hill\/pomahame-a-podporujeme\/pomoc-seniorum\/\" \/>\n<meta property=\"og:locale\" content=\"en_US\" \/>\n<meta property=\"og:type\" content=\"article\" \/>\n<meta property=\"og:title\" content=\"Pomoc senior\u016fm - Magic Hill - \u0160kola, kde rosteme spolu.\" \/>\n<meta property=\"og:url\" content=\"https:\/\/www.magic-hill.cz\/en\/zivot-v-magic-hill\/pomahame-a-podporujeme\/pomoc-seniorum\/\" \/>\n<meta property=\"og:site_name\" content=\"Magic Hill - \u0160kola, kde rosteme spolu.\" \/>\n<meta property=\"article:modified_time\" content=\"2026-01-15T14:23:04+00:00\" \/>\n<meta property=\"og:image\" content=\"https:\/\/www.magic-hill.cz\/wp-content\/uploads\/2025\/12\/ChatGPT-Image-15.-12.-2025-11_27_00-1024x683.png\" \/>\n\t<meta property=\"og:image:width\" content=\"1024\" \/>\n\t<meta property=\"og:image:height\" content=\"683\" \/>\n\t<meta property=\"og:image:type\" content=\"image\/png\" \/>\n<meta name=\"twitter:card\" content=\"summary_large_image\" \/>\n<!-- \/ Yoast SEO plugin. -->","yoast_head_json":{"title":"Pomoc senior\u016fm - Magic Hill - \u0160kola, kde rosteme spolu.","robots":{"index":"index","follow":"follow","max-snippet":"max-snippet:-1","max-image-preview":"max-image-preview:large","max-video-preview":"max-video-preview:-1"},"canonical":"https:\/\/www.magic-hill.cz\/en\/zivot-v-magic-hill\/pomahame-a-podporujeme\/pomoc-seniorum\/","og_locale":"en_US","og_type":"article","og_title":"Pomoc senior\u016fm - Magic Hill - \u0160kola, kde rosteme spolu.","og_url":"https:\/\/www.magic-hill.cz\/en\/zivot-v-magic-hill\/pomahame-a-podporujeme\/pomoc-seniorum\/","og_site_name":"Magic Hill - \u0160kola, kde rosteme spolu.","article_modified_time":"2026-01-15T14:23:04+00:00","og_image":[{"width":1024,"height":683,"url":"https:\/\/www.magic-hill.cz\/wp-content\/uploads\/2025\/12\/ChatGPT-Image-15.-12.-2025-11_27_00-1024x683.png","type":"image\/png"}],"twitter_card":"summary_large_image","schema":{"@context":"https:\/\/schema.org","@graph":[{"@type":"WebPage","@id":"https:\/\/www.magic-hill.cz\/en\/zivot-v-magic-hill\/pomahame-a-podporujeme\/pomoc-seniorum\/","url":"https:\/\/www.magic-hill.cz\/en\/zivot-v-magic-hill\/pomahame-a-podporujeme\/pomoc-seniorum\/","name":"Pomoc senior\u016fm - Magic Hill - \u0160kola, kde rosteme spolu.","isPartOf":{"@id":"https:\/\/www.magic-hill.cz\/en\/#website"},"datePublished":"2025-11-20T08:46:14+00:00","dateModified":"2026-01-15T14:23:04+00:00","breadcrumb":{"@id":"https:\/\/www.magic-hill.cz\/en\/zivot-v-magic-hill\/pomahame-a-podporujeme\/pomoc-seniorum\/#breadcrumb"},"inLanguage":"en-US","potentialAction":[{"@type":"ReadAction","target":["https:\/\/www.magic-hill.cz\/en\/zivot-v-magic-hill\/pomahame-a-podporujeme\/pomoc-seniorum\/"]}]},{"@type":"BreadcrumbList","@id":"https:\/\/www.magic-hill.cz\/en\/zivot-v-magic-hill\/pomahame-a-podporujeme\/pomoc-seniorum\/#breadcrumb","itemListElement":[{"@type":"ListItem","position":1,"name":"Dom\u016f","item":"https:\/\/www.magic-hill.cz\/en\/"},{"@type":"ListItem","position":2,"name":"\u017divot v Magic Hill","item":"https:\/\/www.magic-hill.cz\/en\/zivot-v-magic-hill\/"},{"@type":"ListItem","position":3,"name":"Pom\u00e1h\u00e1me a podporujeme","item":"https:\/\/www.magic-hill.cz\/en\/zivot-v-magic-hill\/pomahame-a-podporujeme\/"},{"@type":"ListItem","position":4,"name":"Pomoc senior\u016fm"}]},{"@type":"WebSite","@id":"https:\/\/www.magic-hill.cz\/en\/#website","url":"https:\/\/www.magic-hill.cz\/en\/","name":"Magic Hill - \u0160kola, kde rosteme spolu.","description":"","potentialAction":[{"@type":"SearchAction","target":{"@type":"EntryPoint","urlTemplate":"https:\/\/www.magic-hill.cz\/en\/?s={search_term_string}"},"query-input":{"@type":"PropertyValueSpecification","valueRequired":true,"valueName":"search_term_string"}}],"inLanguage":"en-US"}]}},"_links":{"self":[{"href":"https:\/\/www.magic-hill.cz\/en\/wp-json\/wp\/v2\/pages\/2599","targetHints":{"allow":["GET"]}}],"collection":[{"href":"https:\/\/www.magic-hill.cz\/en\/wp-json\/wp\/v2\/pages"}],"about":[{"href":"https:\/\/www.magic-hill.cz\/en\/wp-json\/wp\/v2\/types\/page"}],"author":[{"embeddable":true,"href":"https:\/\/www.magic-hill.cz\/en\/wp-json\/wp\/v2\/users\/1"}],"replies":[{"embeddable":true,"href":"https:\/\/www.magic-hill.cz\/en\/wp-json\/wp\/v2\/comments?post=2599"}],"version-history":[{"count":1,"href":"https:\/\/www.magic-hill.cz\/en\/wp-json\/wp\/v2\/pages\/2599\/revisions"}],"predecessor-version":[{"id":3730,"href":"https:\/\/www.magic-hill.cz\/en\/wp-json\/wp\/v2\/pages\/2599\/revisions\/3730"}],"up":[{"embeddable":true,"href":"https:\/\/www.magic-hill.cz\/en\/wp-json\/wp\/v2\/pages\/2596"}],"wp:attachment":[{"href":"https:\/\/www.magic-hill.cz\/en\/wp-json\/wp\/v2\/media?parent=2599"}],"curies":[{"name":"wp","href":"https:\/\/api.w.org\/{rel}","templated":true}]}}