{"id":2587,"date":"2025-12-01T14:17:51","date_gmt":"2025-12-01T13:17:51","guid":{"rendered":"https:\/\/www.magic-hill.cz\/zakladni-skola\/vize-skoly\/"},"modified":"2025-12-09T16:05:56","modified_gmt":"2025-12-09T15:05:56","slug":"vize-skoly","status":"publish","type":"page","link":"https:\/\/www.magic-hill.cz\/en\/zakladni-skola\/vize-skoly\/","title":{"rendered":"School vision"},"content":{"rendered":"<section class=\"base-section u-posr\">\n  <div class=\"base-section__container d-flex flex-column gap-7 container\">\n        \n<header class=\"base-header d-flex flex-column align-items-center text-center gap-2\">\n\n  \n  <h1 class=\"base-heading mb-0 u-fw-600 u-text-balance u-h1\">\n            School vision \u2013 Meaningful education for life in a changing world\n      <\/h1>\n\n  \n  \n  \n\n<\/header>\n\n\n  \n      <\/div>\n\n  <\/section>\n\n\n<section class=\"base-section u-posr    --background\">\n  <div class=\"base-section__container d-flex flex-column gap-7 container\">\n        \n<div class=\"g-text-and-media d-flex flex-column gap-4 --default\">\n\n  <div class=\"g-text-and-media__col --media-col w-100\">\n    \n<div class=\"i-media u-posr overflow-hidden u-radius-sm\">\n      \n<div class=\"img u-posr overflow-hidden d-block --cover --placeholder  --ratio-3:2\">\n  <picture>\n    \n    <img loading=\"lazy\" decoding=\"async\" src=\"\" data-src=\"https:\/\/www.magic-hill.cz\/wp-content\/uploads\/2025\/11\/IMG_0100-scaled-668x445-c-center.webp\" alt=\"School vision - Magic Hill - \u0160kola, kde rosteme spolu.\" width=\"668\" height=\"445\" draggable=\"false\" srcset=\"\" data-srcset=\"https:\/\/www.magic-hill.cz\/wp-content\/uploads\/2025\/11\/IMG_0100-scaled-668x445-c-center.webp 1x, https:\/\/www.magic-hill.cz\/wp-content\/uploads\/2025\/11\/IMG_0100-scaled-1336x890-c-center.webp 2x\">\n  <\/picture>\n<\/div>\n  \n  <\/div>\n  <\/div>\n\n  <div class=\"g-text-and-media__col --content-col w-100 align-self-center d-flex flex-column gap-3\">\n\n    \n          <div class=\"g-text-and-media__body entry-content u-fz-md\">\n                          \n\n<p>We guide children from grades 1 to 9 on their journey toward overall personal development. We focus on the knowledge and skills that are key to success in the 21st century. Teaching is balanced and builds on the development of soft skills \u2013 cooperation, communication, presentation, problem solving, critical thinking, and civic responsibility. We develop these skills from first graders to secondary school students, not only in the classroom but also in everyday school life.<\/p>\n\n\n\n<p>Our goal is not only to impart information, but also to teach students the ability to connect knowledge, think in context, and apply it in the real world. Key skills include language and mathematical-logical literacy, general knowledge, and the ability to work with information.<\/p>\n\n\n              <\/div>\n    \n    \n\n\n\n\n  <\/div>\n\n<\/div>\n\n\n  \n          \n\n\n\n  \n<div class=\"g-base d-flex flex-wrap justify-content-center gap-1 g-buttons align-items-center\">\n  \n      \n              <a class=\"btn u-posr u-cursor-pointer d-inline-flex gap-1 align-items-center justify-content-center flex-nowrap flex-shrink-0 --primary  --animated --animation-right   --full-width-mobile\"  href='\/en\/sjednejte-si-navstevu'>\n      <span class=\"btn__title text-center\">\n      Make an appointment\n    <\/span>\n  \n      <span class=\"btn__icon d-flex align-items-center justify-content-center flex-shrink-0\">\n                \n  <span class=\"icon d-flex align-items-center justify-content-center\">\n          <svg width=\"24\" height=\"24\" viewBox=\"0 0 24 24\" fill=\"none\" xmlns=\"http:\/\/www.w3.org\/2000\/svg\">\n<path fill-rule=\"evenodd\" clip-rule=\"evenodd\" d=\"M15.5965 12L6 1.33552L7.20177 0L18 12L7.20177 24L6 22.6645L15.5965 12Z\" fill=\"#0E162C\"\/>\n<\/svg>\n      <\/span>\n          <\/span>\n  <\/a>\n      \n      \n\n    <\/div>\n      <\/div>\n\n  <\/section>\n\n\n<section class=\"base-section u-posr\">\n  <div class=\"base-section__container d-flex flex-column gap-7 container\">\n        \n\n<div class=\"row justify-content-center\">\n  <div class=\"col-lg-8\">\n\n    <div class=\"entry-content\">\n\n<figure class=\"wp-block-embed aligncenter is-type-video is-provider-youtube wp-block-embed-youtube wp-embed-aspect-9-16 wp-has-aspect-ratio\"><div class=\"wp-block-embed__wrapper\">\n<iframe loading=\"lazy\" title=\"\u010c\u00edm je Magic Hill v\u00fdjime\u010dn\u00fd? ????\u2764\ufe0f\" width=\"422\" height=\"750\" src=\"https:\/\/www.youtube.com\/embed\/JsL4y3za1wU?feature=oembed\" frameborder=\"0\" allow=\"accelerometer; autoplay; clipboard-write; encrypted-media; gyroscope; picture-in-picture; web-share\" referrerpolicy=\"strict-origin-when-cross-origin\" allowfullscreen><\/iframe>\n<\/div><\/figure>\n\n<\/div>\n\n  <\/div>\n<\/div>\n\n\n  \n      <\/div>\n\n  <\/section>\n","protected":false},"excerpt":{"rendered":"","protected":false},"author":1,"featured_media":0,"parent":2567,"menu_order":0,"comment_status":"closed","ping_status":"closed","template":"","meta":{"footnotes":""},"class_list":["post-2587","page","type-page","status-publish","hentry"],"yoast_head":"<!-- This site is optimized with the Yoast SEO plugin v25.9 - https:\/\/yoast.com\/wordpress\/plugins\/seo\/ -->\n<title>School vision - Magic Hill - \u0160kola, kde rosteme spolu.<\/title>\n<meta name=\"robots\" content=\"index, follow, max-snippet:-1, max-image-preview:large, max-video-preview:-1\" \/>\n<link rel=\"canonical\" href=\"https:\/\/www.magic-hill.cz\/en\/zakladni-skola\/vize-skoly\/\" \/>\n<meta property=\"og:locale\" content=\"en_US\" \/>\n<meta property=\"og:type\" content=\"article\" \/>\n<meta property=\"og:title\" content=\"School vision - Magic Hill - \u0160kola, kde rosteme spolu.\" \/>\n<meta property=\"og:url\" content=\"https:\/\/www.magic-hill.cz\/en\/zakladni-skola\/vize-skoly\/\" \/>\n<meta property=\"og:site_name\" content=\"Magic Hill - \u0160kola, kde rosteme spolu.\" \/>\n<meta property=\"article:modified_time\" content=\"2025-12-09T15:05:56+00:00\" \/>\n<meta property=\"og:image\" content=\"https:\/\/www.magic-hill.cz\/wp-content\/uploads\/2025\/12\/ChatGPT-Image-15.-12.-2025-11_27_00-1024x683.png\" \/>\n\t<meta property=\"og:image:width\" content=\"1024\" \/>\n\t<meta property=\"og:image:height\" content=\"683\" \/>\n\t<meta property=\"og:image:type\" content=\"image\/png\" \/>\n<meta name=\"twitter:card\" content=\"summary_large_image\" \/>\n<meta name=\"twitter:label1\" content=\"Est. reading time\" \/>\n\t<meta name=\"twitter:data1\" content=\"1 minute\" \/>\n<!-- \/ Yoast SEO plugin. -->","yoast_head_json":{"title":"School vision - Magic Hill - \u0160kola, kde rosteme spolu.","robots":{"index":"index","follow":"follow","max-snippet":"max-snippet:-1","max-image-preview":"max-image-preview:large","max-video-preview":"max-video-preview:-1"},"canonical":"https:\/\/www.magic-hill.cz\/en\/zakladni-skola\/vize-skoly\/","og_locale":"en_US","og_type":"article","og_title":"School vision - Magic Hill - \u0160kola, kde rosteme spolu.","og_url":"https:\/\/www.magic-hill.cz\/en\/zakladni-skola\/vize-skoly\/","og_site_name":"Magic Hill - \u0160kola, kde rosteme spolu.","article_modified_time":"2025-12-09T15:05:56+00:00","og_image":[{"width":1024,"height":683,"url":"https:\/\/www.magic-hill.cz\/wp-content\/uploads\/2025\/12\/ChatGPT-Image-15.-12.-2025-11_27_00-1024x683.png","type":"image\/png"}],"twitter_card":"summary_large_image","twitter_misc":{"Est. reading time":"1 minute"},"schema":{"@context":"https:\/\/schema.org","@graph":[{"@type":"WebPage","@id":"https:\/\/www.magic-hill.cz\/en\/zakladni-skola\/vize-skoly\/","url":"https:\/\/www.magic-hill.cz\/en\/zakladni-skola\/vize-skoly\/","name":"School vision - Magic Hill - \u0160kola, kde rosteme spolu.","isPartOf":{"@id":"https:\/\/www.magic-hill.cz\/en\/#website"},"datePublished":"2025-12-01T13:17:51+00:00","dateModified":"2025-12-09T15:05:56+00:00","breadcrumb":{"@id":"https:\/\/www.magic-hill.cz\/en\/zakladni-skola\/vize-skoly\/#breadcrumb"},"inLanguage":"en-US","potentialAction":[{"@type":"ReadAction","target":["https:\/\/www.magic-hill.cz\/en\/zakladni-skola\/vize-skoly\/"]}]},{"@type":"BreadcrumbList","@id":"https:\/\/www.magic-hill.cz\/en\/zakladni-skola\/vize-skoly\/#breadcrumb","itemListElement":[{"@type":"ListItem","position":1,"name":"Dom\u016f","item":"https:\/\/www.magic-hill.cz\/en\/"},{"@type":"ListItem","position":2,"name":"Elementary school","item":"https:\/\/www.magic-hill.cz\/en\/zakladni-skola\/"},{"@type":"ListItem","position":3,"name":"School vision"}]},{"@type":"WebSite","@id":"https:\/\/www.magic-hill.cz\/en\/#website","url":"https:\/\/www.magic-hill.cz\/en\/","name":"Magic Hill - \u0160kola, kde rosteme spolu.","description":"","potentialAction":[{"@type":"SearchAction","target":{"@type":"EntryPoint","urlTemplate":"https:\/\/www.magic-hill.cz\/en\/?s={search_term_string}"},"query-input":{"@type":"PropertyValueSpecification","valueRequired":true,"valueName":"search_term_string"}}],"inLanguage":"en-US"}]}},"_links":{"self":[{"href":"https:\/\/www.magic-hill.cz\/en\/wp-json\/wp\/v2\/pages\/2587","targetHints":{"allow":["GET"]}}],"collection":[{"href":"https:\/\/www.magic-hill.cz\/en\/wp-json\/wp\/v2\/pages"}],"about":[{"href":"https:\/\/www.magic-hill.cz\/en\/wp-json\/wp\/v2\/types\/page"}],"author":[{"embeddable":true,"href":"https:\/\/www.magic-hill.cz\/en\/wp-json\/wp\/v2\/users\/1"}],"replies":[{"embeddable":true,"href":"https:\/\/www.magic-hill.cz\/en\/wp-json\/wp\/v2\/comments?post=2587"}],"version-history":[{"count":2,"href":"https:\/\/www.magic-hill.cz\/en\/wp-json\/wp\/v2\/pages\/2587\/revisions"}],"predecessor-version":[{"id":3188,"href":"https:\/\/www.magic-hill.cz\/en\/wp-json\/wp\/v2\/pages\/2587\/revisions\/3188"}],"up":[{"embeddable":true,"href":"https:\/\/www.magic-hill.cz\/en\/wp-json\/wp\/v2\/pages\/2567"}],"wp:attachment":[{"href":"https:\/\/www.magic-hill.cz\/en\/wp-json\/wp\/v2\/media?parent=2587"}],"curies":[{"name":"wp","href":"https:\/\/api.w.org\/{rel}","templated":true}]}}