{"id":2577,"date":"2025-11-10T11:49:08","date_gmt":"2025-11-10T10:49:08","guid":{"rendered":"https:\/\/www.magic-hill.cz\/zakladni-skola\/pro-rodice-zaku\/plan-skolniho-roku\/"},"modified":"2026-04-13T11:20:37","modified_gmt":"2026-04-13T09:20:37","slug":"plan-skolniho-roku","status":"publish","type":"page","link":"https:\/\/www.magic-hill.cz\/en\/zakladni-skola\/pro-rodice-zaku\/plan-skolniho-roku\/","title":{"rendered":"Pl\u00e1n \u0161koln\u00edho roku"},"content":{"rendered":"<section class=\"base-section u-posr\">\n  <div class=\"base-section__container d-flex flex-column gap-7 container\">\n        \n<header class=\"base-header d-flex flex-column align-items-center text-center gap-2\">\n\n  \n  <h1 class=\"base-heading mb-0 u-fw-600 u-text-balance u-h1\">\n            Pl\u00e1n \u0161koln\u00edho roku\n      <\/h1>\n\n  \n  \n  \n\n<\/header>\n\n\n  \n      <\/div>\n\n  <\/section>\n\n\n<section class=\"base-section u-posr\">\n  <div class=\"base-section__container d-flex flex-column gap-7 container\">\n        \n\n<div class=\"row justify-content-center\">\n  <div class=\"col-lg-8\">\n\n    <div class=\"entry-content\">\n\n<figure class=\"wp-block-table aligncenter\"><div class=\"table-responsive\"><table class=\"has-fixed-layout\"><tbody><tr><td>Zah\u00e1jen\u00ed \u0161koln\u00edho roku<\/td><td>1. z\u00e1\u0159\u00ed 2025<\/td><\/tr><tr><td><strong>Dny otev\u0159en\u00fdch dve\u0159\u00ed<\/strong><\/td><td>22. duben 2026 prohl\u00eddka \u0161koly, setk\u00e1n\u00ed s veden\u00edm &#8211; od 9 h. Pro z\u00e1jemce o druh\u00fd stupe\u0148 je mo\u017eno si vyzkou\u0161et p\u0159\u00edmo v\u00fduku.<\/td><\/tr><tr><td>Adapta\u010dn\u00ed teambuildingov\u00fd v\u00fdlet 6.t\u0159\u00edda<\/td><td>3.- 5. z\u00e1\u0159\u00ed 2025<\/td><\/tr><tr><td>Adapta\u010dn\u00ed aktivity ostatn\u00ed t\u0159\u00eddy<\/td><td>3. \u2013 5. z\u00e1\u0159\u00ed 2025<\/td><\/tr><tr><td>Spole\u010dn\u00e9 t\u0159\u00eddn\u00ed sch\u016fzky 1., 6., 9. t\u0159\u00edda<\/td><td>2. z\u00e1\u0159\u00ed 2025<\/td><\/tr><tr><td>Spole\u010dn\u00e9 t\u0159\u00eddn\u00ed sch\u016fzky 2., 3. t\u0159\u00edda<\/td><td>3. z\u00e1\u0159\u00ed 2025<\/td><\/tr><tr><td>Spole\u010dn\u00e9 t\u0159\u00eddn\u00ed sch\u016fzky 4.,5., 7., 8. t\u0159\u00edda<\/td><td>4. z\u00e1\u0159\u00ed 2025<\/td><\/tr><tr><td>Podzimn\u00ed pr\u00e1zdniny + \u0158editelsk\u00e9&nbsp; volno<\/td><td>27. \u2013 31. \u0159\u00edjen 2025<\/td><\/tr><tr><td>Halloween ve \u0161kole<\/td><td>24. \u0159\u00edjen 2025<\/td><\/tr><tr><td>Sametov\u00fd den ve \u0161kole<\/td><td>14. listopad 2025<\/td><\/tr><tr><td>Thanksgiving Day<\/td><td>27. listopad 2025<\/td><\/tr><tr><td>Wellbeingov\u00fd den<\/td><td>28. listopad 2025<\/td><\/tr><tr><td>Adventn\u00ed d\u00edlny a dobro\u010dinn\u00fd jarmark<\/td><td>3. prosinec 2025<\/td><\/tr><tr><td>V\u00e1no\u010dn\u00ed dobro\u010dinn\u00fd koncert<\/td><td>11. prosinec 2025<\/td><\/tr><tr><td>V\u00e1no\u010dn\u00ed pr\u00e1zdniny<\/td><td>20. prosinec 2025 \u2013 4. leden 2026<\/td><\/tr><tr><td>Spole\u010dn\u00e9 t\u0159\u00eddn\u00ed sch\u016fzky 5. t\u0159\u00eddy<\/td><td>12. leden 2026<\/td><\/tr><tr><td>Spole\u010dn\u00e9 t\u0159\u00eddn\u00ed sch\u016fzky 1.-9. t\u0159\u00eddy<\/td><td>14. leden 2026<\/td><\/tr><tr><td>Winter kempy<\/td><td>28. \u2013 29. leden 2026<\/td><\/tr><tr><td>Z\u00e1pis do 1. t\u0159\u00edd pro rok 2026\/2027<\/td><td>28. leden 2026, dodate\u010dn\u00fd z\u00e1pis 12. \u00fanor 2026<\/td><\/tr><tr><td>Pololetn\u00ed vysv\u011bd\u010den\u00ed<\/td><td>29. leden 2026<\/td><\/tr><tr><td>Pololetn\u00ed pr\u00e1zdniny<\/td><td>30. leden 2026<\/td><\/tr><tr><td>Ly\u017ea\u0159sk\u00fd kurz, 6. a 7. t\u0159\u00edda<\/td><td>2.- 6. \u00fanor 2026<\/td><\/tr><tr><td>Jarn\u00ed pr\u00e1zdniny<\/td><td>2. \u2013 8. b\u0159ezen 2026<\/td><\/tr><tr><td>Book fair<\/td><td>19. &#8211; 20. b\u0159ezen 2026<\/td><\/tr><tr><td>Velikono\u010dn\u00ed pr\u00e1zdniny<\/td><td>2. \u2013 6. duben 2026<\/td><\/tr><tr><td>Den Zem\u011b<\/td><td>24. duben 2026<\/td><\/tr><tr><td>\u0158editelsk\u00e9  volno<\/td><td>4. kv\u011bten 2026<\/td><\/tr><tr><td>Zahrani\u010dn\u00ed studijn\u00ed cesta 6. t\u0159\u00edda, Dr\u00e1\u017e\u010fany<\/td><td>5. &#8211; 7. kv\u011bten 2026<\/td><\/tr><tr><td>Trip of choice&nbsp; pro \u017e\u00e1ky 9. t\u0159\u00eddy, \u0158\u00edm<\/td><td>11. &#8211; 15. kv\u011bten 2026<\/td><\/tr><tr><td>YLE mezin\u00e1rodn\u00ed jazykov\u00e9 zkou\u0161ky 4.t\u0159\u00edda<\/td><td>28. kv\u011bten 2026<\/td><\/tr><tr><td>Zahradn\u00ed slavnost<\/td><td>27. kv\u011bten 2026<\/td><\/tr><tr><td>\u0160koln\u00ed fotografov\u00e1n\u00ed<\/td><td>29. kv\u011bten 2026<\/td><\/tr><tr><td>\u0160kola nane\u010disto pro budouc\u00ed prv\u0148\u00e1\u010dky<\/td><td>2. \u010derven 2026<\/td><\/tr><tr><td>Atletick\u00fd poh\u00e1r<\/td><td>17. \u010derven 2026 pro \u017e\u00e1ky 1. stupn\u011b, 18. \u010derven 2026 pro \u017e\u00e1ky 2. stupn\u011b<\/td><\/tr><tr><td>Rozlu\u010dka s dev\u00e1\u0165\u00e1ky<\/td><td>bude up\u0159esn\u011bno<\/td><\/tr><tr><td>\u0160koly v p\u0159\u00edrod\u011b<\/td><td>22.- 25. \u010derven 2026<\/td><\/tr><tr><td>Vysv\u011bd\u010den\u00ed<\/td><td>26. \u010derven 2026<\/td><\/tr><tr><td>Letn\u00ed farm\u00e1\u0159sk\u00e9 kempy<\/td><td>1. turnus 27. &#8211; 31. \u010dervenec, 2. turnus 10.- 14. srpen 2026<\/td><\/tr><\/tbody><\/table><\/div><\/figure>\n\n<\/div>\n\n  <\/div>\n<\/div>\n\n\n  \n      <\/div>\n\n  <\/section>\n","protected":false},"excerpt":{"rendered":"","protected":false},"author":1,"featured_media":0,"parent":2572,"menu_order":0,"comment_status":"closed","ping_status":"closed","template":"","meta":{"footnotes":""},"class_list":["post-2577","page","type-page","status-publish","hentry"],"yoast_head":"<!-- This site is optimized with the Yoast SEO plugin v25.9 - https:\/\/yoast.com\/wordpress\/plugins\/seo\/ -->\n<title>Pl\u00e1n \u0161koln\u00edho roku Z\u0160 | Magic Hill \u0158\u00ed\u010dany<\/title>\n<meta name=\"description\" content=\"Pl\u00e1n \u0161koln\u00edho roku Z\u0160 Magic Hill v \u0158\u00ed\u010danech. P\u0159ehled d\u016fle\u017eit\u00fdch term\u00edn\u016f, pr\u00e1zdnin, ud\u00e1lost\u00ed a organizace v\u00fduky.\" \/>\n<meta name=\"robots\" content=\"index, follow, max-snippet:-1, max-image-preview:large, max-video-preview:-1\" \/>\n<link rel=\"canonical\" href=\"https:\/\/www.magic-hill.cz\/en\/zakladni-skola\/pro-rodice-zaku\/plan-skolniho-roku\/\" \/>\n<meta property=\"og:locale\" content=\"en_US\" \/>\n<meta property=\"og:type\" content=\"article\" \/>\n<meta property=\"og:title\" content=\"Pl\u00e1n \u0161koln\u00edho roku Z\u0160 | Magic Hill \u0158\u00ed\u010dany\" \/>\n<meta property=\"og:description\" content=\"Pl\u00e1n \u0161koln\u00edho roku Z\u0160 Magic Hill v \u0158\u00ed\u010danech. P\u0159ehled d\u016fle\u017eit\u00fdch term\u00edn\u016f, pr\u00e1zdnin, ud\u00e1lost\u00ed a organizace v\u00fduky.\" \/>\n<meta property=\"og:url\" content=\"https:\/\/www.magic-hill.cz\/en\/zakladni-skola\/pro-rodice-zaku\/plan-skolniho-roku\/\" \/>\n<meta property=\"og:site_name\" content=\"Magic Hill - \u0160kola, kde rosteme spolu.\" \/>\n<meta property=\"article:modified_time\" content=\"2026-04-13T09:20:37+00:00\" \/>\n<meta property=\"og:image\" content=\"https:\/\/www.magic-hill.cz\/wp-content\/uploads\/2025\/12\/ChatGPT-Image-15.-12.-2025-11_27_00-1024x683.png\" \/>\n\t<meta property=\"og:image:width\" content=\"1024\" \/>\n\t<meta property=\"og:image:height\" content=\"683\" \/>\n\t<meta property=\"og:image:type\" content=\"image\/png\" \/>\n<meta name=\"twitter:card\" content=\"summary_large_image\" \/>\n<meta name=\"twitter:label1\" content=\"Est. reading time\" \/>\n\t<meta name=\"twitter:data1\" content=\"2 minutes\" \/>\n<!-- \/ Yoast SEO plugin. -->","yoast_head_json":{"title":"Pl\u00e1n \u0161koln\u00edho roku Z\u0160 | Magic Hill \u0158\u00ed\u010dany","description":"Pl\u00e1n \u0161koln\u00edho roku Z\u0160 Magic Hill v \u0158\u00ed\u010danech. P\u0159ehled d\u016fle\u017eit\u00fdch term\u00edn\u016f, pr\u00e1zdnin, ud\u00e1lost\u00ed a organizace v\u00fduky.","robots":{"index":"index","follow":"follow","max-snippet":"max-snippet:-1","max-image-preview":"max-image-preview:large","max-video-preview":"max-video-preview:-1"},"canonical":"https:\/\/www.magic-hill.cz\/en\/zakladni-skola\/pro-rodice-zaku\/plan-skolniho-roku\/","og_locale":"en_US","og_type":"article","og_title":"Pl\u00e1n \u0161koln\u00edho roku Z\u0160 | Magic Hill \u0158\u00ed\u010dany","og_description":"Pl\u00e1n \u0161koln\u00edho roku Z\u0160 Magic Hill v \u0158\u00ed\u010danech. P\u0159ehled d\u016fle\u017eit\u00fdch term\u00edn\u016f, pr\u00e1zdnin, ud\u00e1lost\u00ed a organizace v\u00fduky.","og_url":"https:\/\/www.magic-hill.cz\/en\/zakladni-skola\/pro-rodice-zaku\/plan-skolniho-roku\/","og_site_name":"Magic Hill - \u0160kola, kde rosteme spolu.","article_modified_time":"2026-04-13T09:20:37+00:00","og_image":[{"width":1024,"height":683,"url":"https:\/\/www.magic-hill.cz\/wp-content\/uploads\/2025\/12\/ChatGPT-Image-15.-12.-2025-11_27_00-1024x683.png","type":"image\/png"}],"twitter_card":"summary_large_image","twitter_misc":{"Est. reading time":"2 minutes"},"schema":{"@context":"https:\/\/schema.org","@graph":[{"@type":"WebPage","@id":"https:\/\/www.magic-hill.cz\/en\/zakladni-skola\/pro-rodice-zaku\/plan-skolniho-roku\/","url":"https:\/\/www.magic-hill.cz\/en\/zakladni-skola\/pro-rodice-zaku\/plan-skolniho-roku\/","name":"Pl\u00e1n \u0161koln\u00edho roku Z\u0160 | Magic Hill \u0158\u00ed\u010dany","isPartOf":{"@id":"https:\/\/www.magic-hill.cz\/en\/#website"},"datePublished":"2025-11-10T10:49:08+00:00","dateModified":"2026-04-13T09:20:37+00:00","description":"Pl\u00e1n \u0161koln\u00edho roku Z\u0160 Magic Hill v \u0158\u00ed\u010danech. P\u0159ehled d\u016fle\u017eit\u00fdch term\u00edn\u016f, pr\u00e1zdnin, ud\u00e1lost\u00ed a organizace v\u00fduky.","breadcrumb":{"@id":"https:\/\/www.magic-hill.cz\/en\/zakladni-skola\/pro-rodice-zaku\/plan-skolniho-roku\/#breadcrumb"},"inLanguage":"en-US","potentialAction":[{"@type":"ReadAction","target":["https:\/\/www.magic-hill.cz\/en\/zakladni-skola\/pro-rodice-zaku\/plan-skolniho-roku\/"]}]},{"@type":"BreadcrumbList","@id":"https:\/\/www.magic-hill.cz\/en\/zakladni-skola\/pro-rodice-zaku\/plan-skolniho-roku\/#breadcrumb","itemListElement":[{"@type":"ListItem","position":1,"name":"Dom\u016f","item":"https:\/\/www.magic-hill.cz\/en\/"},{"@type":"ListItem","position":2,"name":"Elementary school","item":"https:\/\/www.magic-hill.cz\/en\/zakladni-skola\/"},{"@type":"ListItem","position":3,"name":"For parents of students","item":"https:\/\/www.magic-hill.cz\/en\/zakladni-skola\/pro-rodice-zaku\/"},{"@type":"ListItem","position":4,"name":"Pl\u00e1n \u0161koln\u00edho roku"}]},{"@type":"WebSite","@id":"https:\/\/www.magic-hill.cz\/en\/#website","url":"https:\/\/www.magic-hill.cz\/en\/","name":"Magic Hill - \u0160kola, kde rosteme spolu.","description":"","potentialAction":[{"@type":"SearchAction","target":{"@type":"EntryPoint","urlTemplate":"https:\/\/www.magic-hill.cz\/en\/?s={search_term_string}"},"query-input":{"@type":"PropertyValueSpecification","valueRequired":true,"valueName":"search_term_string"}}],"inLanguage":"en-US"}]}},"_links":{"self":[{"href":"https:\/\/www.magic-hill.cz\/en\/wp-json\/wp\/v2\/pages\/2577","targetHints":{"allow":["GET"]}}],"collection":[{"href":"https:\/\/www.magic-hill.cz\/en\/wp-json\/wp\/v2\/pages"}],"about":[{"href":"https:\/\/www.magic-hill.cz\/en\/wp-json\/wp\/v2\/types\/page"}],"author":[{"embeddable":true,"href":"https:\/\/www.magic-hill.cz\/en\/wp-json\/wp\/v2\/users\/1"}],"replies":[{"embeddable":true,"href":"https:\/\/www.magic-hill.cz\/en\/wp-json\/wp\/v2\/comments?post=2577"}],"version-history":[{"count":20,"href":"https:\/\/www.magic-hill.cz\/en\/wp-json\/wp\/v2\/pages\/2577\/revisions"}],"predecessor-version":[{"id":4109,"href":"https:\/\/www.magic-hill.cz\/en\/wp-json\/wp\/v2\/pages\/2577\/revisions\/4109"}],"up":[{"embeddable":true,"href":"https:\/\/www.magic-hill.cz\/en\/wp-json\/wp\/v2\/pages\/2572"}],"wp:attachment":[{"href":"https:\/\/www.magic-hill.cz\/en\/wp-json\/wp\/v2\/media?parent=2577"}],"curies":[{"name":"wp","href":"https:\/\/api.w.org\/{rel}","templated":true}]}}