{"id":2564,"date":"2025-11-18T10:48:27","date_gmt":"2025-11-18T09:48:27","guid":{"rendered":"https:\/\/www.magic-hill.cz\/skolni-farma\/farma-nabizi\/"},"modified":"2026-02-05T12:34:54","modified_gmt":"2026-02-05T11:34:54","slug":"farma-nabizi","status":"publish","type":"page","link":"https:\/\/www.magic-hill.cz\/en\/skolni-farma\/farma-nabizi\/","title":{"rendered":"Farma nab\u00edz\u00ed"},"content":{"rendered":"<section class=\"base-section u-posr\">\n  <div class=\"base-section__container d-flex flex-column gap-7 container\">\n        \n<header class=\"base-header d-flex flex-column align-items-center text-center gap-2\">\n\n  \n  <h1 class=\"base-heading mb-0 u-fw-600 u-text-balance u-h1\">\n            Farma nab\u00edz\u00ed celoro\u010dn\u00ed programy\n      <\/h1>\n\n      <div class=\"base-header__description entry-content mb-0\">Pro cenovou nab\u00eddku a dal\u0161\u00ed informace pi\u0161te na\u00a0<a href=\"mailto:farma@magic-hill.cz\">farma@magic-hill.cz.<\/a><\/div>\n  \n  \n  \n\n<\/header>\n\n\n  \n      <\/div>\n\n  <\/section>\n\n\n<section class=\"base-section u-posr\">\n  <div class=\"base-section__container d-flex flex-column gap-7 container\">\n        \n<header class=\"base-header d-flex flex-column align-items-center text-center gap-2\">\n\n  \n  <h2 class=\"base-heading mb-0 u-fw-600 u-text-balance u-h2\">\n            Pro \u0161koly\n      <\/h2>\n\n  \n  \n  \n\n<\/header>\n\n\n\n\n<div class=\"g-signpost row gy-4 justify-content-center --cols-2\">\n      <div class=\"g-signpost__cell col-xxl-6 col-md-6\">\n      \n\n\n<article class=\"i-signpost d-flex flex-column gap-2 h-100 --default\">\n\n  \n  <div class=\"i-signpost__body d-flex flex-column gap-2 h-100\">\n    <div class=\"i-signpost__content d-flex flex-column gap-2\">\n      <h3 class=\"base-heading mb-0 u-fw-600 u-text-balance u-h4\">\n            <span class=\"i-signpost__heading d-block u-color-primary-900 u-text-balance\"><strong>Prohl\u00eddka farmy<\/strong><\/span>\n        <\/h3>\n\n              <div class=\"i-signpost__description\">\n          Interaktivn\u00ed prohl\u00eddka farmy formou hry a pohybov\u00fdch aktivit.\n        <\/div>\n      \n              <div class=\"entry-content text-start\">\n<p><em>Sezn\u00e1m\u00edme \u017e\u00e1ky s histori\u00ed a sou\u010dasnost\u00ed farmy, projdeme z\u00e1hony s plodinami, nav\u0161t\u00edv\u00edme v\u00fdb\u011bhy pro zv\u00ed\u0159ata, p\u0159edstav\u00edme uplat\u0148ovan\u00e9 principy v souladu s filozofi\u00ed respektuj\u00edc\u00edho a udr\u017eiteln\u00e9ho hospoda\u0159en\u00ed.<\/em><\/p>\n\n<p><em>D\u00e9lka prohl\u00eddky je cca 90 min, v\u010detn\u011b drobn\u00e9ho ob\u010derstven\u00ed a v\u00fdslu\u017eky, pedagogick\u00fd doprovod je zdarma.<br>Cena za \u017e\u00e1ka je od 100 do 150 K\u010d. Skupiny maxim\u00e1ln\u011b o 25 d\u011btech.<\/em><\/p>\n<\/div>\n          <\/div>\n\n      <\/div>\n\n<\/article>\n    <\/div>\n      <div class=\"g-signpost__cell col-xxl-6 col-md-6\">\n      \n\n\n<article class=\"i-signpost d-flex flex-column gap-2 h-100 --default\">\n\n  \n  <div class=\"i-signpost__body d-flex flex-column gap-2 h-100\">\n    <div class=\"i-signpost__content d-flex flex-column gap-2\">\n      <h3 class=\"base-heading mb-0 u-fw-600 u-text-balance u-h4\">\n            <span class=\"i-signpost__heading d-block u-color-primary-900 u-text-balance\"><strong>Cel\u00fd den na farm\u011b<\/strong><\/span>\n        <\/h3>\n\n              <div class=\"i-signpost__description\">\n          Vyu\u017eijte are\u00e1l farmy s vybaven\u00edm a v\u00fdukov\u00fdm z\u00e1zem\u00edm.\n        <\/div>\n      \n              <div class=\"entry-content text-start\">\n<p><em>Sadem, z\u00e1hony, v\u00fdb\u011bhy se zv\u00ed\u0159aty, ale i p\u00edskovi\u0161t\u011bm, bosochodn\u00edkem, h\u0159i\u0161t\u011bm, ohni\u0161t\u011bm a bl\u00edzk\u00fdm lesem. Nab\u00edz\u00edme mo\u017enost drobn\u00fdch pomocn\u00fdch prac\u00ed na farm\u011b. Zajist\u00edme ob\u010derstven\u00ed i ob\u011bd z vlastn\u00ed \u0161koln\u00ed kuchyn\u011b.Cena 150,- za \u017e\u00e1ka, minim\u00e1ln\u011b 1800,- za skupinu. Pitn\u00fd re\u017eim je v cen\u011b vstupu, doprovod zdarma.<\/em><\/p>\n<\/div>\n          <\/div>\n\n      <\/div>\n\n<\/article>\n    <\/div>\n      <div class=\"g-signpost__cell col-xxl-6 col-md-6\">\n      \n\n\n<article class=\"i-signpost d-flex flex-column gap-2 h-100 --default\">\n\n      <div class=\"i-signpost__image-link u-img-hover flex-shrink-0 u-radius-sm\">\n      \n<div class=\"img u-posr overflow-hidden d-block --cover --placeholder  --ratio-4:3\">\n  <picture>\n    \n    <img loading=\"lazy\" decoding=\"async\" src=\"\" data-src=\"https:\/\/www.magic-hill.cz\/wp-content\/uploads\/2025\/11\/web_novy4-688x516-c-center.webp\" alt=\"Farma nab\u00edz\u00ed - Magic Hill - \u0160kola, kde rosteme spolu.\" width=\"688\" height=\"516\" draggable=\"false\" srcset=\"\" data-srcset=\"https:\/\/www.magic-hill.cz\/wp-content\/uploads\/2025\/11\/web_novy4-688x516-c-center.webp 1x, https:\/\/www.magic-hill.cz\/wp-content\/uploads\/2025\/11\/web_novy4-1376x1032-c-center.webp 2x\">\n  <\/picture>\n<\/div>\n    <\/div>\n  \n  <div class=\"i-signpost__body d-flex flex-column gap-2 h-100\">\n    <div class=\"i-signpost__content d-flex flex-column gap-2\">\n      <h3 class=\"base-heading mb-0 u-fw-600 u-text-balance u-h4\">\n            <span class=\"i-signpost__heading d-block u-color-primary-900 u-text-balance\"><\/span>\n        <\/h3>\n\n      \n              <div class=\"entry-content text-start\">\n<p><\/p>\n<\/div>\n          <\/div>\n\n      <\/div>\n\n<\/article>\n    <\/div>\n      <div class=\"g-signpost__cell col-xxl-6 col-md-6\">\n      \n\n\n<article class=\"i-signpost d-flex flex-column gap-2 h-100 --default\">\n\n  \n  <div class=\"i-signpost__body d-flex flex-column gap-2 h-100\">\n    <div class=\"i-signpost__content d-flex flex-column gap-2\">\n      <h3 class=\"base-heading mb-0 u-fw-600 u-text-balance u-h4\">\n            <span class=\"i-signpost__heading d-block u-color-primary-900 u-text-balance\"><strong>Z\u00e1\u017eitkov\u00e9 v\u00fdukov\u00e9 programy<\/strong><\/span>\n        <\/h3>\n\n              <div class=\"i-signpost__description\">\n          Pro \u017e\u00e1ky prvn\u00edho a druh\u00e9ho stupn\u011b z\u00e1kladn\u00edch \u0161kol a ni\u017e\u0161\u00edch ro\u010dn\u00edk\u016f v\u00edcelet\u00fdch gymn\u00e1zi\u00ed.\n        <\/div>\n      \n              <div class=\"entry-content text-start\">\n<p><em>Obsah programu odpov\u00edd\u00e1 po\u017eadovan\u00fdm v\u00fdstup\u016fm v p\u0159edm\u011btech a pr\u016f\u0159ezov\u00fdch t\u00e9matech v\u00fduky v jednotliv\u00fdch ro\u010dn\u00edc\u00edch.D\u00e9lka programu je 90 min, cena 100,- za \u017e\u00e1ka. Pitn\u00fd re\u017eim je v&nbsp;cen\u011b vstupu, doprovod zdarma. Skupiny maxim\u00e1ln\u011b o 25 d\u011btech.Po\u017eadujeme doprovod minim\u00e1ln\u011b jednoho pedagoga na 15 \u017e\u00e1k\u016f. Zodpov\u011bdnost za \u017e\u00e1ky nese pln\u011b pedagogick\u00fd doprovod, zam\u011bstnanci farmy odpov\u00eddaj\u00ed pouze za v\u00fdukov\u00fd program. Pros\u00edme, zohledn\u011bte, \u017ee program prob\u00edh\u00e1 venku, a podle aktu\u00e1ln\u00edho po\u010das\u00ed doporu\u010dte \u017e\u00e1k\u016fm vhodn\u00e9 venkovn\u00ed oble\u010den\u00ed na pr\u00e1ci a del\u0161\u00ed pobyt venku.M\u00e1te vlastn\u00ed t\u00e9ma nebo konkr\u00e9tn\u00ed projektov\u00fd den, kter\u00fd chcete str\u00e1vit u n\u00e1s, ale nevybrali jste si z nab\u00eddky na\u0161ich program\u016f? Pak se na n\u00e1s obra\u0165te, p\u0159iprav\u00edme v\u00e1m program p\u0159esn\u011b na m\u00edru!<\/em><\/p>\n<\/div>\n          <\/div>\n\n      <\/div>\n\n<\/article>\n    <\/div>\n  <\/div>\n\n\n  \n          \n\n\n\n  \n<div class=\"g-base d-flex flex-wrap justify-content-center gap-1 g-buttons align-items-center\">\n  \n      \n              <a class=\"btn u-posr u-cursor-pointer d-inline-flex gap-1 align-items-center justify-content-center flex-nowrap flex-shrink-0 --primary  --animated --animation-right   --full-width-mobile\"  href='https:\/\/www.magic-hill.cz\/objednani-navstevy\/'>\n      <span class=\"btn__title text-center\">\n      Objednat n\u00e1v\u0161t\u011bvu\n    <\/span>\n  \n      <span class=\"btn__icon d-flex align-items-center justify-content-center flex-shrink-0\">\n                \n  <span class=\"icon d-flex align-items-center justify-content-center\">\n          <svg width=\"24\" height=\"24\" viewBox=\"0 0 24 24\" fill=\"none\" xmlns=\"http:\/\/www.w3.org\/2000\/svg\">\n<path fill-rule=\"evenodd\" clip-rule=\"evenodd\" d=\"M15.5965 12L6 1.33552L7.20177 0L18 12L7.20177 24L6 22.6645L15.5965 12Z\" fill=\"#0E162C\"\/>\n<\/svg>\n      <\/span>\n          <\/span>\n  <\/a>\n      \n      \n\n    <\/div>\n      <\/div>\n\n  <\/section>\n\n\n<section class=\"base-section u-posr    --background\">\n  <div class=\"base-section__container d-flex flex-column gap-7 container\">\n        \n<header class=\"base-header d-flex flex-column align-items-center text-center gap-2\">\n\n  \n  <h2 class=\"base-heading mb-0 u-fw-600 u-text-balance u-h2\">\n            Pro \u0161kolky\n      <\/h2>\n\n  \n  \n  \n\n<\/header>\n\n\n\n\n<div class=\"g-signpost row gy-4 justify-content-center --cols-2\">\n      <div class=\"g-signpost__cell col-xxl-6 col-md-6\">\n      \n\n\n<article class=\"i-signpost d-flex flex-column gap-2 h-100 --default\">\n\n  \n  <div class=\"i-signpost__body d-flex flex-column gap-2 h-100\">\n    <div class=\"i-signpost__content d-flex flex-column gap-2\">\n      <h3 class=\"base-heading mb-0 u-fw-600 u-text-balance u-h4\">\n            <span class=\"i-signpost__heading d-block u-color-primary-900 u-text-balance\"><strong>Prohl\u00eddka farmy<\/strong><\/span>\n        <\/h3>\n\n              <div class=\"i-signpost__description\">\n          Interaktivn\u00ed prohl\u00eddka farmy formou hry a pohybov\u00fdch aktivit.\n        <\/div>\n      \n              <div class=\"entry-content text-start\">\n<p><em>Sezn\u00e1m\u00edme d\u011bti s histori\u00ed a sou\u010dasnost\u00ed farmy, projdeme z\u00e1hony s plodinami,<br>pozn\u00e1me, co v\u0161echno se na farm\u011b p\u011bstuje kdo na n\u00ed \u017eije. Nav\u0161t\u00edv\u00edme tak\u00e9 d\u011btsk\u00e9 h\u0159i\u0161t\u011b a bosochodn\u00edk.D\u00e9lka prohl\u00eddky je 60 min, cena 100,- za \u017e\u00e1ka, sezonn\u00ed v\u00fdslu\u017eka a pitn\u00fd re\u017eim je v cen\u011b vstupu, doprovod zdarma. Skupiny maxim\u00e1ln\u011b o 25 d\u011btech.<\/em><\/p>\n<\/div>\n          <\/div>\n\n      <\/div>\n\n<\/article>\n    <\/div>\n      <div class=\"g-signpost__cell col-xxl-6 col-md-6\">\n      \n\n\n<article class=\"i-signpost d-flex flex-column gap-2 h-100 --default\">\n\n  \n  <div class=\"i-signpost__body d-flex flex-column gap-2 h-100\">\n    <div class=\"i-signpost__content d-flex flex-column gap-2\">\n      <h3 class=\"base-heading mb-0 u-fw-600 u-text-balance u-h4\">\n            <span class=\"i-signpost__heading d-block u-color-primary-900 u-text-balance\"><strong>Cel\u00fd den na farm\u011b<\/strong><\/span>\n        <\/h3>\n\n              <div class=\"i-signpost__description\">\n          Vyu\u017eijte are\u00e1l farmy s vybaven\u00edm a v\u00fdukov\u00fdm z\u00e1zem\u00edm.\n        <\/div>\n      \n              <div class=\"entry-content text-start\">\n<p><em>Sadem, z\u00e1hony, v\u00fdb\u011bhy se zv\u00ed\u0159aty, ale i p\u00edskovi\u0161t\u011bm, bosochodn\u00edkem, h\u0159i\u0161t\u011bm, ohni\u0161t\u011bm a bl\u00edzk\u00fdm lesem. Zajist\u00edme ob\u010derstven\u00ed i ob\u011bd z vlastn\u00ed \u0161koln\u00ed kuchyn\u011b. Cena 100,- za \u017e\u00e1ka, minim\u00e1ln\u011b 1800,- za skupinu. Pitn\u00fd re\u017eim je v cen\u011b vstupu, doprovod zdarma.<\/em><\/p>\n<\/div>\n          <\/div>\n\n      <\/div>\n\n<\/article>\n    <\/div>\n      <div class=\"g-signpost__cell col-xxl-6 col-md-6\">\n      \n\n\n<article class=\"i-signpost d-flex flex-column gap-2 h-100 --default\">\n\n  \n  <div class=\"i-signpost__body d-flex flex-column gap-2 h-100\">\n    <div class=\"i-signpost__content d-flex flex-column gap-2\">\n      <h3 class=\"base-heading mb-0 u-fw-600 u-text-balance u-h4\">\n            <span class=\"i-signpost__heading d-block u-color-primary-900 u-text-balance\"><strong>V\u00fdukov\u00e9 programy hrou<\/strong><\/span>\n        <\/h3>\n\n              <div class=\"i-signpost__description\">\n          D\u00e9lka programu je 60 min, cena 90,- za \u017e\u00e1ka. Pitn\u00fd re\u017eim je v cen\u011b vstupu, doprovod zdarma. Skupiny maxim\u00e1ln\u011b o 20 d\u011btech.\n        <\/div>\n      \n              <div class=\"entry-content text-start\">\n<p><em>Programy prob\u00edhaj\u00ed celoro\u010dn\u011b.Po\u017eadujeme doprovod minim\u00e1ln\u011b jednoho pedagoga na 10 d\u011bt\u00ed. Zodpov\u011bdnost za d\u011bti nese pln\u011b pedagogick\u00fd doprovod, zam\u011bstnanci farmy odpov\u00eddaj\u00ed pouze za v\u00fdukov\u00fd program. Pros\u00edme, zohledn\u011bte, \u017ee program prob\u00edh\u00e1 venku, a podle aktu\u00e1ln\u00edho po\u010das\u00ed doporu\u010dte d\u011btem vhodn\u00e9 venkovn\u00ed oble\u010den\u00ed na del\u0161\u00ed pobyt venku. M\u00e1te vlastn\u00ed t\u00e9ma nebo konkr\u00e9tn\u00ed projektov\u00fd den, kter\u00fd chcete str\u00e1vit u n\u00e1s, ale nevybrali jste si z nab\u00eddky na\u0161ich program\u016f? Pak se na n\u00e1s obra\u0165te, p\u0159iprav\u00edme v\u00e1m program p\u0159esn\u011b na m\u00edru!<\/em><\/p>\n<\/div>\n          <\/div>\n\n      <\/div>\n\n<\/article>\n    <\/div>\n      <div class=\"g-signpost__cell col-xxl-6 col-md-6\">\n      \n\n\n<article class=\"i-signpost d-flex flex-column gap-2 h-100 --default\">\n\n      <div class=\"i-signpost__image-link u-img-hover flex-shrink-0 u-radius-sm\">\n      \n<div class=\"img u-posr overflow-hidden d-block --cover --placeholder  --ratio-4:3\">\n  <picture>\n    \n    <img loading=\"lazy\" decoding=\"async\" src=\"\" data-src=\"https:\/\/www.magic-hill.cz\/wp-content\/uploads\/2025\/11\/IMG_9378-scaled-1-688x516-c-center.webp\" alt=\"Farma nab\u00edz\u00ed - Magic Hill - \u0160kola, kde rosteme spolu.\" width=\"688\" height=\"516\" draggable=\"false\" srcset=\"\" data-srcset=\"https:\/\/www.magic-hill.cz\/wp-content\/uploads\/2025\/11\/IMG_9378-scaled-1-688x516-c-center.webp 1x, https:\/\/www.magic-hill.cz\/wp-content\/uploads\/2025\/11\/IMG_9378-scaled-1-1376x1032-c-center.webp 2x\">\n  <\/picture>\n<\/div>\n    <\/div>\n  \n  <div class=\"i-signpost__body d-flex flex-column gap-2 h-100\">\n    <div class=\"i-signpost__content d-flex flex-column gap-2\">\n      <h3 class=\"base-heading mb-0 u-fw-600 u-text-balance u-h4\">\n            <span class=\"i-signpost__heading d-block u-color-primary-900 u-text-balance\"><\/span>\n        <\/h3>\n\n      \n          <\/div>\n\n      <\/div>\n\n<\/article>\n    <\/div>\n  <\/div>\n\n\n  \n          \n\n\n\n  \n<div class=\"g-base d-flex flex-wrap justify-content-center gap-1 g-buttons align-items-center\">\n  \n      \n              <a class=\"btn u-posr u-cursor-pointer d-inline-flex gap-1 align-items-center justify-content-center flex-nowrap flex-shrink-0 --primary  --animated --animation-right   --full-width-mobile\"  href='https:\/\/www.magic-hill.cz\/objednani-navstevy\/'>\n      <span class=\"btn__title text-center\">\n      Objednat n\u00e1v\u0161t\u011bvu\n    <\/span>\n  \n      <span class=\"btn__icon d-flex align-items-center justify-content-center flex-shrink-0\">\n                \n  <span class=\"icon d-flex align-items-center justify-content-center\">\n          <svg width=\"24\" height=\"24\" viewBox=\"0 0 24 24\" fill=\"none\" xmlns=\"http:\/\/www.w3.org\/2000\/svg\">\n<path fill-rule=\"evenodd\" clip-rule=\"evenodd\" d=\"M15.5965 12L6 1.33552L7.20177 0L18 12L7.20177 24L6 22.6645L15.5965 12Z\" fill=\"#0E162C\"\/>\n<\/svg>\n      <\/span>\n          <\/span>\n  <\/a>\n      \n      \n\n    <\/div>\n      <\/div>\n\n  <\/section>\n\n\n<section class=\"base-section u-posr\">\n  <div class=\"base-section__container d-flex flex-column gap-7 container\">\n        \n<header class=\"base-header d-flex flex-column align-items-center text-center gap-2\">\n\n  \n  <h2 class=\"base-heading mb-0 u-fw-600 u-text-balance u-h2\">\n            Pro ve\u0159ejnost, organizace, firmy, z\u00e1\u017eitkov\u00e9 agentury nebo z\u00e1jmov\u00e9 krou\u017eky\n      <\/h2>\n\n  \n  \n  \n\n<\/header>\n\n\n\n\n<div class=\"g-signpost row gy-4 justify-content-center --cols-2\">\n      <div class=\"g-signpost__cell col-xxl-6 col-md-6\">\n      \n\n\n<article class=\"i-signpost d-flex flex-column gap-2 h-100 --default\">\n\n      <div class=\"i-signpost__image-link u-img-hover flex-shrink-0 u-radius-sm\">\n      \n<div class=\"img u-posr overflow-hidden d-block --cover --placeholder  --ratio-4:3\">\n  <picture>\n    \n    <img loading=\"lazy\" decoding=\"async\" src=\"\" data-src=\"https:\/\/www.magic-hill.cz\/wp-content\/uploads\/2025\/11\/web_novy7-2-688x516-c-center.webp\" alt=\"Farma nab\u00edz\u00ed - Magic Hill - \u0160kola, kde rosteme spolu.\" width=\"688\" height=\"516\" draggable=\"false\" srcset=\"\" data-srcset=\"https:\/\/www.magic-hill.cz\/wp-content\/uploads\/2025\/11\/web_novy7-2-688x516-c-center.webp 1x, https:\/\/www.magic-hill.cz\/wp-content\/uploads\/2025\/11\/web_novy7-2-1376x1032-c-center.webp 2x\">\n  <\/picture>\n<\/div>\n    <\/div>\n  \n  <div class=\"i-signpost__body d-flex flex-column gap-2 h-100\">\n    <div class=\"i-signpost__content d-flex flex-column gap-2\">\n      <h3 class=\"base-heading mb-0 u-fw-600 u-text-balance u-h4\">\n            <span class=\"i-signpost__heading d-block u-color-primary-900 u-text-balance\"><\/span>\n        <\/h3>\n\n      \n          <\/div>\n\n      <\/div>\n\n<\/article>\n    <\/div>\n      <div class=\"g-signpost__cell col-xxl-6 col-md-6\">\n      \n\n\n<article class=\"i-signpost d-flex flex-column gap-2 h-100 --default\">\n\n  \n  <div class=\"i-signpost__body d-flex flex-column gap-2 h-100\">\n    <div class=\"i-signpost__content d-flex flex-column gap-2\">\n      <h3 class=\"base-heading mb-0 u-fw-600 u-text-balance u-h4\">\n            <span class=\"i-signpost__heading d-block u-color-primary-900 u-text-balance\"><\/span>\n        <\/h3>\n\n      \n              <div class=\"entry-content text-start\">\n<ul class=\"wp-block-list\">\n<li>P\u0159eje si va\u0161e d\u00edt\u011b netradi\u010dn\u00ed oslavu narozenin mezi zv\u00ed\u0159\u00e1tky, nav\u00edc v bezpe\u010dn\u00e9m prost\u0159ed\u00ed uzp\u016fsoben\u00e9m pro pohyb d\u011bt\u00ed. P\u0159ij\u010fte s n\u00edm slavit na&nbsp;farmu!<\/li>\n\n\n\n<li>Chcete str\u00e1vit p\u0159\u00edjemn\u00fd \u010das s kolegy v neform\u00e1ln\u00edm netradi\u010dn\u00edm prost\u0159ed\u00ed,&nbsp; nad\u00fdchat se \u010derstv\u00e9ho vzduchu a debatovat u stolu nebo t\u0159eba v tr\u00e1v\u011b? P\u0159ije\u010fte k n\u00e1m s cel\u00fdm t\u00fdmem!<\/li>\n\n\n\n<li>Po\u0159\u00e1d\u00e1te teambuildingov\u00e9 programy a z\u00e1\u017eitkov\u00e9 akce pro firmy i jednotlivce? Vyu\u017eijte unik\u00e1tn\u00edch prostor na\u0161\u00ed farmy. Nab\u00edz\u00edme kompletn\u00ed z\u00e1zem\u00ed, dostate\u010dn\u00e9 prostory pro indoor i outdoor aktivity, zajist\u00edme catering i dal\u0161\u00ed servis. Vezm\u011bte k n\u00e1m sv\u00e9 klienty!<\/li>\n\n\n\n<li>Po\u0159\u00e1d\u00e1te p\u0159\u00edm\u011bstsk\u00e9 t\u00e1bory nebo tematick\u00e9 pr\u00e1zdninov\u00e9 \u010di v\u00edkendov\u00e9 kempy? P\u0159ije\u010fte si prohl\u00e9dnout na\u0161i farmu, kter\u00e1 nab\u00edz\u00ed mnoho p\u0159\u00edle\u017eitost\u00ed!<\/li>\n\n\n\n<li>Chcete dobrovolnicky pracovat v p\u0159\u00edrod\u011b, chcete si vyzkou\u0161et r\u016fzn\u00e9 druhy fyzick\u00e9 pr\u00e1ce, pot\u0159ebujete si odpo\u010dinout od stresu, vy\u010distit si hlavu? P\u0159ij\u010fte str\u00e1vit den, t\u00fdden nebo i v\u00edce na na\u0161\u00ed farmu!<\/li>\n<\/ul>\n<\/div>\n          <\/div>\n\n      <\/div>\n\n<\/article>\n    <\/div>\n  <\/div>\n\n\n  \n          \n\n\n\n  \n<div class=\"g-base d-flex flex-wrap justify-content-center gap-1 g-buttons align-items-center\">\n  \n      \n              <a class=\"btn u-posr u-cursor-pointer d-inline-flex gap-1 align-items-center justify-content-center flex-nowrap flex-shrink-0 --primary  --animated --animation-right   --full-width-mobile\"  href='https:\/\/www.magic-hill.cz\/objednani-navstevy\/'>\n      <span class=\"btn__title text-center\">\n      Objednat n\u00e1v\u0161t\u011bvu\n    <\/span>\n  \n      <span class=\"btn__icon d-flex align-items-center justify-content-center flex-shrink-0\">\n                \n  <span class=\"icon d-flex align-items-center justify-content-center\">\n          <svg width=\"24\" height=\"24\" viewBox=\"0 0 24 24\" fill=\"none\" xmlns=\"http:\/\/www.w3.org\/2000\/svg\">\n<path fill-rule=\"evenodd\" clip-rule=\"evenodd\" d=\"M15.5965 12L6 1.33552L7.20177 0L18 12L7.20177 24L6 22.6645L15.5965 12Z\" fill=\"#0E162C\"\/>\n<\/svg>\n      <\/span>\n          <\/span>\n  <\/a>\n      \n      \n\n    <\/div>\n      <\/div>\n\n  <\/section>\n","protected":false},"excerpt":{"rendered":"","protected":false},"author":1,"featured_media":0,"parent":2562,"menu_order":0,"comment_status":"closed","ping_status":"closed","template":"","meta":{"footnotes":""},"class_list":["post-2564","page","type-page","status-publish","hentry"],"yoast_head":"<!-- This site is optimized with the Yoast SEO plugin v25.9 - https:\/\/yoast.com\/wordpress\/plugins\/seo\/ -->\n<title>Farma nab\u00edz\u00ed - Magic Hill - \u0160kola, kde rosteme spolu.<\/title>\n<meta name=\"robots\" content=\"index, follow, max-snippet:-1, max-image-preview:large, max-video-preview:-1\" \/>\n<link rel=\"canonical\" href=\"https:\/\/www.magic-hill.cz\/en\/skolni-farma\/farma-nabizi\/\" \/>\n<meta property=\"og:locale\" content=\"en_US\" \/>\n<meta property=\"og:type\" content=\"article\" \/>\n<meta property=\"og:title\" content=\"Farma nab\u00edz\u00ed - Magic Hill - \u0160kola, kde rosteme spolu.\" \/>\n<meta property=\"og:url\" content=\"https:\/\/www.magic-hill.cz\/en\/skolni-farma\/farma-nabizi\/\" \/>\n<meta property=\"og:site_name\" content=\"Magic Hill - \u0160kola, kde rosteme spolu.\" \/>\n<meta property=\"article:modified_time\" content=\"2026-02-05T11:34:54+00:00\" \/>\n<meta property=\"og:image\" content=\"https:\/\/www.magic-hill.cz\/wp-content\/uploads\/2025\/12\/ChatGPT-Image-15.-12.-2025-11_27_00-1024x683.png\" \/>\n\t<meta property=\"og:image:width\" content=\"1024\" \/>\n\t<meta property=\"og:image:height\" content=\"683\" \/>\n\t<meta property=\"og:image:type\" content=\"image\/png\" \/>\n<meta name=\"twitter:card\" content=\"summary_large_image\" \/>\n<meta name=\"twitter:label1\" content=\"Est. reading time\" \/>\n\t<meta name=\"twitter:data1\" content=\"4 minutes\" \/>\n<!-- \/ Yoast SEO plugin. -->","yoast_head_json":{"title":"Farma nab\u00edz\u00ed - Magic Hill - \u0160kola, kde rosteme spolu.","robots":{"index":"index","follow":"follow","max-snippet":"max-snippet:-1","max-image-preview":"max-image-preview:large","max-video-preview":"max-video-preview:-1"},"canonical":"https:\/\/www.magic-hill.cz\/en\/skolni-farma\/farma-nabizi\/","og_locale":"en_US","og_type":"article","og_title":"Farma nab\u00edz\u00ed - Magic Hill - \u0160kola, kde rosteme spolu.","og_url":"https:\/\/www.magic-hill.cz\/en\/skolni-farma\/farma-nabizi\/","og_site_name":"Magic Hill - \u0160kola, kde rosteme spolu.","article_modified_time":"2026-02-05T11:34:54+00:00","og_image":[{"width":1024,"height":683,"url":"https:\/\/www.magic-hill.cz\/wp-content\/uploads\/2025\/12\/ChatGPT-Image-15.-12.-2025-11_27_00-1024x683.png","type":"image\/png"}],"twitter_card":"summary_large_image","twitter_misc":{"Est. reading time":"4 minutes"},"schema":{"@context":"https:\/\/schema.org","@graph":[{"@type":"WebPage","@id":"https:\/\/www.magic-hill.cz\/en\/skolni-farma\/farma-nabizi\/","url":"https:\/\/www.magic-hill.cz\/en\/skolni-farma\/farma-nabizi\/","name":"Farma nab\u00edz\u00ed - Magic Hill - \u0160kola, kde rosteme spolu.","isPartOf":{"@id":"https:\/\/www.magic-hill.cz\/en\/#website"},"datePublished":"2025-11-18T09:48:27+00:00","dateModified":"2026-02-05T11:34:54+00:00","breadcrumb":{"@id":"https:\/\/www.magic-hill.cz\/en\/skolni-farma\/farma-nabizi\/#breadcrumb"},"inLanguage":"en-US","potentialAction":[{"@type":"ReadAction","target":["https:\/\/www.magic-hill.cz\/en\/skolni-farma\/farma-nabizi\/"]}]},{"@type":"BreadcrumbList","@id":"https:\/\/www.magic-hill.cz\/en\/skolni-farma\/farma-nabizi\/#breadcrumb","itemListElement":[{"@type":"ListItem","position":1,"name":"Dom\u016f","item":"https:\/\/www.magic-hill.cz\/en\/"},{"@type":"ListItem","position":2,"name":"School farm","item":"https:\/\/www.magic-hill.cz\/en\/skolni-farma\/"},{"@type":"ListItem","position":3,"name":"Farma nab\u00edz\u00ed"}]},{"@type":"WebSite","@id":"https:\/\/www.magic-hill.cz\/en\/#website","url":"https:\/\/www.magic-hill.cz\/en\/","name":"Magic Hill - \u0160kola, kde rosteme spolu.","description":"","potentialAction":[{"@type":"SearchAction","target":{"@type":"EntryPoint","urlTemplate":"https:\/\/www.magic-hill.cz\/en\/?s={search_term_string}"},"query-input":{"@type":"PropertyValueSpecification","valueRequired":true,"valueName":"search_term_string"}}],"inLanguage":"en-US"}]}},"_links":{"self":[{"href":"https:\/\/www.magic-hill.cz\/en\/wp-json\/wp\/v2\/pages\/2564","targetHints":{"allow":["GET"]}}],"collection":[{"href":"https:\/\/www.magic-hill.cz\/en\/wp-json\/wp\/v2\/pages"}],"about":[{"href":"https:\/\/www.magic-hill.cz\/en\/wp-json\/wp\/v2\/types\/page"}],"author":[{"embeddable":true,"href":"https:\/\/www.magic-hill.cz\/en\/wp-json\/wp\/v2\/users\/1"}],"replies":[{"embeddable":true,"href":"https:\/\/www.magic-hill.cz\/en\/wp-json\/wp\/v2\/comments?post=2564"}],"version-history":[{"count":2,"href":"https:\/\/www.magic-hill.cz\/en\/wp-json\/wp\/v2\/pages\/2564\/revisions"}],"predecessor-version":[{"id":3863,"href":"https:\/\/www.magic-hill.cz\/en\/wp-json\/wp\/v2\/pages\/2564\/revisions\/3863"}],"up":[{"embeddable":true,"href":"https:\/\/www.magic-hill.cz\/en\/wp-json\/wp\/v2\/pages\/2562"}],"wp:attachment":[{"href":"https:\/\/www.magic-hill.cz\/en\/wp-json\/wp\/v2\/media?parent=2564"}],"curies":[{"name":"wp","href":"https:\/\/api.w.org\/{rel}","templated":true}]}}