{"id":2555,"date":"2025-12-01T11:00:11","date_gmt":"2025-12-01T10:00:11","guid":{"rendered":"https:\/\/www.magic-hill.cz\/proc-magic-hill\/mise-magic-hill\/"},"modified":"2025-12-09T15:56:26","modified_gmt":"2025-12-09T14:56:26","slug":"mise-magic-hill","status":"publish","type":"page","link":"https:\/\/www.magic-hill.cz\/en\/proc-magic-hill\/mise-magic-hill\/","title":{"rendered":"Our mission"},"content":{"rendered":"<section class=\"base-section u-posr\">\n  <div class=\"base-section__container d-flex flex-column gap-7 container\">\n        \n<header class=\"base-header d-flex flex-column align-items-center text-center gap-2\">\n\n  \n  <h1 class=\"base-heading mb-0 u-fw-600 u-text-balance u-h1\">\n            School where we grow together\n      <\/h1>\n\n      <div class=\"base-header__description entry-content mb-0\"><strong>Our mission:<\/strong><\/div>\n  \n  \n  \n\n<\/header>\n\n\n  \n      <\/div>\n\n  <\/section>\n\n\n<section class=\"base-section u-posr\">\n  <div class=\"base-section__container d-flex flex-column gap-7 container\">\n        \n<div class=\"g-text-and-media d-flex flex-column gap-4 --default\">\n\n  <div class=\"g-text-and-media__col --media-col w-100\">\n    \n<div class=\"i-media u-posr overflow-hidden u-radius-sm\">\n      \n<div class=\"img u-posr overflow-hidden d-block --cover --placeholder  --ratio-3:2\">\n  <picture>\n    \n    <img loading=\"lazy\" decoding=\"async\" src=\"\" data-src=\"https:\/\/www.magic-hill.cz\/wp-content\/uploads\/2025\/11\/hromadna2-1-scaled-668x445-c-center.webp\" alt=\"Our mission - Magic Hill - \u0160kola, kde rosteme spolu.\" width=\"668\" height=\"445\" draggable=\"false\" srcset=\"\" data-srcset=\"https:\/\/www.magic-hill.cz\/wp-content\/uploads\/2025\/11\/hromadna2-1-scaled-668x445-c-center.webp 1x, https:\/\/www.magic-hill.cz\/wp-content\/uploads\/2025\/11\/hromadna2-1-scaled-1336x890-c-center.webp 2x\">\n  <\/picture>\n<\/div>\n  \n  <\/div>\n  <\/div>\n\n  <div class=\"g-text-and-media__col --content-col w-100 align-self-center d-flex flex-column gap-3\">\n\n          <header class=\"base-header d-flex flex-column align-items-center text-center gap-2 --left --spacing-sm g-text-and-media__header-in\">\n\n        \n  <h2 class=\"base-heading mb-0 u-fw-600 u-text-balance u-h2\">\n            <strong>Helping every child discover and develop their unique potential.<\/strong>\n      <\/h2>\n\n  \n  \n  \n\n<\/header>\n    \n          <div class=\"g-text-and-media__body entry-content u-fz-md\">\n                          \n\n<p>At Magic Hill, we prepare your child for a future we cannot predict. Thanks to our individual approach in small classes, bilingual environment, and emphasis on a balance between knowledge and skills, your child will not only gain the necessary overview, but also abilities that they will truly use in their future life. Your child will not just learn to memorize facts with us. We teach children to understand contexts, connect knowledge, and apply it in practice. From mathematics to language and reading literacy to natural and social sciences and history\u2014we put everything into the context of the real world. In addition, students have the opportunity to choose from elective subjects according to their interests and professional orientation.<\/p>\n\n\n              <\/div>\n    \n    \n\n\n\n\n  <\/div>\n\n<\/div>\n\n\n  \n      <\/div>\n\n  <\/section>\n\n\n<section class=\"base-section u-posr    --background\">\n  <div class=\"base-section__container d-flex flex-column gap-7 container\">\n        \n<header class=\"base-header d-flex flex-column align-items-center text-center gap-2\">\n\n  \n  <h2 class=\"base-heading mb-0 u-fw-600 u-text-balance u-h2\">\n            From pre-school to ninth grade with a unified philosophy.\n      <\/h2>\n\n  \n  \n  \n\n<\/header>\n\n\n  \n      <\/div>\n\n  <\/section>\n\n\n<section class=\"base-section u-posr\">\n  <div class=\"base-section__container d-flex flex-column gap-7 container\">\n        \n\n<div class=\"row justify-content-center\">\n  <div class=\"col-12\">\n\n    <div class=\"entry-content\">\n\n<figure class=\"wp-block-embed is-type-video is-provider-youtube wp-block-embed-youtube wp-embed-aspect-9-16 wp-has-aspect-ratio\"><div class=\"wp-block-embed__wrapper\">\n<iframe loading=\"lazy\" title=\"Magic Hill od \u0161kolky po dev\u00e1tou t\u0159\u00eddu ????????\" width=\"422\" height=\"750\" src=\"https:\/\/www.youtube.com\/embed\/bNjTIb1EnnM?feature=oembed\" frameborder=\"0\" allow=\"accelerometer; autoplay; clipboard-write; encrypted-media; gyroscope; picture-in-picture; web-share\" referrerpolicy=\"strict-origin-when-cross-origin\" allowfullscreen><\/iframe>\n<\/div><\/figure>\n\n<\/div>\n\n  <\/div>\n<\/div>\n\n\n  \n          \n\n\n\n  \n<div class=\"g-base d-flex flex-wrap justify-content-center gap-1 g-buttons align-items-center\">\n  \n      \n              <a class=\"btn u-posr u-cursor-pointer d-inline-flex gap-1 align-items-center justify-content-center flex-nowrap flex-shrink-0 --primary  --animated --animation-right   --full-width-mobile\"  href='\/en\/sjednejte-si-navstevu'>\n      <span class=\"btn__title text-center\">\n      Make an appointment\n    <\/span>\n  \n      <span class=\"btn__icon d-flex align-items-center justify-content-center flex-shrink-0\">\n                \n  <span class=\"icon d-flex align-items-center justify-content-center\">\n          <svg width=\"24\" height=\"24\" viewBox=\"0 0 24 24\" fill=\"none\" xmlns=\"http:\/\/www.w3.org\/2000\/svg\">\n<path fill-rule=\"evenodd\" clip-rule=\"evenodd\" d=\"M15.5965 12L6 1.33552L7.20177 0L18 12L7.20177 24L6 22.6645L15.5965 12Z\" fill=\"#0E162C\"\/>\n<\/svg>\n      <\/span>\n          <\/span>\n  <\/a>\n      \n      \n\n    <\/div>\n      <\/div>\n\n  <\/section>\n","protected":false},"excerpt":{"rendered":"","protected":false},"author":1,"featured_media":0,"parent":2552,"menu_order":0,"comment_status":"closed","ping_status":"closed","template":"","meta":{"footnotes":""},"class_list":["post-2555","page","type-page","status-publish","hentry"],"yoast_head":"<!-- This site is optimized with the Yoast SEO plugin v25.9 - https:\/\/yoast.com\/wordpress\/plugins\/seo\/ -->\n<title>Our mission - Magic Hill - \u0160kola, kde rosteme spolu.<\/title>\n<meta name=\"robots\" content=\"index, follow, max-snippet:-1, max-image-preview:large, max-video-preview:-1\" \/>\n<link rel=\"canonical\" href=\"https:\/\/www.magic-hill.cz\/proc-magic-hill\/mise-magic-hill\/\" \/>\n<meta property=\"og:locale\" content=\"en_US\" \/>\n<meta property=\"og:type\" content=\"article\" \/>\n<meta property=\"og:title\" content=\"Our mission - Magic Hill - \u0160kola, kde rosteme spolu.\" \/>\n<meta property=\"og:url\" content=\"https:\/\/www.magic-hill.cz\/proc-magic-hill\/mise-magic-hill\/\" \/>\n<meta property=\"og:site_name\" content=\"Magic Hill - \u0160kola, kde rosteme spolu.\" \/>\n<meta property=\"article:modified_time\" content=\"2025-12-09T14:56:26+00:00\" \/>\n<meta property=\"og:image\" content=\"https:\/\/www.magic-hill.cz\/wp-content\/uploads\/2025\/12\/ChatGPT-Image-15.-12.-2025-11_27_00-1024x683.png\" \/>\n\t<meta property=\"og:image:width\" content=\"1024\" \/>\n\t<meta property=\"og:image:height\" content=\"683\" \/>\n\t<meta property=\"og:image:type\" content=\"image\/png\" \/>\n<meta name=\"twitter:card\" content=\"summary_large_image\" \/>\n<meta name=\"twitter:label1\" content=\"Est. reading time\" \/>\n\t<meta name=\"twitter:data1\" content=\"1 minute\" \/>\n<!-- \/ Yoast SEO plugin. -->","yoast_head_json":{"title":"Our mission - Magic Hill - \u0160kola, kde rosteme spolu.","robots":{"index":"index","follow":"follow","max-snippet":"max-snippet:-1","max-image-preview":"max-image-preview:large","max-video-preview":"max-video-preview:-1"},"canonical":"https:\/\/www.magic-hill.cz\/proc-magic-hill\/mise-magic-hill\/","og_locale":"en_US","og_type":"article","og_title":"Our mission - Magic Hill - \u0160kola, kde rosteme spolu.","og_url":"https:\/\/www.magic-hill.cz\/proc-magic-hill\/mise-magic-hill\/","og_site_name":"Magic Hill - \u0160kola, kde rosteme spolu.","article_modified_time":"2025-12-09T14:56:26+00:00","og_image":[{"width":1024,"height":683,"url":"https:\/\/www.magic-hill.cz\/wp-content\/uploads\/2025\/12\/ChatGPT-Image-15.-12.-2025-11_27_00-1024x683.png","type":"image\/png"}],"twitter_card":"summary_large_image","twitter_misc":{"Est. reading time":"1 minute"},"schema":{"@context":"https:\/\/schema.org","@graph":[{"@type":"WebPage","@id":"https:\/\/www.magic-hill.cz\/proc-magic-hill\/mise-magic-hill\/","url":"https:\/\/www.magic-hill.cz\/proc-magic-hill\/mise-magic-hill\/","name":"Our mission - Magic Hill - \u0160kola, kde rosteme spolu.","isPartOf":{"@id":"https:\/\/www.magic-hill.cz\/en\/#website"},"datePublished":"2025-12-01T10:00:11+00:00","dateModified":"2025-12-09T14:56:26+00:00","breadcrumb":{"@id":"https:\/\/www.magic-hill.cz\/proc-magic-hill\/mise-magic-hill\/#breadcrumb"},"inLanguage":"en-US","potentialAction":[{"@type":"ReadAction","target":["https:\/\/www.magic-hill.cz\/proc-magic-hill\/mise-magic-hill\/"]}]},{"@type":"BreadcrumbList","@id":"https:\/\/www.magic-hill.cz\/proc-magic-hill\/mise-magic-hill\/#breadcrumb","itemListElement":[{"@type":"ListItem","position":1,"name":"Dom\u016f","item":"https:\/\/www.magic-hill.cz\/en\/"},{"@type":"ListItem","position":2,"name":"Why Magic Hill","item":"https:\/\/www.magic-hill.cz\/proc-magic-hill\/"},{"@type":"ListItem","position":3,"name":"Our mission"}]},{"@type":"WebSite","@id":"https:\/\/www.magic-hill.cz\/en\/#website","url":"https:\/\/www.magic-hill.cz\/en\/","name":"Magic Hill - \u0160kola, kde rosteme spolu.","description":"","potentialAction":[{"@type":"SearchAction","target":{"@type":"EntryPoint","urlTemplate":"https:\/\/www.magic-hill.cz\/en\/?s={search_term_string}"},"query-input":{"@type":"PropertyValueSpecification","valueRequired":true,"valueName":"search_term_string"}}],"inLanguage":"en-US"}]}},"_links":{"self":[{"href":"https:\/\/www.magic-hill.cz\/en\/wp-json\/wp\/v2\/pages\/2555","targetHints":{"allow":["GET"]}}],"collection":[{"href":"https:\/\/www.magic-hill.cz\/en\/wp-json\/wp\/v2\/pages"}],"about":[{"href":"https:\/\/www.magic-hill.cz\/en\/wp-json\/wp\/v2\/types\/page"}],"author":[{"embeddable":true,"href":"https:\/\/www.magic-hill.cz\/en\/wp-json\/wp\/v2\/users\/1"}],"replies":[{"embeddable":true,"href":"https:\/\/www.magic-hill.cz\/en\/wp-json\/wp\/v2\/comments?post=2555"}],"version-history":[{"count":3,"href":"https:\/\/www.magic-hill.cz\/en\/wp-json\/wp\/v2\/pages\/2555\/revisions"}],"predecessor-version":[{"id":3164,"href":"https:\/\/www.magic-hill.cz\/en\/wp-json\/wp\/v2\/pages\/2555\/revisions\/3164"}],"up":[{"embeddable":true,"href":"https:\/\/www.magic-hill.cz\/en\/wp-json\/wp\/v2\/pages\/2552"}],"wp:attachment":[{"href":"https:\/\/www.magic-hill.cz\/en\/wp-json\/wp\/v2\/media?parent=2555"}],"curies":[{"name":"wp","href":"https:\/\/api.w.org\/{rel}","templated":true}]}}