{"id":2548,"date":"2025-11-13T11:01:38","date_gmt":"2025-11-13T10:01:38","guid":{"rendered":"https:\/\/www.magic-hill.cz\/omluvenka\/"},"modified":"2025-12-09T16:12:54","modified_gmt":"2025-12-09T15:12:54","slug":"omluvenka","status":"publish","type":"page","link":"https:\/\/www.magic-hill.cz\/en\/omluvenka\/","title":{"rendered":"Excuse note"},"content":{"rendered":"<section class=\"base-section u-posr\">\n  <div class=\"base-section__container d-flex flex-column gap-7 container\">\n        \n<header class=\"base-header d-flex flex-column align-items-center text-center gap-2\">\n\n  \n  <h1 class=\"base-heading mb-0 u-fw-600 u-text-balance u-h1\">\n            Excuse note\n      <\/h1>\n\n  \n  \n  \n\n<\/header>\n\n\n  \n      <\/div>\n\n  <\/section>\n\n\n<section class=\"base-section u-posr\">\n  <div class=\"base-section__container d-flex flex-column gap-7 container\">\n        \n<article class=\"i-banner d-flex align-items-center gap-4 gap-lg-5 p-md-5 p-4 u-posr  overflow-hidden u-radius-md u-border u-border-default\">\n\n  \n  <header class=\"i-banner__header d-flex flex-column gap-2 u-z-index-3 u-radius-sm\">\n          <h2 class=\"base-heading mb-0 u-fw-600 u-text-balance u-h3 i-banner__heading\">\n            Parents acknowledge that absences longer than 3 days are subject to approval by the school principal. Students are required to make up any missed work on their own.<br><br>Requests for long-term exemption from classes or subjects should be directed to the school office.\n      <\/h2>\n    \n      <\/header>\n\n  \n  \n  \n<\/article>\n\n\n  \n      <\/div>\n\n  <\/section>\n\n\n<section class=\"base-section u-posr    --background\">\n  <div class=\"base-section__container d-flex flex-column gap-7 container\">\n        \n\n<div class=\"row justify-content-center\">\n  <div class=\"col-12\">\n\n    <div class=\"entry-content\">\n\n\n<div class=\"wpcf7 no-js\" id=\"wpcf7-f3230-o1\" lang=\"en-US\" dir=\"ltr\" data-wpcf7-id=\"3230\">\n<div class=\"screen-reader-response\"><p role=\"status\" aria-live=\"polite\" aria-atomic=\"true\"><\/p> <ul><\/ul><\/div>\n<form action=\"\/en\/wp-json\/wp\/v2\/pages\/2548#wpcf7-f3230-o1\" method=\"post\" class=\"wpcf7-form init\" aria-label=\"Contact form\" novalidate=\"novalidate\" data-status=\"init\">\n<fieldset class=\"hidden-fields-container\"><input type=\"hidden\" name=\"_wpcf7\" value=\"3230\" \/><input type=\"hidden\" name=\"_wpcf7_version\" value=\"6.1.3\" \/><input type=\"hidden\" name=\"_wpcf7_locale\" value=\"en_US\" \/><input type=\"hidden\" name=\"_wpcf7_unit_tag\" value=\"wpcf7-f3230-o1\" \/><input type=\"hidden\" name=\"_wpcf7_container_post\" value=\"0\" \/><input type=\"hidden\" name=\"_wpcf7_posted_data_hash\" value=\"\" \/>\n<\/fieldset>\n<p>Jm\u00e9no a p\u0159\u00edjmen\u00ed (vy\u017eadov\u00e1no)\n<\/p>\n<p><span class=\"wpcf7-form-control-wrap\" data-name=\"your-name\"><input size=\"40\" maxlength=\"400\" class=\"wpcf7-form-control wpcf7-text wpcf7-validates-as-required\" aria-required=\"true\" aria-invalid=\"false\" value=\"\" type=\"text\" name=\"your-name\" \/><\/span>\n<\/p>\n<p>T\u0159\u00edda (vy\u017eadov\u00e1no)\n<\/p>\n<p><span class=\"wpcf7-form-control-wrap\" data-name=\"grade\"><input size=\"40\" maxlength=\"400\" class=\"wpcf7-form-control wpcf7-text wpcf7-validates-as-required\" aria-required=\"true\" aria-invalid=\"false\" value=\"\" type=\"text\" name=\"grade\" \/><\/span>\n<\/p>\n<p>Term\u00edn (vy\u017eadov\u00e1no)\n<\/p>\n<p><span class=\"wpcf7-form-control-wrap\" data-name=\"date\"><input size=\"40\" maxlength=\"400\" class=\"wpcf7-form-control wpcf7-text wpcf7-validates-as-required\" aria-required=\"true\" aria-invalid=\"false\" value=\"\" type=\"text\" name=\"date\" \/><\/span>\n<\/p>\n<p> Jm\u00e9no a p\u0159\u00edjmen\u00ed z\u00e1konn\u00e9ho z\u00e1stupce (vy\u017eadov\u00e1no)\n<\/p>\n<p><span class=\"wpcf7-form-control-wrap\" data-name=\"your-parent-name\"><input size=\"40\" maxlength=\"400\" class=\"wpcf7-form-control wpcf7-text wpcf7-validates-as-required\" aria-required=\"true\" aria-invalid=\"false\" value=\"\" type=\"text\" name=\"your-parent-name\" \/><\/span>\n<\/p>\n<p>Zd\u016fvodn\u011bn\u00ed \u017e\u00e1dosti (vy\u017eadov\u00e1no)\n<\/p>\n<p><span class=\"wpcf7-form-control-wrap\" data-name=\"your-message\"><textarea cols=\"40\" rows=\"10\" maxlength=\"2000\" class=\"wpcf7-form-control wpcf7-textarea wpcf7-validates-as-required\" aria-required=\"true\" aria-invalid=\"false\" name=\"your-message\"><\/textarea><\/span>\n<\/p>\n<p> Email rodi\u010de (vy\u017eadov\u00e1no)\n<\/p>\n<p><span class=\"wpcf7-form-control-wrap\" data-name=\"email-rodice\"><input size=\"40\" maxlength=\"400\" class=\"wpcf7-form-control wpcf7-email wpcf7-validates-as-required wpcf7-text wpcf7-validates-as-email\" aria-required=\"true\" aria-invalid=\"false\" value=\"\" type=\"email\" name=\"email-rodice\" \/><\/span>\n<\/p>\n<p><input class=\"wpcf7-form-control wpcf7-submit has-spinner\" type=\"submit\" value=\"Odeslat\" \/>\n<\/p><div class=\"wpcf7-response-output\" aria-hidden=\"true\"><\/div>\n<\/form>\n<\/div>\n\n\n<\/div>\n\n  <\/div>\n<\/div>\n\n\n  \n      <\/div>\n\n  <\/section>\n","protected":false},"excerpt":{"rendered":"","protected":false},"author":1,"featured_media":0,"parent":0,"menu_order":0,"comment_status":"closed","ping_status":"closed","template":"","meta":{"footnotes":""},"class_list":["post-2548","page","type-page","status-publish","hentry"],"yoast_head":"<!-- This site is optimized with the Yoast SEO plugin v25.9 - https:\/\/yoast.com\/wordpress\/plugins\/seo\/ -->\n<title>Excuse note - Magic Hill - \u0160kola, kde rosteme spolu.<\/title>\n<meta name=\"robots\" content=\"index, follow, max-snippet:-1, max-image-preview:large, max-video-preview:-1\" \/>\n<link rel=\"canonical\" href=\"https:\/\/www.magic-hill.cz\/en\/omluvenka\/\" \/>\n<meta property=\"og:locale\" content=\"en_US\" \/>\n<meta property=\"og:type\" content=\"article\" \/>\n<meta property=\"og:title\" content=\"Excuse note - Magic Hill - \u0160kola, kde rosteme spolu.\" \/>\n<meta property=\"og:url\" content=\"https:\/\/www.magic-hill.cz\/en\/omluvenka\/\" \/>\n<meta property=\"og:site_name\" content=\"Magic Hill - \u0160kola, kde rosteme spolu.\" \/>\n<meta property=\"article:modified_time\" content=\"2025-12-09T15:12:54+00:00\" \/>\n<meta property=\"og:image\" content=\"https:\/\/www.magic-hill.cz\/wp-content\/uploads\/2025\/12\/ChatGPT-Image-15.-12.-2025-11_27_00-1024x683.png\" \/>\n\t<meta property=\"og:image:width\" content=\"1024\" \/>\n\t<meta property=\"og:image:height\" content=\"683\" \/>\n\t<meta property=\"og:image:type\" content=\"image\/png\" \/>\n<meta name=\"twitter:card\" content=\"summary_large_image\" \/>\n<!-- \/ Yoast SEO plugin. -->","yoast_head_json":{"title":"Excuse note - Magic Hill - \u0160kola, kde rosteme spolu.","robots":{"index":"index","follow":"follow","max-snippet":"max-snippet:-1","max-image-preview":"max-image-preview:large","max-video-preview":"max-video-preview:-1"},"canonical":"https:\/\/www.magic-hill.cz\/en\/omluvenka\/","og_locale":"en_US","og_type":"article","og_title":"Excuse note - Magic Hill - \u0160kola, kde rosteme spolu.","og_url":"https:\/\/www.magic-hill.cz\/en\/omluvenka\/","og_site_name":"Magic Hill - \u0160kola, kde rosteme spolu.","article_modified_time":"2025-12-09T15:12:54+00:00","og_image":[{"width":1024,"height":683,"url":"https:\/\/www.magic-hill.cz\/wp-content\/uploads\/2025\/12\/ChatGPT-Image-15.-12.-2025-11_27_00-1024x683.png","type":"image\/png"}],"twitter_card":"summary_large_image","schema":{"@context":"https:\/\/schema.org","@graph":[{"@type":"WebPage","@id":"https:\/\/www.magic-hill.cz\/en\/omluvenka\/","url":"https:\/\/www.magic-hill.cz\/en\/omluvenka\/","name":"Excuse note - Magic Hill - \u0160kola, kde rosteme spolu.","isPartOf":{"@id":"https:\/\/www.magic-hill.cz\/en\/#website"},"datePublished":"2025-11-13T10:01:38+00:00","dateModified":"2025-12-09T15:12:54+00:00","breadcrumb":{"@id":"https:\/\/www.magic-hill.cz\/en\/omluvenka\/#breadcrumb"},"inLanguage":"en-US","potentialAction":[{"@type":"ReadAction","target":["https:\/\/www.magic-hill.cz\/en\/omluvenka\/"]}]},{"@type":"BreadcrumbList","@id":"https:\/\/www.magic-hill.cz\/en\/omluvenka\/#breadcrumb","itemListElement":[{"@type":"ListItem","position":1,"name":"Dom\u016f","item":"https:\/\/www.magic-hill.cz\/en\/"},{"@type":"ListItem","position":2,"name":"Excuse note"}]},{"@type":"WebSite","@id":"https:\/\/www.magic-hill.cz\/en\/#website","url":"https:\/\/www.magic-hill.cz\/en\/","name":"Magic Hill - \u0160kola, kde rosteme spolu.","description":"","potentialAction":[{"@type":"SearchAction","target":{"@type":"EntryPoint","urlTemplate":"https:\/\/www.magic-hill.cz\/en\/?s={search_term_string}"},"query-input":{"@type":"PropertyValueSpecification","valueRequired":true,"valueName":"search_term_string"}}],"inLanguage":"en-US"}]}},"_links":{"self":[{"href":"https:\/\/www.magic-hill.cz\/en\/wp-json\/wp\/v2\/pages\/2548","targetHints":{"allow":["GET"]}}],"collection":[{"href":"https:\/\/www.magic-hill.cz\/en\/wp-json\/wp\/v2\/pages"}],"about":[{"href":"https:\/\/www.magic-hill.cz\/en\/wp-json\/wp\/v2\/types\/page"}],"author":[{"embeddable":true,"href":"https:\/\/www.magic-hill.cz\/en\/wp-json\/wp\/v2\/users\/1"}],"replies":[{"embeddable":true,"href":"https:\/\/www.magic-hill.cz\/en\/wp-json\/wp\/v2\/comments?post=2548"}],"version-history":[{"count":1,"href":"https:\/\/www.magic-hill.cz\/en\/wp-json\/wp\/v2\/pages\/2548\/revisions"}],"predecessor-version":[{"id":3199,"href":"https:\/\/www.magic-hill.cz\/en\/wp-json\/wp\/v2\/pages\/2548\/revisions\/3199"}],"wp:attachment":[{"href":"https:\/\/www.magic-hill.cz\/en\/wp-json\/wp\/v2\/media?parent=2548"}],"curies":[{"name":"wp","href":"https:\/\/api.w.org\/{rel}","templated":true}]}}