{"id":2545,"date":"2025-11-10T11:41:49","date_gmt":"2025-11-10T10:41:49","guid":{"rendered":"https:\/\/www.magic-hill.cz\/materska-skola\/pro-zajemce-ms\/registracni-formular\/"},"modified":"2025-12-15T11:42:20","modified_gmt":"2025-12-15T10:42:20","slug":"registracni-formular","status":"publish","type":"page","link":"https:\/\/www.magic-hill.cz\/en\/materska-skola\/pro-zajemce-ms\/registracni-formular\/","title":{"rendered":"Pre-school application form"},"content":{"rendered":"<section class=\"base-section u-posr\">\n  <div class=\"base-section__container d-flex flex-column gap-7 container\">\n        \n<header class=\"base-header d-flex flex-column align-items-center text-center gap-2\">\n\n  \n  <h1 class=\"base-heading mb-0 u-fw-600 u-text-balance u-h1\">\n            Pre-school application form\n      <\/h1>\n\n      <div class=\"base-header__description entry-content mb-0\">To register and reserve a place, please fill out and submit the application form, including your attendance requirements. You can choose from the available options or arrange attendance on an individual basis. If there is sufficient capacity, we will confirm your application immediately and send you instructions for binding registration.<\/div>\n  \n  \n  \n\n<\/header>\n\n\n  \n      <\/div>\n\n  <\/section>\n\n\n<section class=\"base-section u-posr    --background\">\n  <div class=\"base-section__container d-flex flex-column gap-7 container\">\n        \n\n<div class=\"row justify-content-center\">\n  <div class=\"col-12\">\n\n    <div class=\"entry-content\">\n\n<p class=\"has-text-align-center\">\n<div class=\"wpcf7 no-js\" id=\"wpcf7-f3226-o1\" lang=\"en-US\" dir=\"ltr\" data-wpcf7-id=\"3226\">\n<div class=\"screen-reader-response\"><p role=\"status\" aria-live=\"polite\" aria-atomic=\"true\"><\/p> <ul><\/ul><\/div>\n<form action=\"\/en\/wp-json\/wp\/v2\/pages\/2545#wpcf7-f3226-o1\" method=\"post\" class=\"wpcf7-form init\" aria-label=\"Contact form\" novalidate=\"novalidate\" data-status=\"init\">\n<fieldset class=\"hidden-fields-container\"><input type=\"hidden\" name=\"_wpcf7\" value=\"3226\" \/><input type=\"hidden\" name=\"_wpcf7_version\" value=\"6.1.3\" \/><input type=\"hidden\" name=\"_wpcf7_locale\" value=\"en_US\" \/><input type=\"hidden\" name=\"_wpcf7_unit_tag\" value=\"wpcf7-f3226-o1\" \/><input type=\"hidden\" name=\"_wpcf7_container_post\" value=\"0\" \/><input type=\"hidden\" name=\"_wpcf7_posted_data_hash\" value=\"\" \/>\n<\/fieldset>\n<p>Jm\u00e9no d\u00edt\u011bte (vy\u017eadov\u00e1no)\n<\/p>\n<p><span class=\"wpcf7-form-control-wrap\" data-name=\"child-name\"><input size=\"40\" maxlength=\"400\" class=\"wpcf7-form-control wpcf7-text wpcf7-validates-as-required\" aria-required=\"true\" aria-invalid=\"false\" value=\"\" type=\"text\" name=\"child-name\" \/><\/span>\n<\/p>\n<p>Druh doch\u00e1zky\n<\/p>\n<p><span class=\"wpcf7-form-control-wrap\" data-name=\"dochazka\"><select class=\"wpcf7-form-control wpcf7-select wpcf7-validates-as-required\" aria-required=\"true\" aria-invalid=\"false\" name=\"dochazka\"><option value=\"Zvolte mo\u017enost\">Zvolte mo\u017enost<\/option><option value=\"5x t\u00fddn\u011b celodenn\u00ed do 17:30\">5x t\u00fddn\u011b celodenn\u00ed do 17:30<\/option><option value=\"5x t\u00fddn\u011b kr\u00e1tk\u00fd den do 15:30\">5x t\u00fddn\u011b kr\u00e1tk\u00fd den do 15:30<\/option><option value=\"5x t\u00fddn\u011b dopoledn\u00ed do 13:00\">5x t\u00fddn\u011b dopoledn\u00ed do 13:00<\/option><option value=\"3x t\u00fddn\u011b kr\u00e1tk\u00fd den do 15:30\">3x t\u00fddn\u011b kr\u00e1tk\u00fd den do 15:30<\/option><option value=\"3x t\u00fddn\u011b celodenn\u00ed do 17:30\">3x t\u00fddn\u011b celodenn\u00ed do 17:30<\/option><option value=\"Nepravideln\u00e1 doch\u00e1zka 2 hodiny\">Nepravideln\u00e1 doch\u00e1zka 2 hodiny<\/option><option value=\"Nepravideln\u00e1 doch\u00e1zka kr\u00e1tk\u00fd den\">Nepravideln\u00e1 doch\u00e1zka kr\u00e1tk\u00fd den<\/option><\/select><\/span>\n<\/p>\n<p> Trval\u00e9 bydli\u0161t\u011b d\u00edt\u011bte (vy\u017eadov\u00e1no)\n<\/p>\n<p><span class=\"wpcf7-form-control-wrap\" data-name=\"permanent-residence\"><input size=\"40\" maxlength=\"400\" class=\"wpcf7-form-control wpcf7-text wpcf7-validates-as-required\" aria-required=\"true\" aria-invalid=\"false\" value=\"\" type=\"text\" name=\"permanent-residence\" \/><\/span>\n<\/p>\n<p> N\u00e1zev a adresa sp\u00e1dov\u00e9 mate\u0159sk\u00e9 \u0161koly (vy\u017eadov\u00e1no)\n<\/p>\n<p><span class=\"wpcf7-form-control-wrap\" data-name=\"catchment-school\"><input size=\"40\" maxlength=\"400\" class=\"wpcf7-form-control wpcf7-text wpcf7-validates-as-required\" aria-required=\"true\" aria-invalid=\"false\" value=\"\" type=\"text\" name=\"catchment-school\" \/><\/span>\n<\/p>\n<p>Datum narozen\u00ed d\u00edt\u011bte (vy\u017eadov\u00e1no)\n<\/p>\n<p><span class=\"wpcf7-form-control-wrap\" data-name=\"birthdate\"><input size=\"40\" maxlength=\"400\" class=\"wpcf7-form-control wpcf7-text wpcf7-validates-as-required\" aria-required=\"true\" aria-invalid=\"false\" value=\"\" type=\"text\" name=\"birthdate\" \/><\/span>\n<\/p>\n<p>Rodn\u00e9 \u010d\u00edslo d\u00edt\u011bte (vy\u017eadov\u00e1no)\n<\/p>\n<p><span class=\"wpcf7-form-control-wrap\" data-name=\"rodne-cislo\"><input size=\"40\" maxlength=\"400\" class=\"wpcf7-form-control wpcf7-text wpcf7-validates-as-required\" aria-required=\"true\" aria-invalid=\"false\" value=\"\" type=\"text\" name=\"rodne-cislo\" \/><\/span>\n<\/p>\n<p>Jm\u00e9no z\u00e1konn\u00e9ho z\u00e1stupce (vy\u017eadov\u00e1no)\n<\/p>\n<p><span class=\"wpcf7-form-control-wrap\" data-name=\"parent-name\"><input size=\"40\" maxlength=\"400\" class=\"wpcf7-form-control wpcf7-text wpcf7-validates-as-required\" aria-required=\"true\" aria-invalid=\"false\" value=\"\" type=\"text\" name=\"parent-name\" \/><\/span>\n<\/p>\n<p>Telefon z\u00e1konn\u00e9ho z\u00e1stupce (vy\u017eadov\u00e1no)\n<\/p>\n<p><span class=\"wpcf7-form-control-wrap\" data-name=\"parent-phone\"><input size=\"40\" maxlength=\"400\" class=\"wpcf7-form-control wpcf7-text wpcf7-validates-as-required\" aria-required=\"true\" aria-invalid=\"false\" value=\"\" type=\"text\" name=\"parent-phone\" \/><\/span>\n<\/p>\n<p>Email z\u00e1konn\u00e9ho z\u00e1stupce (vy\u017eadov\u00e1no)\n<\/p>\n<p><span class=\"wpcf7-form-control-wrap\" data-name=\"parent-email\"><input size=\"40\" maxlength=\"400\" class=\"wpcf7-form-control wpcf7-email wpcf7-validates-as-required wpcf7-text wpcf7-validates-as-email\" aria-required=\"true\" aria-invalid=\"false\" value=\"\" type=\"email\" name=\"parent-email\" \/><\/span>\n<\/p>\n<p>Va\u0161e zpr\u00e1va\n<\/p>\n<p><span class=\"wpcf7-form-control-wrap\" data-name=\"your-message\"><textarea cols=\"40\" rows=\"10\" maxlength=\"2000\" class=\"wpcf7-form-control wpcf7-textarea\" aria-invalid=\"false\" name=\"your-message\"><\/textarea><\/span>\n<\/p>\n<p>Odesl\u00e1n\u00edm tohoto formul\u00e1\u0159e beru na v\u011bdom\u00ed, \u017ee Magic Hill mate\u0159sk\u00e1 \u0161kola, s.r.o., I\u010c: 27161102, se s\u00eddlem Nov\u00e1 Hospoda 334, 25168 Kamenice (d\u00e1le jen \u201e\u0161kolka\u201c), jako spr\u00e1vce shroma\u017e\u010fuje, zpracov\u00e1v\u00e1 a uchov\u00e1v\u00e1 osobn\u00ed \u00fadaje \u017eadatel\u016f o v\u00fduku. Zpracov\u00e1n\u00ed t\u011bchto osobn\u00edch \u00fadaj\u016f je nezbytn\u00e9 pro jednozna\u010dnou identifikaci budouc\u00edch \u017e\u00e1k\u016f a jejich z\u00e1konn\u00fdch z\u00e1stupc\u016f v souvislosti s p\u0159\u00edj\u00edmac\u00edm \u0159\u00edzen\u00edm a k zaji\u0161t\u011bn\u00ed n\u00e1sledn\u00fdch \u00fakol\u016f v oblasti poskytov\u00e1n\u00ed vzd\u011bl\u00e1n\u00ed, zejm\u00e9na veden\u00ed \u0161koln\u00ed matriky na z\u00e1klad\u011b ust. \u00a7 28 z\u00e1kona \u010d. 561\/2004 Sb., o p\u0159ed\u0161koln\u00edm, z\u00e1kladn\u00edm, st\u0159edn\u00edm, vy\u0161\u0161\u00edm odborn\u00e9m a jin\u00e9m vzd\u011bl\u00e1v\u00e1n\u00ed. Neposkytnut\u00ed osobn\u00edch \u00fadaj\u016f bude m\u00edt za n\u00e1sledek zam\u00edtnut\u00ed \u017e\u00e1dosti, a tud\u00ed\u017e nemo\u017enost zah\u00e1jen\u00ed p\u0159\u00edj\u00edmac\u00edho \u0159\u00edzen\u00ed. \u0160kola k v\u00fd\u0161e uveden\u00e9mu \u00fa\u010delu rovn\u011b\u017e zpracov\u00e1v\u00e1 dal\u0161\u00ed osobn\u00ed \u00fadaje, kter\u00e9 lze svou povahou ozna\u010dit za kontaktn\u00ed \u00fadaje (e-mailov\u00fd kontakt). Poskytnut\u00ed osobn\u00edch \u00fadaj\u016f dle p\u0159edchoz\u00ed v\u011bty je dobrovoln\u00e9, jeliko\u017e slou\u017e\u00ed pouze k usnadn\u011bn\u00ed komunikace ohledn\u011b podan\u00e9 \u017e\u00e1dosti a dal\u0161\u00edch z\u00e1le\u017eitost\u00ed spojen\u00fdch s p\u0159\u00edj\u00edmac\u00edm \u0159\u00edzen\u00edm. V p\u0159\u00edpad\u011b zam\u00edtnut\u00ed \u017e\u00e1dosti z kapacitn\u00edch \u010di jin\u00fdch d\u016fvod\u016f, budou sd\u011blen\u00e9 \u00fadaje neprodlen\u011b zlikvidov\u00e1ny, nebude-li ze strany \u017eadatel\u016f ud\u011blen v\u00fdslovn\u00fd souhlas s jejich dal\u0161\u00edm uchov\u00e1n\u00edm pro p\u0159\u00edpady kapacitn\u00edch zm\u011bn.\n<\/p>\n<p>V\u00edce o zpracov\u00e1n\u00ed osobn\u00edch \u00fadaj\u016f naleznete v informaci o zpracov\u00e1n\u00ed osobn\u00edch \u00fadaj\u016f dostupn\u00e9 na <a href=\"https:\/\/www.magic-hill.cz\/materska-skola\/pro-rodice-deti-ms\/dokumenty-a-gdpr\/\">webov\u00fdch str\u00e1nk\u00e1ch \u0161koly<\/a>.\n<\/p>\n<p><input class=\"wpcf7-form-control wpcf7-submit has-spinner\" type=\"submit\" value=\"Odeslat\" \/>\n<\/p><div class=\"wpcf7-response-output\" aria-hidden=\"true\"><\/div>\n<\/form>\n<\/div>\n\n\n<\/div>\n\n  <\/div>\n<\/div>\n\n\n  \n      <\/div>\n\n  <\/section>\n\n\n\n<p><\/p>\n","protected":false},"excerpt":{"rendered":"","protected":false},"author":1,"featured_media":0,"parent":2542,"menu_order":0,"comment_status":"closed","ping_status":"closed","template":"","meta":{"footnotes":""},"class_list":["post-2545","page","type-page","status-publish","hentry"],"yoast_head":"<!-- This site is optimized with the Yoast SEO plugin v25.9 - https:\/\/yoast.com\/wordpress\/plugins\/seo\/ -->\n<title>Pre-school application form - Magic Hill - \u0160kola, kde rosteme spolu.<\/title>\n<meta name=\"robots\" content=\"index, follow, max-snippet:-1, max-image-preview:large, max-video-preview:-1\" \/>\n<link rel=\"canonical\" href=\"https:\/\/www.magic-hill.cz\/materska-skola\/pro-zajemce-ms\/registracni-formular\/\" \/>\n<meta property=\"og:locale\" content=\"en_US\" \/>\n<meta property=\"og:type\" content=\"article\" \/>\n<meta property=\"og:title\" content=\"Pre-school application form - Magic Hill - \u0160kola, kde rosteme spolu.\" \/>\n<meta property=\"og:url\" content=\"https:\/\/www.magic-hill.cz\/materska-skola\/pro-zajemce-ms\/registracni-formular\/\" \/>\n<meta property=\"og:site_name\" content=\"Magic Hill - \u0160kola, kde rosteme spolu.\" \/>\n<meta property=\"article:modified_time\" content=\"2025-12-15T10:42:20+00:00\" \/>\n<meta property=\"og:image\" content=\"https:\/\/www.magic-hill.cz\/wp-content\/uploads\/2025\/12\/ChatGPT-Image-15.-12.-2025-11_27_00-1024x683.png\" \/>\n\t<meta property=\"og:image:width\" content=\"1024\" \/>\n\t<meta property=\"og:image:height\" content=\"683\" \/>\n\t<meta property=\"og:image:type\" content=\"image\/png\" \/>\n<meta name=\"twitter:card\" content=\"summary_large_image\" \/>\n<!-- \/ Yoast SEO plugin. -->","yoast_head_json":{"title":"Pre-school application form - Magic Hill - \u0160kola, kde rosteme spolu.","robots":{"index":"index","follow":"follow","max-snippet":"max-snippet:-1","max-image-preview":"max-image-preview:large","max-video-preview":"max-video-preview:-1"},"canonical":"https:\/\/www.magic-hill.cz\/materska-skola\/pro-zajemce-ms\/registracni-formular\/","og_locale":"en_US","og_type":"article","og_title":"Pre-school application form - Magic Hill - \u0160kola, kde rosteme spolu.","og_url":"https:\/\/www.magic-hill.cz\/materska-skola\/pro-zajemce-ms\/registracni-formular\/","og_site_name":"Magic Hill - \u0160kola, kde rosteme spolu.","article_modified_time":"2025-12-15T10:42:20+00:00","og_image":[{"width":1024,"height":683,"url":"https:\/\/www.magic-hill.cz\/wp-content\/uploads\/2025\/12\/ChatGPT-Image-15.-12.-2025-11_27_00-1024x683.png","type":"image\/png"}],"twitter_card":"summary_large_image","schema":{"@context":"https:\/\/schema.org","@graph":[{"@type":"WebPage","@id":"https:\/\/www.magic-hill.cz\/materska-skola\/pro-zajemce-ms\/registracni-formular\/","url":"https:\/\/www.magic-hill.cz\/materska-skola\/pro-zajemce-ms\/registracni-formular\/","name":"Pre-school application form - Magic Hill - \u0160kola, kde rosteme spolu.","isPartOf":{"@id":"https:\/\/www.magic-hill.cz\/en\/#website"},"datePublished":"2025-11-10T10:41:49+00:00","dateModified":"2025-12-15T10:42:20+00:00","breadcrumb":{"@id":"https:\/\/www.magic-hill.cz\/materska-skola\/pro-zajemce-ms\/registracni-formular\/#breadcrumb"},"inLanguage":"en-US","potentialAction":[{"@type":"ReadAction","target":["https:\/\/www.magic-hill.cz\/materska-skola\/pro-zajemce-ms\/registracni-formular\/"]}]},{"@type":"BreadcrumbList","@id":"https:\/\/www.magic-hill.cz\/materska-skola\/pro-zajemce-ms\/registracni-formular\/#breadcrumb","itemListElement":[{"@type":"ListItem","position":1,"name":"Dom\u016f","item":"https:\/\/www.magic-hill.cz\/en\/"},{"@type":"ListItem","position":2,"name":"Pre-school","item":"https:\/\/www.magic-hill.cz\/en\/materska-skola\/"},{"@type":"ListItem","position":3,"name":"For applicants","item":"https:\/\/www.magic-hill.cz\/en\/materska-skola\/pro-zajemce-ms\/"},{"@type":"ListItem","position":4,"name":"Pre-school application form"}]},{"@type":"WebSite","@id":"https:\/\/www.magic-hill.cz\/en\/#website","url":"https:\/\/www.magic-hill.cz\/en\/","name":"Magic Hill - \u0160kola, kde rosteme spolu.","description":"","potentialAction":[{"@type":"SearchAction","target":{"@type":"EntryPoint","urlTemplate":"https:\/\/www.magic-hill.cz\/en\/?s={search_term_string}"},"query-input":{"@type":"PropertyValueSpecification","valueRequired":true,"valueName":"search_term_string"}}],"inLanguage":"en-US"}]}},"_links":{"self":[{"href":"https:\/\/www.magic-hill.cz\/en\/wp-json\/wp\/v2\/pages\/2545","targetHints":{"allow":["GET"]}}],"collection":[{"href":"https:\/\/www.magic-hill.cz\/en\/wp-json\/wp\/v2\/pages"}],"about":[{"href":"https:\/\/www.magic-hill.cz\/en\/wp-json\/wp\/v2\/types\/page"}],"author":[{"embeddable":true,"href":"https:\/\/www.magic-hill.cz\/en\/wp-json\/wp\/v2\/users\/1"}],"replies":[{"embeddable":true,"href":"https:\/\/www.magic-hill.cz\/en\/wp-json\/wp\/v2\/comments?post=2545"}],"version-history":[{"count":5,"href":"https:\/\/www.magic-hill.cz\/en\/wp-json\/wp\/v2\/pages\/2545\/revisions"}],"predecessor-version":[{"id":3422,"href":"https:\/\/www.magic-hill.cz\/en\/wp-json\/wp\/v2\/pages\/2545\/revisions\/3422"}],"up":[{"embeddable":true,"href":"https:\/\/www.magic-hill.cz\/en\/wp-json\/wp\/v2\/pages\/2542"}],"wp:attachment":[{"href":"https:\/\/www.magic-hill.cz\/en\/wp-json\/wp\/v2\/media?parent=2545"}],"curies":[{"name":"wp","href":"https:\/\/api.w.org\/{rel}","templated":true}]}}